{"id":7474,"date":"2025-12-10T17:10:51","date_gmt":"2025-12-10T17:10:51","guid":{"rendered":"https:\/\/wildrovertours.com\/tour-privati-wild-rover\/"},"modified":"2025-12-16T01:17:22","modified_gmt":"2025-12-16T01:17:22","slug":"tour-privati-wild-rover","status":"publish","type":"page","link":"https:\/\/wildrovertours.com\/it\/tour-privati-wild-rover\/","title":{"rendered":"Tour privati"},"content":{"rendered":"\n<div class=\"wp-block-group page-intro wildtour-loops\"><div class=\"wp-block-group__inner-container is-layout-constrained wp-block-group-is-layout-constrained\">\n<div class=\"wp-block-group container\"><div class=\"wp-block-group__inner-container is-layout-constrained wp-block-group-is-layout-constrained\">\n<h5 class=\"wp-block-heading\">Se cerchi un modo pi\u00f9 personalizzato per esplorare l&#8217;Irlanda, i nostri tour privati offrono flessibilit\u00e0, comfort e un autista-guida dedicato che si concentra interamente sul tuo gruppo. Che tu viaggi in coppia, in famiglia o in un gruppo pi\u00f9 numeroso, creiamo itinerari su misura in base ai tuoi ritmi, interessi e orari. Dai castelli storici alle spettacolari coste e alle vivaci citt\u00e0, la tua giornata \u00e8 progettata esattamente come la desideri. Per semplificare la pianificazione, offriamo diversi percorsi popolari che possono essere personalizzati in qualsiasi modo tu voglia:    <\/h5>\n<\/div><\/div>\n<\/div><\/div>\n\n<div class=\"wp-block-group container wildtour-loops\"><div class=\"wp-block-group__inner-container is-layout-constrained wp-block-group-is-layout-constrained\">\n<\/div><\/div>\n\n<div class=\"wp-block-group container wildtour-loops\"><div class=\"wp-block-group__inner-container is-layout-constrained wp-block-group-is-layout-constrained\">\n<div class=\"wp-block-columns is-layout-flex wp-container-core-columns-is-layout-9d6595d7 wp-block-columns-is-layout-flex\">\n<div class=\"wp-block-column is-layout-flow wp-block-column-is-layout-flow\">\n<div class=\"wp-block-cover is-light\"><span aria-hidden=\"true\" class=\"wp-block-cover__background has-background-dim-0 has-background-dim\" style=\"background-color:#949b9c\"><\/span><img decoding=\"async\" width=\"1920\" height=\"1080\" class=\"wp-block-cover__image-background wp-image-7129 lazyload\" alt=\"\" data-src=\"https:\/\/wildrovertours.com\/wp-content\/uploads\/2025\/11\/Private-Tour.jpg\" data-object-fit=\"cover\" data-srcset=\"https:\/\/wildrovertours.com\/wp-content\/uploads\/2025\/11\/Private-Tour.jpg 1920w, https:\/\/wildrovertours.com\/wp-content\/uploads\/2025\/11\/Private-Tour-300x169.jpg 300w, https:\/\/wildrovertours.com\/wp-content\/uploads\/2025\/11\/Private-Tour-1024x576.jpg 1024w, https:\/\/wildrovertours.com\/wp-content\/uploads\/2025\/11\/Private-Tour-768x432.jpg 768w, https:\/\/wildrovertours.com\/wp-content\/uploads\/2025\/11\/Private-Tour-1536x864.jpg 1536w\" data-sizes=\"(max-width: 1920px) 100vw, 1920px\" src=\"data:image\/svg+xml;base64,PHN2ZyB3aWR0aD0iMSIgaGVpZ2h0PSIxIiB4bWxucz0iaHR0cDovL3d3dy53My5vcmcvMjAwMC9zdmciPjwvc3ZnPg==\" style=\"--smush-placeholder-width: 1920px; --smush-placeholder-aspect-ratio: 1920\/1080;\" \/><div class=\"wp-block-cover__inner-container is-layout-constrained wp-block-cover-is-layout-constrained\">\n<p class=\"has-text-align-center has-large-font-size\"><\/p>\n<\/div><\/div>\n<\/div>\n\n\n\n<div class=\"wp-block-column is-layout-flow wp-block-column-is-layout-flow\">\n<p>I nostri tour privati possono iniziare dal tuo alloggio a Dublino, Galway, Belfast o nella maggior parte delle principali localit\u00e0 in Irlanda. A seconda del tuo itinerario e delle dimensioni del gruppo, forniamo veicoli che vanno dalle comode berline ai mini o maxi pullman spaziosi. Tutti i tour privati sono guidati in inglese da guide professionali e di grande esperienza che conoscono a fondo la storia, la cultura e i paesaggi dell&#8217;Irlanda. Se hai bisogno di un traduttore aggiuntivo, possiamo informarci sulla disponibilit\u00e0 su richiesta.   <\/p>\n\n\n\n<p>Ogni itinerario pu\u00f2 essere personalizzato, ampliato o semplificato. Decidi tu l&#8217;obiettivo, che si tratti di antichi siti del patrimonio, di spettacolari scenari naturali, di cibo e artigianato locale o semplicemente di una rilassante gita panoramica. Ci occupiamo di tutta la logistica, dei tempi e degli ingressi in modo che tu possa goderti la giornata senza stress o pianificazione. Il tuo autista-guida gestir\u00e0 il percorso, fornir\u00e0 commenti dal vivo e garantir\u00e0 che l&#8217;esperienza si svolga senza intoppi dall&#8217;inizio alla fine.   <\/p>\n\n\n\n<p>Con pi\u00f9 di un decennio di esperienza e migliaia di recensioni a cinque stelle, Wild Rover Tours \u00e8 apprezzata dai visitatori di tutto il mondo. Prenotare un tour privato ti offre la stessa esperienza pluripremiata dei nostri tour di gruppo, con l&#8217;aggiunta del comfort, della privacy e dell&#8217;attenzione personale di una giornata completamente su misura, pensata apposta per te. <\/p>\n<\/div>\n<\/div>\n<\/div><\/div>\n\n<div class=\"wp-block-group container wildtour-loops\"><div class=\"wp-block-group__inner-container is-layout-constrained wp-block-group-is-layout-constrained\">\n<div class=\"wp-block-group tax-tour-highlight\"><div class=\"wp-block-group__inner-container is-layout-constrained wp-block-group-is-layout-constrained\">\n<p>Per iniziare a organizzare il tuo tour privato, contatta semplicemente il nostro team con le date e le idee che preferisci. Elaboreremo un piano su misura e forniremo un preventivo chiaro. Puoi contattarci direttamente all&#8217;indirizzo <a href=\"mailto:private@wildrovertours.com\"><strong>private@wildrovertours.com<\/strong><\/a>  <\/p>\n<\/div><\/div>\n<\/div><\/div>\n","protected":false},"excerpt":{"rendered":"<p>Se cerchi un modo pi\u00f9 personalizzato per esplorare l&#8217;Irlanda, i nostri tour privati offrono flessibilit\u00e0, comfort e un autista-guida dedicato che si concentra interamente sul tuo gruppo. Che tu viaggi in coppia, in famiglia o in un gruppo pi\u00f9 numeroso, creiamo itinerari su misura in base ai tuoi ritmi, interessi e orari. Dai castelli storici &#8230;<\/p>\n<p><a class=\"btn btn-secondary\" href=\"https:\/\/wildrovertours.com\/it\/tour-privati-wild-rover\/\">Read More<\/a><\/p>\n","protected":false},"author":1,"featured_media":0,"parent":0,"menu_order":0,"comment_status":"closed","ping_status":"closed","template":"page-templates\/fullwidthpage.php","meta":{"content-type":"","footnotes":""},"class_list":["post-7474","page","type-page","status-publish","hentry"],"yoast_head":"<!-- This site is optimized with the Yoast SEO plugin v26.8 - https:\/\/yoast.com\/product\/yoast-seo-wordpress\/ -->\n<title>Tour privati - Wild Rover Tours<\/title>\n<meta name=\"robots\" content=\"index, follow, max-snippet:-1, max-image-preview:large, max-video-preview:-1\" \/>\n<link rel=\"canonical\" href=\"\/\" \/>\n<meta property=\"og:locale\" content=\"it_IT\" \/>\n<meta property=\"og:type\" content=\"article\" \/>\n<meta property=\"og:title\" content=\"Tour privati - Wild Rover Tours\" \/>\n<meta property=\"og:description\" content=\"Se cerchi un modo pi\u00f9 personalizzato per esplorare l&#8217;Irlanda, i nostri tour privati offrono flessibilit\u00e0, comfort e un autista-guida dedicato che si concentra interamente sul tuo gruppo. Che tu viaggi in coppia, in famiglia o in un gruppo pi\u00f9 numeroso, creiamo itinerari su misura in base ai tuoi ritmi, interessi e orari. Dai castelli storici ...Read More\" \/>\n<meta property=\"og:url\" content=\"https:\/\/wildrovertours.com\/it\/tour-privati-wild-rover\/\" \/>\n<meta property=\"og:site_name\" content=\"Wild Rover Tours\" \/>\n<meta property=\"article:publisher\" content=\"https:\/\/www.facebook.com\/WildRoverDayToursIreland\/\" \/>\n<meta property=\"article:modified_time\" content=\"2025-12-16T01:17:22+00:00\" \/>\n<meta property=\"og:image\" content=\"https:\/\/wildrovertours.com\/wp-content\/uploads\/2025\/11\/Private-Tour.jpg\" \/>\n\t<meta property=\"og:image:width\" content=\"1920\" \/>\n\t<meta property=\"og:image:height\" content=\"1080\" \/>\n\t<meta property=\"og:image:type\" content=\"image\/jpeg\" \/>\n<meta name=\"twitter:card\" content=\"summary_large_image\" \/>\n<meta name=\"twitter:site\" content=\"@WildRoverTours\" \/>\n<script type=\"application\/ld+json\" class=\"yoast-schema-graph\">{\"@context\":\"https:\/\/schema.org\",\"@graph\":[{\"@type\":\"WebPage\",\"@id\":\"https:\/\/wildrovertours.com\/it\/tour-privati-wild-rover\/\",\"url\":\"https:\/\/wildrovertours.com\/it\/tour-privati-wild-rover\/\",\"name\":\"Tour privati - Wild Rover Tours\",\"isPartOf\":{\"@id\":\"https:\/\/wildrovertours.com\/it\/#website\"},\"primaryImageOfPage\":{\"@id\":\"https:\/\/wildrovertours.com\/it\/tour-privati-wild-rover\/#primaryimage\"},\"image\":{\"@id\":\"https:\/\/wildrovertours.com\/it\/tour-privati-wild-rover\/#primaryimage\"},\"thumbnailUrl\":\"https:\/\/wildrovertours.com\/wp-content\/uploads\/2025\/11\/Private-Tour.jpg\",\"datePublished\":\"2025-12-10T17:10:51+00:00\",\"dateModified\":\"2025-12-16T01:17:22+00:00\",\"breadcrumb\":{\"@id\":\"https:\/\/wildrovertours.com\/it\/tour-privati-wild-rover\/#breadcrumb\"},\"inLanguage\":\"it-IT\",\"potentialAction\":[{\"@type\":\"ReadAction\",\"target\":[\"https:\/\/wildrovertours.com\/it\/tour-privati-wild-rover\/\"]}]},{\"@type\":\"ImageObject\",\"inLanguage\":\"it-IT\",\"@id\":\"https:\/\/wildrovertours.com\/it\/tour-privati-wild-rover\/#primaryimage\",\"url\":\"https:\/\/wildrovertours.com\/wp-content\/uploads\/2025\/11\/Private-Tour.jpg\",\"contentUrl\":\"https:\/\/wildrovertours.com\/wp-content\/uploads\/2025\/11\/Private-Tour.jpg\"},{\"@type\":\"BreadcrumbList\",\"@id\":\"https:\/\/wildrovertours.com\/it\/tour-privati-wild-rover\/#breadcrumb\",\"itemListElement\":[{\"@type\":\"ListItem\",\"position\":1,\"name\":\"Home\",\"item\":\"https:\/\/wildrovertours.com\/it\/\"},{\"@type\":\"ListItem\",\"position\":2,\"name\":\"Tour privati\"}]},{\"@type\":\"WebSite\",\"@id\":\"https:\/\/wildrovertours.com\/it\/#website\",\"url\":\"https:\/\/wildrovertours.com\/it\/\",\"name\":\"Wild Rover Tours\",\"description\":\"Day trips, activities and multi-day tours in Ireland\",\"publisher\":{\"@id\":\"https:\/\/wildrovertours.com\/it\/#organization\"},\"potentialAction\":[{\"@type\":\"SearchAction\",\"target\":{\"@type\":\"EntryPoint\",\"urlTemplate\":\"https:\/\/wildrovertours.com\/it\/?s={search_term_string}\"},\"query-input\":{\"@type\":\"PropertyValueSpecification\",\"valueRequired\":true,\"valueName\":\"search_term_string\"}}],\"inLanguage\":\"it-IT\"},{\"@type\":\"Organization\",\"@id\":\"https:\/\/wildrovertours.com\/it\/#organization\",\"name\":\"Wild Rover Tours\",\"url\":\"https:\/\/wildrovertours.com\/it\/\",\"logo\":{\"@type\":\"ImageObject\",\"inLanguage\":\"it-IT\",\"@id\":\"https:\/\/wildrovertours.com\/it\/#\/schema\/logo\/image\/\",\"url\":\"https:\/\/wildrovertours.com\/wp-content\/uploads\/2018\/02\/wrt-logo2.jpg\",\"contentUrl\":\"https:\/\/wildrovertours.com\/wp-content\/uploads\/2018\/02\/wrt-logo2.jpg\",\"width\":150,\"height\":150,\"caption\":\"Wild Rover Tours\"},\"image\":{\"@id\":\"https:\/\/wildrovertours.com\/it\/#\/schema\/logo\/image\/\"},\"sameAs\":[\"https:\/\/www.facebook.com\/WildRoverDayToursIreland\/\",\"https:\/\/x.com\/WildRoverTours\",\"https:\/\/www.instagram.com\/wild_rover_tours\/\",\"https:\/\/www.pinterest.ie\/wildrovertours1\/?eq=wildrover&amp;amp;amp;amp;etslf=6690\/\",\"https:\/\/www.youtube.com\/user\/WildRoverDayTours\/?sub_confirmation=1\"]}]}<\/script>\n<!-- \/ Yoast SEO plugin. -->","yoast_head_json":{"title":"Tour privati - Wild Rover Tours","robots":{"index":"index","follow":"follow","max-snippet":"max-snippet:-1","max-image-preview":"max-image-preview:large","max-video-preview":"max-video-preview:-1"},"canonical":"\/","og_locale":"it_IT","og_type":"article","og_title":"Tour privati - Wild Rover Tours","og_description":"Se cerchi un modo pi\u00f9 personalizzato per esplorare l&#8217;Irlanda, i nostri tour privati offrono flessibilit\u00e0, comfort e un autista-guida dedicato che si concentra interamente sul tuo gruppo. Che tu viaggi in coppia, in famiglia o in un gruppo pi\u00f9 numeroso, creiamo itinerari su misura in base ai tuoi ritmi, interessi e orari. Dai castelli storici ...Read More","og_url":"https:\/\/wildrovertours.com\/it\/tour-privati-wild-rover\/","og_site_name":"Wild Rover Tours","article_publisher":"https:\/\/www.facebook.com\/WildRoverDayToursIreland\/","article_modified_time":"2025-12-16T01:17:22+00:00","og_image":[{"width":1920,"height":1080,"url":"https:\/\/wildrovertours.com\/wp-content\/uploads\/2025\/11\/Private-Tour.jpg","type":"image\/jpeg"}],"twitter_card":"summary_large_image","twitter_site":"@WildRoverTours","schema":{"@context":"https:\/\/schema.org","@graph":[{"@type":"WebPage","@id":"https:\/\/wildrovertours.com\/it\/tour-privati-wild-rover\/","url":"https:\/\/wildrovertours.com\/it\/tour-privati-wild-rover\/","name":"Tour privati - Wild Rover Tours","isPartOf":{"@id":"https:\/\/wildrovertours.com\/it\/#website"},"primaryImageOfPage":{"@id":"https:\/\/wildrovertours.com\/it\/tour-privati-wild-rover\/#primaryimage"},"image":{"@id":"https:\/\/wildrovertours.com\/it\/tour-privati-wild-rover\/#primaryimage"},"thumbnailUrl":"https:\/\/wildrovertours.com\/wp-content\/uploads\/2025\/11\/Private-Tour.jpg","datePublished":"2025-12-10T17:10:51+00:00","dateModified":"2025-12-16T01:17:22+00:00","breadcrumb":{"@id":"https:\/\/wildrovertours.com\/it\/tour-privati-wild-rover\/#breadcrumb"},"inLanguage":"it-IT","potentialAction":[{"@type":"ReadAction","target":["https:\/\/wildrovertours.com\/it\/tour-privati-wild-rover\/"]}]},{"@type":"ImageObject","inLanguage":"it-IT","@id":"https:\/\/wildrovertours.com\/it\/tour-privati-wild-rover\/#primaryimage","url":"https:\/\/wildrovertours.com\/wp-content\/uploads\/2025\/11\/Private-Tour.jpg","contentUrl":"https:\/\/wildrovertours.com\/wp-content\/uploads\/2025\/11\/Private-Tour.jpg"},{"@type":"BreadcrumbList","@id":"https:\/\/wildrovertours.com\/it\/tour-privati-wild-rover\/#breadcrumb","itemListElement":[{"@type":"ListItem","position":1,"name":"Home","item":"https:\/\/wildrovertours.com\/it\/"},{"@type":"ListItem","position":2,"name":"Tour privati"}]},{"@type":"WebSite","@id":"https:\/\/wildrovertours.com\/it\/#website","url":"https:\/\/wildrovertours.com\/it\/","name":"Wild Rover Tours","description":"Day trips, activities and multi-day tours in Ireland","publisher":{"@id":"https:\/\/wildrovertours.com\/it\/#organization"},"potentialAction":[{"@type":"SearchAction","target":{"@type":"EntryPoint","urlTemplate":"https:\/\/wildrovertours.com\/it\/?s={search_term_string}"},"query-input":{"@type":"PropertyValueSpecification","valueRequired":true,"valueName":"search_term_string"}}],"inLanguage":"it-IT"},{"@type":"Organization","@id":"https:\/\/wildrovertours.com\/it\/#organization","name":"Wild Rover Tours","url":"https:\/\/wildrovertours.com\/it\/","logo":{"@type":"ImageObject","inLanguage":"it-IT","@id":"https:\/\/wildrovertours.com\/it\/#\/schema\/logo\/image\/","url":"https:\/\/wildrovertours.com\/wp-content\/uploads\/2018\/02\/wrt-logo2.jpg","contentUrl":"https:\/\/wildrovertours.com\/wp-content\/uploads\/2018\/02\/wrt-logo2.jpg","width":150,"height":150,"caption":"Wild Rover Tours"},"image":{"@id":"https:\/\/wildrovertours.com\/it\/#\/schema\/logo\/image\/"},"sameAs":["https:\/\/www.facebook.com\/WildRoverDayToursIreland\/","https:\/\/x.com\/WildRoverTours","https:\/\/www.instagram.com\/wild_rover_tours\/","https:\/\/www.pinterest.ie\/wildrovertours1\/?eq=wildrover&amp;amp;amp;amp;etslf=6690\/","https:\/\/www.youtube.com\/user\/WildRoverDayTours\/?sub_confirmation=1"]}]}},"_links":{"self":[{"href":"https:\/\/wildrovertours.com\/it\/wp-json\/wp\/v2\/pages\/7474","targetHints":{"allow":["GET"]}}],"collection":[{"href":"https:\/\/wildrovertours.com\/it\/wp-json\/wp\/v2\/pages"}],"about":[{"href":"https:\/\/wildrovertours.com\/it\/wp-json\/wp\/v2\/types\/page"}],"author":[{"embeddable":true,"href":"https:\/\/wildrovertours.com\/it\/wp-json\/wp\/v2\/users\/1"}],"replies":[{"embeddable":true,"href":"https:\/\/wildrovertours.com\/it\/wp-json\/wp\/v2\/comments?post=7474"}],"version-history":[{"count":5,"href":"https:\/\/wildrovertours.com\/it\/wp-json\/wp\/v2\/pages\/7474\/revisions"}],"predecessor-version":[{"id":7534,"href":"https:\/\/wildrovertours.com\/it\/wp-json\/wp\/v2\/pages\/7474\/revisions\/7534"}],"wp:attachment":[{"href":"https:\/\/wildrovertours.com\/it\/wp-json\/wp\/v2\/media?parent=7474"}],"curies":[{"name":"wp","href":"https:\/\/api.w.org\/{rel}","templated":true}]}}