{"id":6843,"date":"2020-04-07T10:17:20","date_gmt":"2020-04-07T09:17:20","guid":{"rendered":"https:\/\/wildrovertours.com\/home\/"},"modified":"2025-12-16T02:11:59","modified_gmt":"2025-12-16T02:11:59","slug":"home","status":"publish","type":"page","link":"https:\/\/wildrovertours.com\/it\/","title":{"rendered":"Home"},"content":{"rendered":"\n<div class=\"wp-block-group section-aboutus container\"><div class=\"wp-block-group__inner-container is-layout-constrained wp-block-group-is-layout-constrained\">\n<h2 class=\"wp-block-heading has-text-align-center\">Chi siamo<\/h2>\n\n\n\n<div class=\"wp-block-columns is-layout-flex wp-container-core-columns-is-layout-9d6595d7 wp-block-columns-is-layout-flex\">\n<div class=\"wp-block-column is-layout-flow wp-block-column-is-layout-flow\">\n<h4 class=\"wp-block-heading\">Inizia la tua avventura con Wild Rover Tours, la compagnia di tour numero 1 in Irlanda.<\/h4>\n<\/div>\n\n\n\n<div class=\"wp-block-column is-layout-flow wp-block-column-is-layout-flow\">\n<h5 class=\"wp-block-heading\">Le migliori avventure portano a grandi storie.<\/h5>\n\n\n\n<p>L&#8217;Irlanda \u00e8 un paese di persone ben note come la terra di poeti, narratori, musicisti, attori, miti, leggende e, naturalmente, \u201cCRAIC\u201d. <\/p>\n\n\n\n<p>Wild Rover Tours \u00e8 l&#8217;unica compagnia di tour giornalieri in Irlanda ad assumere sia un autista che una guida nei nostri tour giornalieri. Mentre i nostri autisti garantiscono la tua sicurezza, le nostre guide, tutti narratori, ti terranno intrattenuto grazie alla loro conoscenza approfondita della storia e del folklore irlandese. <\/p>\n\n\n\n<p>Offriamo una politica di cancellazione gratuita fino a 24 ore prima e una garanzia del miglior prezzo quando prenoti direttamente. Prenota oggi stesso il tuo tour con Wild Rover! <\/p>\n<\/div>\n<\/div>\n\n\n\n<hr class=\"wp-block-separator has-alpha-channel-opacity\"\/>\n\n\n\n<div class=\"wp-block-columns is-layout-flex wp-container-core-columns-is-layout-9d6595d7 wp-block-columns-is-layout-flex\">\n<div class=\"wp-block-column is-layout-flow wp-block-column-is-layout-flow\">\n<figure class=\"wp-block-gallery has-nested-images columns-2 wp-block-gallery-1 is-layout-flex wp-block-gallery-is-layout-flex\" id=\"tripadvisor-awards\">\n<figure class=\"wp-block-image size-full\"><img decoding=\"async\" width=\"157\" height=\"157\" data-id=\"6369\" data-src=\"https:\/\/wildrovertours.com\/wp-content\/uploads\/2025\/09\/Group-1000001860.png\" alt=\"\" class=\"wp-image-6369 lazyload\" data-srcset=\"https:\/\/wildrovertours.com\/wp-content\/uploads\/2025\/09\/Group-1000001860.png 157w, https:\/\/wildrovertours.com\/wp-content\/uploads\/2025\/09\/Group-1000001860-150x150.png 150w\" data-sizes=\"(max-width: 157px) 100vw, 157px\" src=\"data:image\/svg+xml;base64,PHN2ZyB3aWR0aD0iMSIgaGVpZ2h0PSIxIiB4bWxucz0iaHR0cDovL3d3dy53My5vcmcvMjAwMC9zdmciPjwvc3ZnPg==\" style=\"--smush-placeholder-width: 157px; --smush-placeholder-aspect-ratio: 157\/157;\" \/><\/figure>\n\n\n\n<figure class=\"wp-block-image size-full\"><img decoding=\"async\" width=\"157\" height=\"157\" data-id=\"6374\" data-src=\"https:\/\/wildrovertours.com\/wp-content\/uploads\/2025\/09\/Group-1000001857.png\" alt=\"\" class=\"wp-image-6374 lazyload\" data-srcset=\"https:\/\/wildrovertours.com\/wp-content\/uploads\/2025\/09\/Group-1000001857.png 157w, https:\/\/wildrovertours.com\/wp-content\/uploads\/2025\/09\/Group-1000001857-150x150.png 150w\" data-sizes=\"(max-width: 157px) 100vw, 157px\" src=\"data:image\/svg+xml;base64,PHN2ZyB3aWR0aD0iMSIgaGVpZ2h0PSIxIiB4bWxucz0iaHR0cDovL3d3dy53My5vcmcvMjAwMC9zdmciPjwvc3ZnPg==\" style=\"--smush-placeholder-width: 157px; --smush-placeholder-aspect-ratio: 157\/157;\" \/><\/figure>\n\n\n\n<figure class=\"wp-block-image size-full\"><img decoding=\"async\" width=\"157\" height=\"157\" data-id=\"6379\" data-src=\"https:\/\/wildrovertours.com\/wp-content\/uploads\/2025\/09\/Group-1000001857-1.png\" alt=\"\" class=\"wp-image-6379 lazyload\" data-srcset=\"https:\/\/wildrovertours.com\/wp-content\/uploads\/2025\/09\/Group-1000001857-1.png 157w, https:\/\/wildrovertours.com\/wp-content\/uploads\/2025\/09\/Group-1000001857-1-150x150.png 150w\" data-sizes=\"(max-width: 157px) 100vw, 157px\" src=\"data:image\/svg+xml;base64,PHN2ZyB3aWR0aD0iMSIgaGVpZ2h0PSIxIiB4bWxucz0iaHR0cDovL3d3dy53My5vcmcvMjAwMC9zdmciPjwvc3ZnPg==\" style=\"--smush-placeholder-width: 157px; --smush-placeholder-aspect-ratio: 157\/157;\" \/><\/figure>\n\n\n\n<figure class=\"wp-block-image size-full\"><img decoding=\"async\" width=\"157\" height=\"157\" data-id=\"6384\" data-src=\"https:\/\/wildrovertours.com\/wp-content\/uploads\/2025\/09\/Group-1000001860-1.png\" alt=\"\" class=\"wp-image-6384 lazyload\" data-srcset=\"https:\/\/wildrovertours.com\/wp-content\/uploads\/2025\/09\/Group-1000001860-1.png 157w, https:\/\/wildrovertours.com\/wp-content\/uploads\/2025\/09\/Group-1000001860-1-150x150.png 150w\" data-sizes=\"(max-width: 157px) 100vw, 157px\" src=\"data:image\/svg+xml;base64,PHN2ZyB3aWR0aD0iMSIgaGVpZ2h0PSIxIiB4bWxucz0iaHR0cDovL3d3dy53My5vcmcvMjAwMC9zdmciPjwvc3ZnPg==\" style=\"--smush-placeholder-width: 157px; --smush-placeholder-aspect-ratio: 157\/157;\" \/><\/figure>\n<\/figure>\n<\/div>\n\n\n\n<div class=\"wp-block-column is-layout-flow wp-block-column-is-layout-flow\">\n<h5 class=\"wp-block-heading\">Premio Travellers&#8217; Choice di TripAdvisor 2013-2024 per l&#8217;Irlanda<\/h5>\n\n\n\n<p>Ogni anno per 11 anni consecutivi Wild Rover Tours \u00e8 stata recensita e valutata come la migliore compagnia di tour in Irlanda.<\/p>\n\n\n\n<hr class=\"wp-block-separator has-alpha-channel-opacity w-50\"\/>\n\n\n\n<h5 class=\"wp-block-heading\">2\u00b0 miglior gita giornaliera al mondo<\/h5>\n\n\n\n<p>Premio TripAdvisor Choice 2020 nella categoria &#8220;Migliori esperienze culturali&#8221;.<\/p>\n\n\n\n<hr class=\"wp-block-separator has-alpha-channel-opacity w-50\"\/>\n\n\n\n<h5 class=\"wp-block-heading\">Premio Travellers&#8217; Choice di TripAdvisor 2023 per il Nord Europa<\/h5>\n\n\n\n<p>Wild Rover Tours \u00e8 elencata tra le prime 20 attivit\u00e0 ed \u00e8 l&#8217;unica compagnia di tour ad aver ricevuto questo riconoscimento.<\/p>\n<\/div>\n<\/div>\n<\/div><\/div>\n","protected":false},"excerpt":{"rendered":"<p>Chi siamo Inizia la tua avventura con Wild Rover Tours, la compagnia di tour numero 1 in Irlanda. Le migliori avventure portano a grandi storie. L&#8217;Irlanda \u00e8 un paese di persone ben note come la terra di poeti, narratori, musicisti, attori, miti, leggende e, naturalmente, \u201cCRAIC\u201d. Wild Rover Tours \u00e8 l&#8217;unica compagnia di tour giornalieri &#8230;<\/p>\n<p><a class=\"btn btn-secondary\" href=\"https:\/\/wildrovertours.com\/it\/\">Read More<\/a><\/p>\n","protected":false},"author":1,"featured_media":7132,"parent":0,"menu_order":0,"comment_status":"closed","ping_status":"closed","template":"page-templates\/front-page.php","meta":{"content-type":"","footnotes":""},"class_list":["post-6843","page","type-page","status-publish","has-post-thumbnail","hentry"],"yoast_head":"<!-- This site is optimized with the Yoast SEO plugin v26.8 - https:\/\/yoast.com\/product\/yoast-seo-wordpress\/ -->\n<title>Wild Rover Tours | Eletti &quot;Migliori tour giornalieri in Irlanda&quot;<\/title>\n<meta name=\"description\" content=\"Prenota tour giornalieri pluripremiati con Wild Rover Tours, la compagnia leader in Irlanda per le gite di un giorno. Miglior prezzo garantito. Cancellazione gratuita. Prenota ora.\" \/>\n<meta name=\"robots\" content=\"index, follow, max-snippet:-1, max-image-preview:large, max-video-preview:-1\" \/>\n<link rel=\"canonical\" href=\"\/\" \/>\n<meta property=\"og:locale\" content=\"it_IT\" \/>\n<meta property=\"og:type\" content=\"article\" \/>\n<meta property=\"og:title\" content=\"Wild Rover Tours | Eletti &quot;Migliori tour giornalieri in Irlanda&quot;\" \/>\n<meta property=\"og:description\" content=\"Prenota tour giornalieri pluripremiati con Wild Rover Tours, la compagnia leader in Irlanda per le gite di un giorno. Miglior prezzo garantito. Cancellazione gratuita. Prenota ora.\" \/>\n<meta property=\"og:url\" content=\"https:\/\/wildrovertours.com\/it\/\" \/>\n<meta property=\"og:site_name\" content=\"Wild Rover Tours\" \/>\n<meta property=\"article:publisher\" content=\"https:\/\/www.facebook.com\/WildRoverDayToursIreland\/\" \/>\n<meta property=\"article:modified_time\" content=\"2025-12-16T02:11:59+00:00\" \/>\n<meta property=\"og:image\" content=\"https:\/\/wildrovertours.com\/wp-content\/uploads\/2025\/11\/Homepage-Cliffs-Giants-Belfast-Glendalough.jpg\" \/>\n\t<meta property=\"og:image:width\" content=\"1920\" \/>\n\t<meta property=\"og:image:height\" content=\"1080\" \/>\n\t<meta property=\"og:image:type\" content=\"image\/jpeg\" \/>\n<meta name=\"twitter:card\" content=\"summary_large_image\" \/>\n<meta name=\"twitter:site\" content=\"@WildRoverTours\" \/>\n<meta name=\"twitter:label1\" content=\"Tempo di lettura stimato\" \/>\n\t<meta name=\"twitter:data1\" content=\"3 minuti\" \/>\n<script type=\"application\/ld+json\" class=\"yoast-schema-graph\">{\"@context\":\"https:\/\/schema.org\",\"@graph\":[{\"@type\":\"WebPage\",\"@id\":\"https:\/\/wildrovertours.com\/it\/\",\"url\":\"https:\/\/wildrovertours.com\/it\/\",\"name\":\"Wild Rover Tours | Eletti \\\"Migliori tour giornalieri in Irlanda\\\"\",\"isPartOf\":{\"@id\":\"https:\/\/wildrovertours.com\/it\/#website\"},\"primaryImageOfPage\":{\"@id\":\"https:\/\/wildrovertours.com\/it\/#primaryimage\"},\"image\":{\"@id\":\"https:\/\/wildrovertours.com\/it\/#primaryimage\"},\"thumbnailUrl\":\"https:\/\/wildrovertours.com\/wp-content\/uploads\/2025\/11\/Homepage-Cliffs-Giants-Belfast-Glendalough.jpg\",\"datePublished\":\"2020-04-07T09:17:20+00:00\",\"dateModified\":\"2025-12-16T02:11:59+00:00\",\"description\":\"Prenota tour giornalieri pluripremiati con Wild Rover Tours, la compagnia leader in Irlanda per le gite di un giorno. Miglior prezzo garantito. Cancellazione gratuita. Prenota ora.\",\"breadcrumb\":{\"@id\":\"https:\/\/wildrovertours.com\/it\/#breadcrumb\"},\"inLanguage\":\"it-IT\",\"potentialAction\":[{\"@type\":\"ReadAction\",\"target\":[\"https:\/\/wildrovertours.com\/it\/\"]}]},{\"@type\":\"ImageObject\",\"inLanguage\":\"it-IT\",\"@id\":\"https:\/\/wildrovertours.com\/it\/#primaryimage\",\"url\":\"https:\/\/wildrovertours.com\/wp-content\/uploads\/2025\/11\/Homepage-Cliffs-Giants-Belfast-Glendalough.jpg\",\"contentUrl\":\"https:\/\/wildrovertours.com\/wp-content\/uploads\/2025\/11\/Homepage-Cliffs-Giants-Belfast-Glendalough.jpg\",\"width\":1920,\"height\":1080},{\"@type\":\"BreadcrumbList\",\"@id\":\"https:\/\/wildrovertours.com\/it\/#breadcrumb\",\"itemListElement\":[{\"@type\":\"ListItem\",\"position\":1,\"name\":\"Home\",\"item\":\"https:\/\/wildrovertours.com\/it\/\"},{\"@type\":\"ListItem\",\"position\":2,\"name\":\"Home\"}]},{\"@type\":\"WebSite\",\"@id\":\"https:\/\/wildrovertours.com\/it\/#website\",\"url\":\"https:\/\/wildrovertours.com\/it\/\",\"name\":\"Wild Rover Tours\",\"description\":\"Day trips, activities and multi-day tours in Ireland\",\"publisher\":{\"@id\":\"https:\/\/wildrovertours.com\/it\/#organization\"},\"potentialAction\":[{\"@type\":\"SearchAction\",\"target\":{\"@type\":\"EntryPoint\",\"urlTemplate\":\"https:\/\/wildrovertours.com\/it\/?s={search_term_string}\"},\"query-input\":{\"@type\":\"PropertyValueSpecification\",\"valueRequired\":true,\"valueName\":\"search_term_string\"}}],\"inLanguage\":\"it-IT\"},{\"@type\":\"Organization\",\"@id\":\"https:\/\/wildrovertours.com\/it\/#organization\",\"name\":\"Wild Rover Tours\",\"url\":\"https:\/\/wildrovertours.com\/it\/\",\"logo\":{\"@type\":\"ImageObject\",\"inLanguage\":\"it-IT\",\"@id\":\"https:\/\/wildrovertours.com\/it\/#\/schema\/logo\/image\/\",\"url\":\"https:\/\/wildrovertours.com\/wp-content\/uploads\/2018\/02\/wrt-logo2.jpg\",\"contentUrl\":\"https:\/\/wildrovertours.com\/wp-content\/uploads\/2018\/02\/wrt-logo2.jpg\",\"width\":150,\"height\":150,\"caption\":\"Wild Rover Tours\"},\"image\":{\"@id\":\"https:\/\/wildrovertours.com\/it\/#\/schema\/logo\/image\/\"},\"sameAs\":[\"https:\/\/www.facebook.com\/WildRoverDayToursIreland\/\",\"https:\/\/x.com\/WildRoverTours\",\"https:\/\/www.instagram.com\/wild_rover_tours\/\",\"https:\/\/www.pinterest.ie\/wildrovertours1\/?eq=wildrover&amp;amp;amp;amp;etslf=6690\/\",\"https:\/\/www.youtube.com\/user\/WildRoverDayTours\/?sub_confirmation=1\"]}]}<\/script>\n<!-- \/ Yoast SEO plugin. -->","yoast_head_json":{"title":"Wild Rover Tours | Eletti \"Migliori tour giornalieri in Irlanda\"","description":"Prenota tour giornalieri pluripremiati con Wild Rover Tours, la compagnia leader in Irlanda per le gite di un giorno. Miglior prezzo garantito. Cancellazione gratuita. Prenota ora.","robots":{"index":"index","follow":"follow","max-snippet":"max-snippet:-1","max-image-preview":"max-image-preview:large","max-video-preview":"max-video-preview:-1"},"canonical":"\/","og_locale":"it_IT","og_type":"article","og_title":"Wild Rover Tours | Eletti \"Migliori tour giornalieri in Irlanda\"","og_description":"Prenota tour giornalieri pluripremiati con Wild Rover Tours, la compagnia leader in Irlanda per le gite di un giorno. Miglior prezzo garantito. Cancellazione gratuita. Prenota ora.","og_url":"https:\/\/wildrovertours.com\/it\/","og_site_name":"Wild Rover Tours","article_publisher":"https:\/\/www.facebook.com\/WildRoverDayToursIreland\/","article_modified_time":"2025-12-16T02:11:59+00:00","og_image":[{"width":1920,"height":1080,"url":"https:\/\/wildrovertours.com\/wp-content\/uploads\/2025\/11\/Homepage-Cliffs-Giants-Belfast-Glendalough.jpg","type":"image\/jpeg"}],"twitter_card":"summary_large_image","twitter_site":"@WildRoverTours","twitter_misc":{"Tempo di lettura stimato":"3 minuti"},"schema":{"@context":"https:\/\/schema.org","@graph":[{"@type":"WebPage","@id":"https:\/\/wildrovertours.com\/it\/","url":"https:\/\/wildrovertours.com\/it\/","name":"Wild Rover Tours | Eletti \"Migliori tour giornalieri in Irlanda\"","isPartOf":{"@id":"https:\/\/wildrovertours.com\/it\/#website"},"primaryImageOfPage":{"@id":"https:\/\/wildrovertours.com\/it\/#primaryimage"},"image":{"@id":"https:\/\/wildrovertours.com\/it\/#primaryimage"},"thumbnailUrl":"https:\/\/wildrovertours.com\/wp-content\/uploads\/2025\/11\/Homepage-Cliffs-Giants-Belfast-Glendalough.jpg","datePublished":"2020-04-07T09:17:20+00:00","dateModified":"2025-12-16T02:11:59+00:00","description":"Prenota tour giornalieri pluripremiati con Wild Rover Tours, la compagnia leader in Irlanda per le gite di un giorno. Miglior prezzo garantito. Cancellazione gratuita. Prenota ora.","breadcrumb":{"@id":"https:\/\/wildrovertours.com\/it\/#breadcrumb"},"inLanguage":"it-IT","potentialAction":[{"@type":"ReadAction","target":["https:\/\/wildrovertours.com\/it\/"]}]},{"@type":"ImageObject","inLanguage":"it-IT","@id":"https:\/\/wildrovertours.com\/it\/#primaryimage","url":"https:\/\/wildrovertours.com\/wp-content\/uploads\/2025\/11\/Homepage-Cliffs-Giants-Belfast-Glendalough.jpg","contentUrl":"https:\/\/wildrovertours.com\/wp-content\/uploads\/2025\/11\/Homepage-Cliffs-Giants-Belfast-Glendalough.jpg","width":1920,"height":1080},{"@type":"BreadcrumbList","@id":"https:\/\/wildrovertours.com\/it\/#breadcrumb","itemListElement":[{"@type":"ListItem","position":1,"name":"Home","item":"https:\/\/wildrovertours.com\/it\/"},{"@type":"ListItem","position":2,"name":"Home"}]},{"@type":"WebSite","@id":"https:\/\/wildrovertours.com\/it\/#website","url":"https:\/\/wildrovertours.com\/it\/","name":"Wild Rover Tours","description":"Day trips, activities and multi-day tours in Ireland","publisher":{"@id":"https:\/\/wildrovertours.com\/it\/#organization"},"potentialAction":[{"@type":"SearchAction","target":{"@type":"EntryPoint","urlTemplate":"https:\/\/wildrovertours.com\/it\/?s={search_term_string}"},"query-input":{"@type":"PropertyValueSpecification","valueRequired":true,"valueName":"search_term_string"}}],"inLanguage":"it-IT"},{"@type":"Organization","@id":"https:\/\/wildrovertours.com\/it\/#organization","name":"Wild Rover Tours","url":"https:\/\/wildrovertours.com\/it\/","logo":{"@type":"ImageObject","inLanguage":"it-IT","@id":"https:\/\/wildrovertours.com\/it\/#\/schema\/logo\/image\/","url":"https:\/\/wildrovertours.com\/wp-content\/uploads\/2018\/02\/wrt-logo2.jpg","contentUrl":"https:\/\/wildrovertours.com\/wp-content\/uploads\/2018\/02\/wrt-logo2.jpg","width":150,"height":150,"caption":"Wild Rover Tours"},"image":{"@id":"https:\/\/wildrovertours.com\/it\/#\/schema\/logo\/image\/"},"sameAs":["https:\/\/www.facebook.com\/WildRoverDayToursIreland\/","https:\/\/x.com\/WildRoverTours","https:\/\/www.instagram.com\/wild_rover_tours\/","https:\/\/www.pinterest.ie\/wildrovertours1\/?eq=wildrover&amp;amp;amp;amp;etslf=6690\/","https:\/\/www.youtube.com\/user\/WildRoverDayTours\/?sub_confirmation=1"]}]}},"_links":{"self":[{"href":"https:\/\/wildrovertours.com\/it\/wp-json\/wp\/v2\/pages\/6843","targetHints":{"allow":["GET"]}}],"collection":[{"href":"https:\/\/wildrovertours.com\/it\/wp-json\/wp\/v2\/pages"}],"about":[{"href":"https:\/\/wildrovertours.com\/it\/wp-json\/wp\/v2\/types\/page"}],"author":[{"embeddable":true,"href":"https:\/\/wildrovertours.com\/it\/wp-json\/wp\/v2\/users\/1"}],"replies":[{"embeddable":true,"href":"https:\/\/wildrovertours.com\/it\/wp-json\/wp\/v2\/comments?post=6843"}],"version-history":[{"count":1,"href":"https:\/\/wildrovertours.com\/it\/wp-json\/wp\/v2\/pages\/6843\/revisions"}],"predecessor-version":[{"id":6861,"href":"https:\/\/wildrovertours.com\/it\/wp-json\/wp\/v2\/pages\/6843\/revisions\/6861"}],"wp:featuredmedia":[{"embeddable":true,"href":"https:\/\/wildrovertours.com\/it\/wp-json\/wp\/v2\/media\/7132"}],"wp:attachment":[{"href":"https:\/\/wildrovertours.com\/it\/wp-json\/wp\/v2\/media?parent=6843"}],"curies":[{"name":"wp","href":"https:\/\/api.w.org\/{rel}","templated":true}]}}