{"id":6841,"date":"2020-05-14T14:45:52","date_gmt":"2020-05-14T13:45:52","guid":{"rendered":"https:\/\/wildrovertours.com\/offerte-speciali-sulle-gite-di-un-giorno-da-dublino\/"},"modified":"2025-12-03T00:48:04","modified_gmt":"2025-12-03T00:48:04","slug":"offerte-speciali-sulle-gite-di-un-giorno-da-dublino","status":"publish","type":"page","link":"https:\/\/wildrovertours.com\/it\/offerte-speciali-sulle-gite-di-un-giorno-da-dublino\/","title":{"rendered":"Offerte Speciali"},"content":{"rendered":"\n<h3 class=\"wp-block-heading\">Offerte speciali<\/h3>\n\n<p>Qui a Wild Rover Tours vogliamo che tutti i visitatori in Irlanda abbiano la migliore esperienza possibile. Ti garantiamo che pi\u00f9 vedrai, pi\u00f9 ti innamorerai del nostro paese unico. Con questo in mente, abbiamo creato delle fantastiche <strong>offerte speciali<\/strong> sui nostri <strong>tour giornalieri pluripremiati da Dublino<\/strong> di cui potrai approfittare quando prenoti con noi!  <\/p>\n\n<p>Ricorda che offriamo una <a href=\"https:\/\/wildrovertours.com\/best-price-guarantee\/\">Garanzia del Miglior Prezzo<\/a> \u2013 non troverai uno dei nostri tour a un prezzo inferiore altrove. I nostri tour includono anche la <a href=\"https:\/\/wildrovertours.com\/free-cancellation\/\">Cancellazione Gratuita<\/a> per una maggiore tranquillit\u00e0, nel caso i tuoi piani cambiassero. <\/p>\n\n<h3 class=\"wp-block-heading\">10% di sconto &#8211; quando prenoti 2 tour.<\/h3>\n\n<p>Pi\u00f9 vedrai la nostra splendida campagna, pi\u00f9 ti innamorerai dell&#8217;Irlanda. Abbiamo numerosi tour giornalieri pluripremiati da Dublino tra cui scegliere. Per aiutarti a vedere di pi\u00f9 dell&#8217;Irlanda, se prenoti un secondo tour giornaliero di Wild Rover Tours, ti offriremo uno <g id=\"gid_0\">sconto del 10%<\/g> su <g id=\"gid_1\">ENTRAMBI<\/g> i tour. Per usufruire di questa fantastica offerta speciale, prenota uno dei nostri pacchetti tour.   <\/p>\n\n<p class=\"has-text-align-left\"><strong>10% di sconto sui pacchetti<\/strong><\/p>\n\n<ul class=\"wp-block-list\">\n<li>Scogliere di Moher &amp; Galway + Wicklow, Glendalough e Kilkenny. <a href=\"https:\/\/wildrovertours.com\/activity\/cliffs-moher-wicklow-kilkenny\/\">Prenota ora<\/a>.<\/li>\n\n\n\n<li>Wicklow, Glendalough e Kilkenny + Irlanda del Nord. <a href=\"https:\/\/wildrovertours.com\/activity\/northern-ireland-wicklow-kilkenny\/\">Prenota ora<\/a>.<\/li>\n\n\n\n<li>Irlanda del Nord + Scogliere di Moher &amp; Galway. <a href=\"https:\/\/wildrovertours.com\/activity\/cliffs-of-moher-belfast\/\">Prenota ora<\/a>.<\/li>\n\n\n\n<li>Scogliere di Moher &amp; Bunratty + Wicklow, Glendalough e Kilkenny <a href=\"https:\/\/wildrovertours.com\/activity\/cliffs-of-moher-bunratty-wicklow-kilkenny\/\">prenota ora<\/a>.<\/li>\n\n\n\n<li>Irlanda del Nord + Scogliere di Moher &amp; Bunratty. <a href=\"https:\/\/wildrovertours.com\/activity\/cliffs-of-moher-bunratty-giants-causeway-belfast\/\">Prenota ora<\/a>.<\/li>\n<\/ul>\n\n<h3 class=\"wp-block-heading\">12,5% di sconto &#8211; pacchetto di 3 tour<\/h3>\n\n<p>Vuoi vedere il pi\u00f9 possibile dell&#8217;Irlanda durante il tuo soggiorno? Allora il nostro pacchetto di <strong>tre<\/strong> tour \u00e8 l&#8217;offerta giusta per te. Riceverai il 12,5% di sconto sull&#8217;intera prenotazione se prenoti il nostro pacchetto di 3 tour.   <\/p>\n\n<p><strong>12,5% di sconto sui pacchetti<\/strong><\/p>\n\n<p>Questo pacchetto di offerte speciali include tour giornalieri a:<\/p>\n\n<ul class=\"wp-block-list\">\n<li>Scogliere di Moher &amp; Galway o Scogliere di Moher &amp; Bunratty<\/li>\n\n\n\n<li>Wicklow, Glendalough e Kilkenny<\/li>\n\n\n\n<li>Irlanda del Nord<\/li>\n<\/ul>\n\n<p>Il nostro pacchetto di 3 tour rappresenta uno sconto del 12,5%. <\/p>\n\n<p>Prenota il pacchetto di 3 tour con <a href=\"https:\/\/wildrovertours.com\/activity\/cliffs-moher-belfast-wicklow\/\">Scogliere di Moher &amp; Galway<\/a>. Prenota il pacchetto di 3 tour con <a href=\"https:\/\/wildrovertours.com\/activity\/3-tour-special\/\">Scogliere di Moher &amp; Bunratty<\/a>. <\/p>\n\n<p><\/p>\n\n<h3 class=\"wp-block-heading\">15% di sconto per gruppi<\/h3>\n\n<p>Viaggi in gruppo? Offriamo uno <g id=\"gid_0\">sconto del 15% per gruppi<\/g> di 16 o pi\u00f9 persone. Prenota online e lo sconto verr\u00e0 applicato automaticamente quando vengono prenotati 16 o pi\u00f9 biglietti.  <\/p>\n\n<p>Offriamo anche <a href=\"https:\/\/wildrovertours.com\/private-tours\/\">tour privati<\/a>, molto popolari tra i gruppi. Se desideri saperne di pi\u00f9, invia la tua richiesta a info@wildrovertours.com e ti invieremo maggiori informazioni. I prezzi dipendono dagli itinerari scelti e dal numero di persone nel gruppo.  <\/p>\n\n<p><strong>Cambiamo e aggiorniamo regolarmente le offerte speciali, quindi prenota ora per evitare delusioni!<\/strong><\/p>\n\n<h2 class=\"wp-block-heading\">Altre offerte speciali <\/h2>\n\n<h3 class=\"wp-block-heading\">Tour in autobus Hop-on Hop-off di Dublino<\/h3>\n\n<p>20% di sconto <a href=\"https:\/\/wildrovertours.com\/activity\/hop-on-hop-off-dublin-sightseeing-bus-special\/\"><strong>Hop-on Hop-off<\/strong><\/a><strong> <\/strong>sui tour in autobus di Dublino. Ci sar\u00e0 uno <strong>sconto del 20% su tutti i tour turistici della citt\u00e0<\/strong>, valido sia per la compagnia <a href=\"https:\/\/wildrovertours.com\/activity\/hop-on-hop-off-dublin-sightseeing-bus-special\/\">Do Dublin<\/a> che per i tour turistici <a href=\"https:\/\/wildrovertours.com\/activity\/big-bus-hop-on-hop-off-dublin\/\">Big Bus<\/a>. I biglietti per i tour DEVONO ESSERE RITIRATI presso il chiosco Day Trips &amp; Tours Ticket Kiosk, St Stephens Green Shopping Centre, Dublino 2 o presso l&#8217;ufficio Big Bus, 26 Bachelors Walk, North City, Dublino 1, DO1 A9.  <\/p>\n\n<p>Non \u00e8 richiesto alcun codice promozionale speciale di Wild Rover Tours. Basta aggiungerlo alla tua prenotazione al momento del pagamento e lo sconto verr\u00e0 applicato automaticamente. <\/p>\n\n<h3 class=\"wp-block-heading\">Deposito bagagli<\/h3>\n\n<p>Per noi \u00e8 anche importante aiutarti a eliminare lo stress dalla pianificazione del tuo viaggio a Dublino, quindi siamo orgogliosi di offrire un <a href=\"https:\/\/wildrovertours.com\/activity\/luggage-storage\/\">deposito bagagli<\/a> sicuro nel centro di Dublino mentre sei in giro a esplorare! Possiamo offrirti il <strong>15% di sconto sul costo del deposito bagagli offerto esclusivamente ai clienti di Wild Rover Tours<\/strong> <\/p>\n\n<p>Niente rovina il piacere di visitare una nuova citt\u00e0 come trascinarsi dietro borse pesanti e ingombranti. Ci pensiamo noi! Le strutture per il deposito bagagli (aperte 24 ore su 24) saranno fornite dall&#8217;<g id=\"gid_0\">Abbey Court Hostel<\/g> su Bachelors Walk (accanto al ponte O\u2019Connell). \u00c8 un&#8217;ottima posizione centrale a soli cinque minuti a piedi dalle fermate degli autobus navetta aeroportuali 747 Airlink &amp; Aircoach \u2013 quindi esci ed esplora senza stress!   <\/p>\n\n<p>Abbey Court Hostel, 29 Bachelors Walk, North City, Dublino, D01 AX90. Tel. (01) 878 0700  <\/p>\n\n<p>Non dimenticare che ottieni uno sconto online quando prenoti contemporaneamente un tour giornaliero di Wild Rover Tours!<\/p>\n","protected":false},"excerpt":{"rendered":"<p>Offerte speciali Qui a Wild Rover Tours vogliamo che tutti i visitatori in Irlanda abbiano la migliore esperienza possibile. Ti garantiamo che pi\u00f9 vedrai, pi\u00f9 ti innamorerai del nostro paese unico. Con questo in mente, abbiamo creato delle fantastiche offerte speciali sui nostri tour giornalieri pluripremiati da Dublino di cui potrai approfittare quando prenoti con &#8230;<\/p>\n<p><a class=\"btn btn-secondary\" href=\"https:\/\/wildrovertours.com\/it\/offerte-speciali-sulle-gite-di-un-giorno-da-dublino\/\">Read More<\/a><\/p>\n","protected":false},"author":1,"featured_media":7115,"parent":0,"menu_order":0,"comment_status":"closed","ping_status":"closed","template":"page-templates\/special-offers.php","meta":{"content-type":"","footnotes":""},"class_list":["post-6841","page","type-page","status-publish","has-post-thumbnail","hentry"],"yoast_head":"<!-- This site is optimized with the Yoast SEO plugin v26.8 - https:\/\/yoast.com\/product\/yoast-seo-wordpress\/ -->\n<title>Offerte Speciali - Wild Rover Tours<\/title>\n<meta name=\"description\" content=\"Scopri offerte speciali e sconti sui popolari tour giornalieri da Dublino, oltre alle offerte promozionali di Wild Rover Tours. Clicca qui per vedere le nostre ultime offerte.\" \/>\n<meta name=\"robots\" content=\"index, follow, max-snippet:-1, max-image-preview:large, max-video-preview:-1\" \/>\n<link rel=\"canonical\" href=\"\/\" \/>\n<meta property=\"og:locale\" content=\"it_IT\" \/>\n<meta property=\"og:type\" content=\"article\" \/>\n<meta property=\"og:title\" content=\"Offerte Speciali - Wild Rover Tours\" \/>\n<meta property=\"og:description\" content=\"Scopri offerte speciali e sconti sui popolari tour giornalieri da Dublino, oltre alle offerte promozionali di Wild Rover Tours. Clicca qui per vedere le nostre ultime offerte.\" \/>\n<meta property=\"og:url\" content=\"https:\/\/wildrovertours.com\/it\/offerte-speciali-sulle-gite-di-un-giorno-da-dublino\/\" \/>\n<meta property=\"og:site_name\" content=\"Wild Rover Tours\" \/>\n<meta property=\"article:publisher\" content=\"https:\/\/www.facebook.com\/WildRoverDayToursIreland\/\" \/>\n<meta property=\"article:modified_time\" content=\"2025-12-03T00:48:04+00:00\" \/>\n<meta name=\"twitter:card\" content=\"summary_large_image\" \/>\n<meta name=\"twitter:site\" content=\"@WildRoverTours\" \/>\n<script type=\"application\/ld+json\" class=\"yoast-schema-graph\">{\"@context\":\"https:\/\/schema.org\",\"@graph\":[{\"@type\":\"WebPage\",\"@id\":\"https:\/\/wildrovertours.com\/it\/offerte-speciali-sulle-gite-di-un-giorno-da-dublino\/\",\"url\":\"https:\/\/wildrovertours.com\/it\/offerte-speciali-sulle-gite-di-un-giorno-da-dublino\/\",\"name\":\"Offerte Speciali - Wild Rover Tours\",\"isPartOf\":{\"@id\":\"https:\/\/wildrovertours.com\/it\/#website\"},\"primaryImageOfPage\":{\"@id\":\"https:\/\/wildrovertours.com\/it\/offerte-speciali-sulle-gite-di-un-giorno-da-dublino\/#primaryimage\"},\"image\":{\"@id\":\"https:\/\/wildrovertours.com\/it\/offerte-speciali-sulle-gite-di-un-giorno-da-dublino\/#primaryimage\"},\"thumbnailUrl\":\"https:\/\/wildrovertours.com\/wp-content\/uploads\/2020\/04\/Cliffs-Bunratty-Tour.jpg\",\"datePublished\":\"2020-05-14T13:45:52+00:00\",\"dateModified\":\"2025-12-03T00:48:04+00:00\",\"description\":\"Scopri offerte speciali e sconti sui popolari tour giornalieri da Dublino, oltre alle offerte promozionali di Wild Rover Tours. Clicca qui per vedere le nostre ultime offerte.\",\"breadcrumb\":{\"@id\":\"https:\/\/wildrovertours.com\/it\/offerte-speciali-sulle-gite-di-un-giorno-da-dublino\/#breadcrumb\"},\"inLanguage\":\"it-IT\",\"potentialAction\":[{\"@type\":\"ReadAction\",\"target\":[\"https:\/\/wildrovertours.com\/it\/offerte-speciali-sulle-gite-di-un-giorno-da-dublino\/\"]}]},{\"@type\":\"ImageObject\",\"inLanguage\":\"it-IT\",\"@id\":\"https:\/\/wildrovertours.com\/it\/offerte-speciali-sulle-gite-di-un-giorno-da-dublino\/#primaryimage\",\"url\":\"https:\/\/wildrovertours.com\/wp-content\/uploads\/2020\/04\/Cliffs-Bunratty-Tour.jpg\",\"contentUrl\":\"https:\/\/wildrovertours.com\/wp-content\/uploads\/2020\/04\/Cliffs-Bunratty-Tour.jpg\",\"width\":1920,\"height\":1080},{\"@type\":\"BreadcrumbList\",\"@id\":\"https:\/\/wildrovertours.com\/it\/offerte-speciali-sulle-gite-di-un-giorno-da-dublino\/#breadcrumb\",\"itemListElement\":[{\"@type\":\"ListItem\",\"position\":1,\"name\":\"Home\",\"item\":\"https:\/\/wildrovertours.com\/it\/\"},{\"@type\":\"ListItem\",\"position\":2,\"name\":\"Offerte Speciali\"}]},{\"@type\":\"WebSite\",\"@id\":\"https:\/\/wildrovertours.com\/it\/#website\",\"url\":\"https:\/\/wildrovertours.com\/it\/\",\"name\":\"Wild Rover Tours\",\"description\":\"Day trips, activities and multi-day tours in Ireland\",\"publisher\":{\"@id\":\"https:\/\/wildrovertours.com\/it\/#organization\"},\"potentialAction\":[{\"@type\":\"SearchAction\",\"target\":{\"@type\":\"EntryPoint\",\"urlTemplate\":\"https:\/\/wildrovertours.com\/it\/?s={search_term_string}\"},\"query-input\":{\"@type\":\"PropertyValueSpecification\",\"valueRequired\":true,\"valueName\":\"search_term_string\"}}],\"inLanguage\":\"it-IT\"},{\"@type\":\"Organization\",\"@id\":\"https:\/\/wildrovertours.com\/it\/#organization\",\"name\":\"Wild Rover Tours\",\"url\":\"https:\/\/wildrovertours.com\/it\/\",\"logo\":{\"@type\":\"ImageObject\",\"inLanguage\":\"it-IT\",\"@id\":\"https:\/\/wildrovertours.com\/it\/#\/schema\/logo\/image\/\",\"url\":\"https:\/\/wildrovertours.com\/wp-content\/uploads\/2018\/02\/wrt-logo2.jpg\",\"contentUrl\":\"https:\/\/wildrovertours.com\/wp-content\/uploads\/2018\/02\/wrt-logo2.jpg\",\"width\":150,\"height\":150,\"caption\":\"Wild Rover Tours\"},\"image\":{\"@id\":\"https:\/\/wildrovertours.com\/it\/#\/schema\/logo\/image\/\"},\"sameAs\":[\"https:\/\/www.facebook.com\/WildRoverDayToursIreland\/\",\"https:\/\/x.com\/WildRoverTours\",\"https:\/\/www.instagram.com\/wild_rover_tours\/\",\"https:\/\/www.pinterest.ie\/wildrovertours1\/?eq=wildrover&amp;amp;amp;amp;etslf=6690\/\",\"https:\/\/www.youtube.com\/user\/WildRoverDayTours\/?sub_confirmation=1\"]}]}<\/script>\n<!-- \/ Yoast SEO plugin. -->","yoast_head_json":{"title":"Offerte Speciali - Wild Rover Tours","description":"Scopri offerte speciali e sconti sui popolari tour giornalieri da Dublino, oltre alle offerte promozionali di Wild Rover Tours. Clicca qui per vedere le nostre ultime offerte.","robots":{"index":"index","follow":"follow","max-snippet":"max-snippet:-1","max-image-preview":"max-image-preview:large","max-video-preview":"max-video-preview:-1"},"canonical":"\/","og_locale":"it_IT","og_type":"article","og_title":"Offerte Speciali - Wild Rover Tours","og_description":"Scopri offerte speciali e sconti sui popolari tour giornalieri da Dublino, oltre alle offerte promozionali di Wild Rover Tours. Clicca qui per vedere le nostre ultime offerte.","og_url":"https:\/\/wildrovertours.com\/it\/offerte-speciali-sulle-gite-di-un-giorno-da-dublino\/","og_site_name":"Wild Rover Tours","article_publisher":"https:\/\/www.facebook.com\/WildRoverDayToursIreland\/","article_modified_time":"2025-12-03T00:48:04+00:00","twitter_card":"summary_large_image","twitter_site":"@WildRoverTours","schema":{"@context":"https:\/\/schema.org","@graph":[{"@type":"WebPage","@id":"https:\/\/wildrovertours.com\/it\/offerte-speciali-sulle-gite-di-un-giorno-da-dublino\/","url":"https:\/\/wildrovertours.com\/it\/offerte-speciali-sulle-gite-di-un-giorno-da-dublino\/","name":"Offerte Speciali - Wild Rover Tours","isPartOf":{"@id":"https:\/\/wildrovertours.com\/it\/#website"},"primaryImageOfPage":{"@id":"https:\/\/wildrovertours.com\/it\/offerte-speciali-sulle-gite-di-un-giorno-da-dublino\/#primaryimage"},"image":{"@id":"https:\/\/wildrovertours.com\/it\/offerte-speciali-sulle-gite-di-un-giorno-da-dublino\/#primaryimage"},"thumbnailUrl":"https:\/\/wildrovertours.com\/wp-content\/uploads\/2020\/04\/Cliffs-Bunratty-Tour.jpg","datePublished":"2020-05-14T13:45:52+00:00","dateModified":"2025-12-03T00:48:04+00:00","description":"Scopri offerte speciali e sconti sui popolari tour giornalieri da Dublino, oltre alle offerte promozionali di Wild Rover Tours. Clicca qui per vedere le nostre ultime offerte.","breadcrumb":{"@id":"https:\/\/wildrovertours.com\/it\/offerte-speciali-sulle-gite-di-un-giorno-da-dublino\/#breadcrumb"},"inLanguage":"it-IT","potentialAction":[{"@type":"ReadAction","target":["https:\/\/wildrovertours.com\/it\/offerte-speciali-sulle-gite-di-un-giorno-da-dublino\/"]}]},{"@type":"ImageObject","inLanguage":"it-IT","@id":"https:\/\/wildrovertours.com\/it\/offerte-speciali-sulle-gite-di-un-giorno-da-dublino\/#primaryimage","url":"https:\/\/wildrovertours.com\/wp-content\/uploads\/2020\/04\/Cliffs-Bunratty-Tour.jpg","contentUrl":"https:\/\/wildrovertours.com\/wp-content\/uploads\/2020\/04\/Cliffs-Bunratty-Tour.jpg","width":1920,"height":1080},{"@type":"BreadcrumbList","@id":"https:\/\/wildrovertours.com\/it\/offerte-speciali-sulle-gite-di-un-giorno-da-dublino\/#breadcrumb","itemListElement":[{"@type":"ListItem","position":1,"name":"Home","item":"https:\/\/wildrovertours.com\/it\/"},{"@type":"ListItem","position":2,"name":"Offerte Speciali"}]},{"@type":"WebSite","@id":"https:\/\/wildrovertours.com\/it\/#website","url":"https:\/\/wildrovertours.com\/it\/","name":"Wild Rover Tours","description":"Day trips, activities and multi-day tours in Ireland","publisher":{"@id":"https:\/\/wildrovertours.com\/it\/#organization"},"potentialAction":[{"@type":"SearchAction","target":{"@type":"EntryPoint","urlTemplate":"https:\/\/wildrovertours.com\/it\/?s={search_term_string}"},"query-input":{"@type":"PropertyValueSpecification","valueRequired":true,"valueName":"search_term_string"}}],"inLanguage":"it-IT"},{"@type":"Organization","@id":"https:\/\/wildrovertours.com\/it\/#organization","name":"Wild Rover Tours","url":"https:\/\/wildrovertours.com\/it\/","logo":{"@type":"ImageObject","inLanguage":"it-IT","@id":"https:\/\/wildrovertours.com\/it\/#\/schema\/logo\/image\/","url":"https:\/\/wildrovertours.com\/wp-content\/uploads\/2018\/02\/wrt-logo2.jpg","contentUrl":"https:\/\/wildrovertours.com\/wp-content\/uploads\/2018\/02\/wrt-logo2.jpg","width":150,"height":150,"caption":"Wild Rover Tours"},"image":{"@id":"https:\/\/wildrovertours.com\/it\/#\/schema\/logo\/image\/"},"sameAs":["https:\/\/www.facebook.com\/WildRoverDayToursIreland\/","https:\/\/x.com\/WildRoverTours","https:\/\/www.instagram.com\/wild_rover_tours\/","https:\/\/www.pinterest.ie\/wildrovertours1\/?eq=wildrover&amp;amp;amp;amp;etslf=6690\/","https:\/\/www.youtube.com\/user\/WildRoverDayTours\/?sub_confirmation=1"]}]}},"_links":{"self":[{"href":"https:\/\/wildrovertours.com\/it\/wp-json\/wp\/v2\/pages\/6841","targetHints":{"allow":["GET"]}}],"collection":[{"href":"https:\/\/wildrovertours.com\/it\/wp-json\/wp\/v2\/pages"}],"about":[{"href":"https:\/\/wildrovertours.com\/it\/wp-json\/wp\/v2\/types\/page"}],"author":[{"embeddable":true,"href":"https:\/\/wildrovertours.com\/it\/wp-json\/wp\/v2\/users\/1"}],"replies":[{"embeddable":true,"href":"https:\/\/wildrovertours.com\/it\/wp-json\/wp\/v2\/comments?post=6841"}],"version-history":[{"count":2,"href":"https:\/\/wildrovertours.com\/it\/wp-json\/wp\/v2\/pages\/6841\/revisions"}],"predecessor-version":[{"id":7337,"href":"https:\/\/wildrovertours.com\/it\/wp-json\/wp\/v2\/pages\/6841\/revisions\/7337"}],"wp:featuredmedia":[{"embeddable":true,"href":"https:\/\/wildrovertours.com\/it\/wp-json\/wp\/v2\/media\/7115"}],"wp:attachment":[{"href":"https:\/\/wildrovertours.com\/it\/wp-json\/wp\/v2\/media?parent=6841"}],"curies":[{"name":"wp","href":"https:\/\/api.w.org\/{rel}","templated":true}]}}