{"id":7468,"date":"2025-12-10T17:10:51","date_gmt":"2025-12-10T17:10:51","guid":{"rendered":"https:\/\/wildrovertours.com\/visites-privees-wild-rover\/"},"modified":"2025-12-16T01:16:14","modified_gmt":"2025-12-16T01:16:14","slug":"visites-privees-wild-rover","status":"publish","type":"page","link":"https:\/\/wildrovertours.com\/fr\/visites-privees-wild-rover\/","title":{"rendered":"Excursions Priv\u00e9esCircuits priv\u00e9s"},"content":{"rendered":"\n<div class=\"wp-block-group page-intro wildtour-loops\"><div class=\"wp-block-group__inner-container is-layout-constrained wp-block-group-is-layout-constrained\">\n<div class=\"wp-block-group container\"><div class=\"wp-block-group__inner-container is-layout-constrained wp-block-group-is-layout-constrained\">\n<h5 class=\"wp-block-heading\">Si vous recherchez une fa\u00e7on plus personnalis\u00e9e d\u2019explorer l\u2019Irlande, nos circuits priv\u00e9s vous offrent flexibilit\u00e9, confort et un chauffeur-guide d\u00e9di\u00e9 qui se concentre enti\u00e8rement sur votre groupe. Que vous voyagiez en couple, en famille ou en groupe plus important, nous cr\u00e9ons des itin\u00e9raires sur mesure adapt\u00e9s \u00e0 votre rythme, \u00e0 vos int\u00e9r\u00eats et \u00e0 votre emploi du temps. Des ch\u00e2teaux historiques aux c\u00f4tes spectaculaires en passant par les villes anim\u00e9es, votre journ\u00e9e est con\u00e7ue exactement comme vous le souhaitez. Pour faciliter la planification, nous proposons plusieurs itin\u00e9raires populaires qui peuvent \u00eatre personnalis\u00e9s comme vous le d\u00e9sirez\u00a0:     <\/h5>\n<\/div><\/div>\n<\/div><\/div>\n\n<div class=\"wp-block-group container wildtour-loops\"><div class=\"wp-block-group__inner-container is-layout-constrained wp-block-group-is-layout-constrained\">\n<\/div><\/div>\n\n<div class=\"wp-block-group container wildtour-loops\"><div class=\"wp-block-group__inner-container is-layout-constrained wp-block-group-is-layout-constrained\">\n<div class=\"wp-block-columns is-layout-flex wp-container-core-columns-is-layout-9d6595d7 wp-block-columns-is-layout-flex\">\n<div class=\"wp-block-column is-layout-flow wp-block-column-is-layout-flow\">\n<div class=\"wp-block-cover is-light\"><span aria-hidden=\"true\" class=\"wp-block-cover__background has-background-dim-0 has-background-dim\" style=\"background-color:#949b9c\"><\/span><img decoding=\"async\" width=\"1920\" height=\"1080\" class=\"wp-block-cover__image-background wp-image-7129 lazyload\" alt=\"\" data-src=\"https:\/\/wildrovertours.com\/wp-content\/uploads\/2025\/11\/Private-Tour.jpg\" data-object-fit=\"cover\" data-srcset=\"https:\/\/wildrovertours.com\/wp-content\/uploads\/2025\/11\/Private-Tour.jpg 1920w, https:\/\/wildrovertours.com\/wp-content\/uploads\/2025\/11\/Private-Tour-300x169.jpg 300w, https:\/\/wildrovertours.com\/wp-content\/uploads\/2025\/11\/Private-Tour-1024x576.jpg 1024w, https:\/\/wildrovertours.com\/wp-content\/uploads\/2025\/11\/Private-Tour-768x432.jpg 768w, https:\/\/wildrovertours.com\/wp-content\/uploads\/2025\/11\/Private-Tour-1536x864.jpg 1536w\" data-sizes=\"(max-width: 1920px) 100vw, 1920px\" src=\"data:image\/svg+xml;base64,PHN2ZyB3aWR0aD0iMSIgaGVpZ2h0PSIxIiB4bWxucz0iaHR0cDovL3d3dy53My5vcmcvMjAwMC9zdmciPjwvc3ZnPg==\" style=\"--smush-placeholder-width: 1920px; --smush-placeholder-aspect-ratio: 1920\/1080;\" \/><div class=\"wp-block-cover__inner-container is-layout-constrained wp-block-cover-is-layout-constrained\">\n<p class=\"has-text-align-center has-large-font-size\"><\/p>\n<\/div><\/div>\n<\/div>\n\n\n\n<div class=\"wp-block-column is-layout-flow wp-block-column-is-layout-flow\">\n<p>Nos visites priv\u00e9es peuvent commencer depuis votre h\u00e9bergement \u00e0 Dublin, Galway, Belfast ou dans la plupart des grandes villes d&rsquo;Irlande. Selon votre itin\u00e9raire et la taille de votre groupe, nous mettons \u00e0 votre disposition des v\u00e9hicules allant de berlines confortables \u00e0 des mini ou maxi-cars spacieux. Toutes les visites priv\u00e9es sont guid\u00e9es en anglais par des guides professionnels tr\u00e8s exp\u00e9riment\u00e9s qui connaissent l&rsquo;histoire, la culture et les paysages de l&rsquo;Irlande sur le bout des doigts. Si vous avez besoin d&rsquo;un traducteur suppl\u00e9mentaire, nous pouvons nous renseigner sur la disponibilit\u00e9 sur demande.   <\/p>\n\n\n\n<p>Chaque itin\u00e9raire peut \u00eatre personnalis\u00e9, enrichi ou simplifi\u00e9. Vous d\u00e9cidez de l&rsquo;orientation, qu&rsquo;il s&rsquo;agisse de sites du patrimoine ancien, de paysages naturels spectaculaires, de la gastronomie et de l&rsquo;artisanat locaux, ou simplement d&rsquo;une journ\u00e9e de d\u00e9tente et de d\u00e9couverte. Nous nous occupons de toute la logistique, des horaires et des entr\u00e9es afin que vous puissiez profiter de la journ\u00e9e sans stress ni planification. Votre chauffeur-guide g\u00e9rera l&rsquo;itin\u00e9raire, fournira des commentaires en direct et veillera \u00e0 ce que l&rsquo;exp\u00e9rience se d\u00e9roule sans probl\u00e8me du d\u00e9but \u00e0 la fin.   <\/p>\n\n\n\n<p>Avec plus de dix ans d&rsquo;exp\u00e9rience et des milliers d&rsquo;avis cinq \u00e9toiles, Wild Rover Tours est une entreprise de confiance pour les visiteurs du monde entier. La r\u00e9servation d&rsquo;une visite priv\u00e9e vous offre la m\u00eame exp\u00e9rience prim\u00e9e que nos visites de groupe, avec le confort, l&rsquo;intimit\u00e9 et l&rsquo;attention personnalis\u00e9e d&rsquo;une journ\u00e9e enti\u00e8rement sur mesure, con\u00e7ue sp\u00e9cialement pour vous. <\/p>\n<\/div>\n<\/div>\n<\/div><\/div>\n\n<div class=\"wp-block-group container wildtour-loops\"><div class=\"wp-block-group__inner-container is-layout-constrained wp-block-group-is-layout-constrained\">\n<div class=\"wp-block-group tax-tour-highlight\"><div class=\"wp-block-group__inner-container is-layout-constrained wp-block-group-is-layout-constrained\">\n<p>Pour commencer \u00e0 organiser votre visite priv\u00e9e, contactez simplement notre \u00e9quipe en indiquant vos dates et vos id\u00e9es pr\u00e9f\u00e9r\u00e9es. Nous \u00e9laborerons un plan sur mesure et vous fournirons un devis clair. Vous pouvez nous joindre directement \u00e0 l&rsquo;adresse suivante : <a href=\"mailto:private@wildrovertours.com\"><strong>private@wildrovertours.com<\/strong><\/a>  <\/p>\n<\/div><\/div>\n<\/div><\/div>\n","protected":false},"excerpt":{"rendered":"<p>Si vous recherchez une fa\u00e7on plus personnalis\u00e9e d\u2019explorer l\u2019Irlande, nos circuits priv\u00e9s vous offrent flexibilit\u00e9, confort et un chauffeur-guide d\u00e9di\u00e9 qui se concentre enti\u00e8rement sur votre groupe. Que vous voyagiez en couple, en famille ou en groupe plus important, nous cr\u00e9ons des itin\u00e9raires sur mesure adapt\u00e9s \u00e0 votre rythme, \u00e0 vos int\u00e9r\u00eats et \u00e0 votre &#8230;<\/p>\n<p><a class=\"btn btn-secondary\" href=\"https:\/\/wildrovertours.com\/fr\/visites-privees-wild-rover\/\">Read More<\/a><\/p>\n","protected":false},"author":1,"featured_media":0,"parent":0,"menu_order":0,"comment_status":"closed","ping_status":"closed","template":"page-templates\/fullwidthpage.php","meta":{"content-type":"","footnotes":""},"class_list":["post-7468","page","type-page","status-publish","hentry"],"yoast_head":"<!-- This site is optimized with the Yoast SEO plugin v26.8 - https:\/\/yoast.com\/product\/yoast-seo-wordpress\/ -->\n<title>Excursions Priv\u00e9esCircuits priv\u00e9s - Wild Rover Tours<\/title>\n<meta name=\"robots\" content=\"index, follow, max-snippet:-1, max-image-preview:large, max-video-preview:-1\" \/>\n<link rel=\"canonical\" href=\"\/\" \/>\n<meta property=\"og:locale\" content=\"fr_FR\" \/>\n<meta property=\"og:type\" content=\"article\" \/>\n<meta property=\"og:title\" content=\"Excursions Priv\u00e9esCircuits priv\u00e9s - Wild Rover Tours\" \/>\n<meta property=\"og:description\" content=\"Si vous recherchez une fa\u00e7on plus personnalis\u00e9e d\u2019explorer l\u2019Irlande, nos circuits priv\u00e9s vous offrent flexibilit\u00e9, confort et un chauffeur-guide d\u00e9di\u00e9 qui se concentre enti\u00e8rement sur votre groupe. Que vous voyagiez en couple, en famille ou en groupe plus important, nous cr\u00e9ons des itin\u00e9raires sur mesure adapt\u00e9s \u00e0 votre rythme, \u00e0 vos int\u00e9r\u00eats et \u00e0 votre ...Read More\" \/>\n<meta property=\"og:url\" content=\"https:\/\/wildrovertours.com\/fr\/visites-privees-wild-rover\/\" \/>\n<meta property=\"og:site_name\" content=\"Wild Rover Tours\" \/>\n<meta property=\"article:publisher\" content=\"https:\/\/www.facebook.com\/WildRoverDayToursIreland\/\" \/>\n<meta property=\"article:modified_time\" content=\"2025-12-16T01:16:14+00:00\" \/>\n<meta property=\"og:image\" content=\"https:\/\/wildrovertours.com\/wp-content\/uploads\/2025\/11\/Private-Tour.jpg\" \/>\n\t<meta property=\"og:image:width\" content=\"1920\" \/>\n\t<meta property=\"og:image:height\" content=\"1080\" \/>\n\t<meta property=\"og:image:type\" content=\"image\/jpeg\" \/>\n<meta name=\"twitter:card\" content=\"summary_large_image\" \/>\n<meta name=\"twitter:site\" content=\"@WildRoverTours\" \/>\n<script type=\"application\/ld+json\" class=\"yoast-schema-graph\">{\"@context\":\"https:\/\/schema.org\",\"@graph\":[{\"@type\":\"WebPage\",\"@id\":\"https:\/\/wildrovertours.com\/fr\/visites-privees-wild-rover\/\",\"url\":\"https:\/\/wildrovertours.com\/fr\/visites-privees-wild-rover\/\",\"name\":\"Excursions Priv\u00e9esCircuits priv\u00e9s - Wild Rover Tours\",\"isPartOf\":{\"@id\":\"https:\/\/wildrovertours.com\/fr\/#website\"},\"primaryImageOfPage\":{\"@id\":\"https:\/\/wildrovertours.com\/fr\/visites-privees-wild-rover\/#primaryimage\"},\"image\":{\"@id\":\"https:\/\/wildrovertours.com\/fr\/visites-privees-wild-rover\/#primaryimage\"},\"thumbnailUrl\":\"https:\/\/wildrovertours.com\/wp-content\/uploads\/2025\/11\/Private-Tour.jpg\",\"datePublished\":\"2025-12-10T17:10:51+00:00\",\"dateModified\":\"2025-12-16T01:16:14+00:00\",\"breadcrumb\":{\"@id\":\"https:\/\/wildrovertours.com\/fr\/visites-privees-wild-rover\/#breadcrumb\"},\"inLanguage\":\"fr-FR\",\"potentialAction\":[{\"@type\":\"ReadAction\",\"target\":[\"https:\/\/wildrovertours.com\/fr\/visites-privees-wild-rover\/\"]}]},{\"@type\":\"ImageObject\",\"inLanguage\":\"fr-FR\",\"@id\":\"https:\/\/wildrovertours.com\/fr\/visites-privees-wild-rover\/#primaryimage\",\"url\":\"https:\/\/wildrovertours.com\/wp-content\/uploads\/2025\/11\/Private-Tour.jpg\",\"contentUrl\":\"https:\/\/wildrovertours.com\/wp-content\/uploads\/2025\/11\/Private-Tour.jpg\"},{\"@type\":\"BreadcrumbList\",\"@id\":\"https:\/\/wildrovertours.com\/fr\/visites-privees-wild-rover\/#breadcrumb\",\"itemListElement\":[{\"@type\":\"ListItem\",\"position\":1,\"name\":\"Home\",\"item\":\"https:\/\/wildrovertours.com\/fr\/\"},{\"@type\":\"ListItem\",\"position\":2,\"name\":\"Excursions Priv\u00e9esCircuits priv\u00e9s\"}]},{\"@type\":\"WebSite\",\"@id\":\"https:\/\/wildrovertours.com\/fr\/#website\",\"url\":\"https:\/\/wildrovertours.com\/fr\/\",\"name\":\"Wild Rover Tours\",\"description\":\"Day trips, activities and multi-day tours in Ireland\",\"publisher\":{\"@id\":\"https:\/\/wildrovertours.com\/fr\/#organization\"},\"potentialAction\":[{\"@type\":\"SearchAction\",\"target\":{\"@type\":\"EntryPoint\",\"urlTemplate\":\"https:\/\/wildrovertours.com\/fr\/?s={search_term_string}\"},\"query-input\":{\"@type\":\"PropertyValueSpecification\",\"valueRequired\":true,\"valueName\":\"search_term_string\"}}],\"inLanguage\":\"fr-FR\"},{\"@type\":\"Organization\",\"@id\":\"https:\/\/wildrovertours.com\/fr\/#organization\",\"name\":\"Wild Rover Tours\",\"url\":\"https:\/\/wildrovertours.com\/fr\/\",\"logo\":{\"@type\":\"ImageObject\",\"inLanguage\":\"fr-FR\",\"@id\":\"https:\/\/wildrovertours.com\/fr\/#\/schema\/logo\/image\/\",\"url\":\"https:\/\/wildrovertours.com\/wp-content\/uploads\/2018\/02\/wrt-logo2.jpg\",\"contentUrl\":\"https:\/\/wildrovertours.com\/wp-content\/uploads\/2018\/02\/wrt-logo2.jpg\",\"width\":150,\"height\":150,\"caption\":\"Wild Rover Tours\"},\"image\":{\"@id\":\"https:\/\/wildrovertours.com\/fr\/#\/schema\/logo\/image\/\"},\"sameAs\":[\"https:\/\/www.facebook.com\/WildRoverDayToursIreland\/\",\"https:\/\/x.com\/WildRoverTours\",\"https:\/\/www.instagram.com\/wild_rover_tours\/\",\"https:\/\/www.pinterest.ie\/wildrovertours1\/?eq=wildrover&amp;amp;amp;amp;etslf=6690\/\",\"https:\/\/www.youtube.com\/user\/WildRoverDayTours\/?sub_confirmation=1\"]}]}<\/script>\n<!-- \/ Yoast SEO plugin. -->","yoast_head_json":{"title":"Excursions Priv\u00e9esCircuits priv\u00e9s - Wild Rover Tours","robots":{"index":"index","follow":"follow","max-snippet":"max-snippet:-1","max-image-preview":"max-image-preview:large","max-video-preview":"max-video-preview:-1"},"canonical":"\/","og_locale":"fr_FR","og_type":"article","og_title":"Excursions Priv\u00e9esCircuits priv\u00e9s - Wild Rover Tours","og_description":"Si vous recherchez une fa\u00e7on plus personnalis\u00e9e d\u2019explorer l\u2019Irlande, nos circuits priv\u00e9s vous offrent flexibilit\u00e9, confort et un chauffeur-guide d\u00e9di\u00e9 qui se concentre enti\u00e8rement sur votre groupe. Que vous voyagiez en couple, en famille ou en groupe plus important, nous cr\u00e9ons des itin\u00e9raires sur mesure adapt\u00e9s \u00e0 votre rythme, \u00e0 vos int\u00e9r\u00eats et \u00e0 votre ...Read More","og_url":"https:\/\/wildrovertours.com\/fr\/visites-privees-wild-rover\/","og_site_name":"Wild Rover Tours","article_publisher":"https:\/\/www.facebook.com\/WildRoverDayToursIreland\/","article_modified_time":"2025-12-16T01:16:14+00:00","og_image":[{"width":1920,"height":1080,"url":"https:\/\/wildrovertours.com\/wp-content\/uploads\/2025\/11\/Private-Tour.jpg","type":"image\/jpeg"}],"twitter_card":"summary_large_image","twitter_site":"@WildRoverTours","schema":{"@context":"https:\/\/schema.org","@graph":[{"@type":"WebPage","@id":"https:\/\/wildrovertours.com\/fr\/visites-privees-wild-rover\/","url":"https:\/\/wildrovertours.com\/fr\/visites-privees-wild-rover\/","name":"Excursions Priv\u00e9esCircuits priv\u00e9s - Wild Rover Tours","isPartOf":{"@id":"https:\/\/wildrovertours.com\/fr\/#website"},"primaryImageOfPage":{"@id":"https:\/\/wildrovertours.com\/fr\/visites-privees-wild-rover\/#primaryimage"},"image":{"@id":"https:\/\/wildrovertours.com\/fr\/visites-privees-wild-rover\/#primaryimage"},"thumbnailUrl":"https:\/\/wildrovertours.com\/wp-content\/uploads\/2025\/11\/Private-Tour.jpg","datePublished":"2025-12-10T17:10:51+00:00","dateModified":"2025-12-16T01:16:14+00:00","breadcrumb":{"@id":"https:\/\/wildrovertours.com\/fr\/visites-privees-wild-rover\/#breadcrumb"},"inLanguage":"fr-FR","potentialAction":[{"@type":"ReadAction","target":["https:\/\/wildrovertours.com\/fr\/visites-privees-wild-rover\/"]}]},{"@type":"ImageObject","inLanguage":"fr-FR","@id":"https:\/\/wildrovertours.com\/fr\/visites-privees-wild-rover\/#primaryimage","url":"https:\/\/wildrovertours.com\/wp-content\/uploads\/2025\/11\/Private-Tour.jpg","contentUrl":"https:\/\/wildrovertours.com\/wp-content\/uploads\/2025\/11\/Private-Tour.jpg"},{"@type":"BreadcrumbList","@id":"https:\/\/wildrovertours.com\/fr\/visites-privees-wild-rover\/#breadcrumb","itemListElement":[{"@type":"ListItem","position":1,"name":"Home","item":"https:\/\/wildrovertours.com\/fr\/"},{"@type":"ListItem","position":2,"name":"Excursions Priv\u00e9esCircuits priv\u00e9s"}]},{"@type":"WebSite","@id":"https:\/\/wildrovertours.com\/fr\/#website","url":"https:\/\/wildrovertours.com\/fr\/","name":"Wild Rover Tours","description":"Day trips, activities and multi-day tours in Ireland","publisher":{"@id":"https:\/\/wildrovertours.com\/fr\/#organization"},"potentialAction":[{"@type":"SearchAction","target":{"@type":"EntryPoint","urlTemplate":"https:\/\/wildrovertours.com\/fr\/?s={search_term_string}"},"query-input":{"@type":"PropertyValueSpecification","valueRequired":true,"valueName":"search_term_string"}}],"inLanguage":"fr-FR"},{"@type":"Organization","@id":"https:\/\/wildrovertours.com\/fr\/#organization","name":"Wild Rover Tours","url":"https:\/\/wildrovertours.com\/fr\/","logo":{"@type":"ImageObject","inLanguage":"fr-FR","@id":"https:\/\/wildrovertours.com\/fr\/#\/schema\/logo\/image\/","url":"https:\/\/wildrovertours.com\/wp-content\/uploads\/2018\/02\/wrt-logo2.jpg","contentUrl":"https:\/\/wildrovertours.com\/wp-content\/uploads\/2018\/02\/wrt-logo2.jpg","width":150,"height":150,"caption":"Wild Rover Tours"},"image":{"@id":"https:\/\/wildrovertours.com\/fr\/#\/schema\/logo\/image\/"},"sameAs":["https:\/\/www.facebook.com\/WildRoverDayToursIreland\/","https:\/\/x.com\/WildRoverTours","https:\/\/www.instagram.com\/wild_rover_tours\/","https:\/\/www.pinterest.ie\/wildrovertours1\/?eq=wildrover&amp;amp;amp;amp;etslf=6690\/","https:\/\/www.youtube.com\/user\/WildRoverDayTours\/?sub_confirmation=1"]}]}},"_links":{"self":[{"href":"https:\/\/wildrovertours.com\/fr\/wp-json\/wp\/v2\/pages\/7468","targetHints":{"allow":["GET"]}}],"collection":[{"href":"https:\/\/wildrovertours.com\/fr\/wp-json\/wp\/v2\/pages"}],"about":[{"href":"https:\/\/wildrovertours.com\/fr\/wp-json\/wp\/v2\/types\/page"}],"author":[{"embeddable":true,"href":"https:\/\/wildrovertours.com\/fr\/wp-json\/wp\/v2\/users\/1"}],"replies":[{"embeddable":true,"href":"https:\/\/wildrovertours.com\/fr\/wp-json\/wp\/v2\/comments?post=7468"}],"version-history":[{"count":5,"href":"https:\/\/wildrovertours.com\/fr\/wp-json\/wp\/v2\/pages\/7468\/revisions"}],"predecessor-version":[{"id":7530,"href":"https:\/\/wildrovertours.com\/fr\/wp-json\/wp\/v2\/pages\/7468\/revisions\/7530"}],"wp:attachment":[{"href":"https:\/\/wildrovertours.com\/fr\/wp-json\/wp\/v2\/media?parent=7468"}],"curies":[{"name":"wp","href":"https:\/\/api.w.org\/{rel}","templated":true}]}}