{"id":6862,"date":"2020-04-07T10:17:20","date_gmt":"2020-04-07T09:17:20","guid":{"rendered":"https:\/\/wildrovertours.com\/accueil\/"},"modified":"2025-12-16T02:09:15","modified_gmt":"2025-12-16T02:09:15","slug":"accueil","status":"publish","type":"page","link":"https:\/\/wildrovertours.com\/fr\/","title":{"rendered":"Accueil"},"content":{"rendered":"\n<div class=\"wp-block-group section-aboutus container\"><div class=\"wp-block-group__inner-container is-layout-constrained wp-block-group-is-layout-constrained\">\n<h2 class=\"wp-block-heading has-text-align-center\">\u00c0 propos de nous<\/h2>\n\n\n\n<div class=\"wp-block-columns is-layout-flex wp-container-core-columns-is-layout-9d6595d7 wp-block-columns-is-layout-flex\">\n<div class=\"wp-block-column is-layout-flow wp-block-column-is-layout-flow\">\n<h4 class=\"wp-block-heading\">Commence ton aventure avec Wild Rover Tours, la compagnie de circuits n\u00b01 d&rsquo;Irlande.<\/h4>\n<\/div>\n\n\n\n<div class=\"wp-block-column is-layout-flow wp-block-column-is-layout-flow\">\n<h5 class=\"wp-block-heading\">Les meilleures aventures m\u00e8nent \u00e0 de belles histoires.<\/h5>\n\n\n\n<p>L&rsquo;Irlande est un pays de gens bien connus comme la terre des po\u00e8tes, conteurs, musiciens, acteurs, mythes, l\u00e9gendes et bien s\u00fbr du \u00ab CRAIC \u00bb. <\/p>\n\n\n\n<p>Wild Rover Tours est la seule compagnie de circuits d&rsquo;une journ\u00e9e en Irlande \u00e0 employer \u00e0 la fois un chauffeur et un guide sur nos circuits d&rsquo;une journ\u00e9e. Pendant que nos chauffeurs assurent ta s\u00e9curit\u00e9, nos guides, tous conteurs, te divertiront gr\u00e2ce \u00e0 leur connaissance approfondie de l&rsquo;histoire et du folklore irlandais. <\/p>\n\n\n\n<p>Nous offrons une politique d&rsquo;annulation gratuite jusqu&rsquo;\u00e0 24 heures \u00e0 l&rsquo;avance et une garantie du meilleur prix quand tu r\u00e9serves directement. R\u00e9serve ton circuit avec Wild Rover aujourd&rsquo;hui ! <\/p>\n<\/div>\n<\/div>\n\n\n\n<hr class=\"wp-block-separator has-alpha-channel-opacity\"\/>\n\n\n\n<div class=\"wp-block-columns is-layout-flex wp-container-core-columns-is-layout-9d6595d7 wp-block-columns-is-layout-flex\">\n<div class=\"wp-block-column is-layout-flow wp-block-column-is-layout-flow\">\n<figure class=\"wp-block-gallery has-nested-images columns-2 wp-block-gallery-1 is-layout-flex wp-block-gallery-is-layout-flex\" id=\"tripadvisor-awards\">\n<figure class=\"wp-block-image size-full\"><img decoding=\"async\" width=\"157\" height=\"157\" data-id=\"6369\" data-src=\"https:\/\/wildrovertours.com\/wp-content\/uploads\/2025\/09\/Group-1000001860.png\" alt=\"\" class=\"wp-image-6369 lazyload\" data-srcset=\"https:\/\/wildrovertours.com\/wp-content\/uploads\/2025\/09\/Group-1000001860.png 157w, https:\/\/wildrovertours.com\/wp-content\/uploads\/2025\/09\/Group-1000001860-150x150.png 150w\" data-sizes=\"(max-width: 157px) 100vw, 157px\" src=\"data:image\/svg+xml;base64,PHN2ZyB3aWR0aD0iMSIgaGVpZ2h0PSIxIiB4bWxucz0iaHR0cDovL3d3dy53My5vcmcvMjAwMC9zdmciPjwvc3ZnPg==\" style=\"--smush-placeholder-width: 157px; --smush-placeholder-aspect-ratio: 157\/157;\" \/><\/figure>\n\n\n\n<figure class=\"wp-block-image size-full\"><img decoding=\"async\" width=\"157\" height=\"157\" data-id=\"6374\" data-src=\"https:\/\/wildrovertours.com\/wp-content\/uploads\/2025\/09\/Group-1000001857.png\" alt=\"\" class=\"wp-image-6374 lazyload\" data-srcset=\"https:\/\/wildrovertours.com\/wp-content\/uploads\/2025\/09\/Group-1000001857.png 157w, https:\/\/wildrovertours.com\/wp-content\/uploads\/2025\/09\/Group-1000001857-150x150.png 150w\" data-sizes=\"(max-width: 157px) 100vw, 157px\" src=\"data:image\/svg+xml;base64,PHN2ZyB3aWR0aD0iMSIgaGVpZ2h0PSIxIiB4bWxucz0iaHR0cDovL3d3dy53My5vcmcvMjAwMC9zdmciPjwvc3ZnPg==\" style=\"--smush-placeholder-width: 157px; --smush-placeholder-aspect-ratio: 157\/157;\" \/><\/figure>\n\n\n\n<figure class=\"wp-block-image size-full\"><img decoding=\"async\" width=\"157\" height=\"157\" data-id=\"6379\" data-src=\"https:\/\/wildrovertours.com\/wp-content\/uploads\/2025\/09\/Group-1000001857-1.png\" alt=\"\" class=\"wp-image-6379 lazyload\" data-srcset=\"https:\/\/wildrovertours.com\/wp-content\/uploads\/2025\/09\/Group-1000001857-1.png 157w, https:\/\/wildrovertours.com\/wp-content\/uploads\/2025\/09\/Group-1000001857-1-150x150.png 150w\" data-sizes=\"(max-width: 157px) 100vw, 157px\" src=\"data:image\/svg+xml;base64,PHN2ZyB3aWR0aD0iMSIgaGVpZ2h0PSIxIiB4bWxucz0iaHR0cDovL3d3dy53My5vcmcvMjAwMC9zdmciPjwvc3ZnPg==\" style=\"--smush-placeholder-width: 157px; --smush-placeholder-aspect-ratio: 157\/157;\" \/><\/figure>\n\n\n\n<figure class=\"wp-block-image size-full\"><img decoding=\"async\" width=\"157\" height=\"157\" data-id=\"6384\" data-src=\"https:\/\/wildrovertours.com\/wp-content\/uploads\/2025\/09\/Group-1000001860-1.png\" alt=\"\" class=\"wp-image-6384 lazyload\" data-srcset=\"https:\/\/wildrovertours.com\/wp-content\/uploads\/2025\/09\/Group-1000001860-1.png 157w, https:\/\/wildrovertours.com\/wp-content\/uploads\/2025\/09\/Group-1000001860-1-150x150.png 150w\" data-sizes=\"(max-width: 157px) 100vw, 157px\" src=\"data:image\/svg+xml;base64,PHN2ZyB3aWR0aD0iMSIgaGVpZ2h0PSIxIiB4bWxucz0iaHR0cDovL3d3dy53My5vcmcvMjAwMC9zdmciPjwvc3ZnPg==\" style=\"--smush-placeholder-width: 157px; --smush-placeholder-aspect-ratio: 157\/157;\" \/><\/figure>\n<\/figure>\n<\/div>\n\n\n\n<div class=\"wp-block-column is-layout-flow wp-block-column-is-layout-flow\">\n<h5 class=\"wp-block-heading\">Prix TripAdvisor Travelers Choice 2013-2024 pour l&rsquo;Irlande<\/h5>\n\n\n\n<p>Chaque ann\u00e9e pendant 11 ann\u00e9es cons\u00e9cutives, Wild Rover Tours a \u00e9t\u00e9 \u00e9valu\u00e9e et class\u00e9e comme la meilleure compagnie de circuits d&rsquo;Irlande.<\/p>\n\n\n\n<hr class=\"wp-block-separator has-alpha-channel-opacity w-50\"\/>\n\n\n\n<h5 class=\"wp-block-heading\">2e meilleure excursion d&rsquo;une journ\u00e9e au monde<\/h5>\n\n\n\n<p>Prix TripAdvisor Choice 2020 dans la cat\u00e9gorie \u00ab Meilleures exp\u00e9riences culturelles \u00bb.<\/p>\n\n\n\n<hr class=\"wp-block-separator has-alpha-channel-opacity w-50\"\/>\n\n\n\n<h5 class=\"wp-block-heading\">Prix TripAdvisor Travelers Choice 2023 pour l&rsquo;Europe du Nord<\/h5>\n\n\n\n<p>Wild Rover Tours class\u00e9e dans le Top 20 des activit\u00e9s et la seule compagnie de circuits \u00e0 recevoir cet honneur.<\/p>\n<\/div>\n<\/div>\n<\/div><\/div>\n","protected":false},"excerpt":{"rendered":"<p>\u00c0 propos de nous Commence ton aventure avec Wild Rover Tours, la compagnie de circuits n\u00b01 d&rsquo;Irlande. Les meilleures aventures m\u00e8nent \u00e0 de belles histoires. L&rsquo;Irlande est un pays de gens bien connus comme la terre des po\u00e8tes, conteurs, musiciens, acteurs, mythes, l\u00e9gendes et bien s\u00fbr du \u00ab CRAIC \u00bb. Wild Rover Tours est la &#8230;<\/p>\n<p><a class=\"btn btn-secondary\" href=\"https:\/\/wildrovertours.com\/fr\/\">Read More<\/a><\/p>\n","protected":false},"author":1,"featured_media":7130,"parent":0,"menu_order":0,"comment_status":"closed","ping_status":"closed","template":"page-templates\/front-page.php","meta":{"content-type":"","footnotes":""},"class_list":["post-6862","page","type-page","status-publish","has-post-thumbnail","hentry"],"yoast_head":"<!-- This site is optimized with the Yoast SEO plugin v26.8 - https:\/\/yoast.com\/product\/yoast-seo-wordpress\/ -->\n<title>Wild Rover Tours | \u00c9lue \u00ab Meilleurs circuits d&#039;une journ\u00e9e en Irlande \u00bb<\/title>\n<meta name=\"description\" content=\"R\u00e9serve des circuits d&#039;une journ\u00e9e prim\u00e9s avec Wild Rover Tours, la principale compagnie d&#039;excursions d&#039;Irlande. Garantie du meilleur prix. Annulation gratuite. R\u00e9serve maintenant.\" \/>\n<meta name=\"robots\" content=\"index, follow, max-snippet:-1, max-image-preview:large, max-video-preview:-1\" \/>\n<link rel=\"canonical\" href=\"\/\" \/>\n<meta property=\"og:locale\" content=\"fr_FR\" \/>\n<meta property=\"og:type\" content=\"article\" \/>\n<meta property=\"og:title\" content=\"Wild Rover Tours | \u00c9lue \u00ab Meilleurs circuits d&#039;une journ\u00e9e en Irlande \u00bb\" \/>\n<meta property=\"og:description\" content=\"R\u00e9serve des circuits d&#039;une journ\u00e9e prim\u00e9s avec Wild Rover Tours, la principale compagnie d&#039;excursions d&#039;Irlande. Garantie du meilleur prix. Annulation gratuite. R\u00e9serve maintenant.\" \/>\n<meta property=\"og:url\" content=\"https:\/\/wildrovertours.com\/fr\/\" \/>\n<meta property=\"og:site_name\" content=\"Wild Rover Tours\" \/>\n<meta property=\"article:publisher\" content=\"https:\/\/www.facebook.com\/WildRoverDayToursIreland\/\" \/>\n<meta property=\"article:modified_time\" content=\"2025-12-16T02:09:15+00:00\" \/>\n<meta property=\"og:image\" content=\"https:\/\/wildrovertours.com\/wp-content\/uploads\/2025\/11\/Homepage-Cliffs-Giants-Belfast-Glendalough.jpg\" \/>\n\t<meta property=\"og:image:width\" content=\"1920\" \/>\n\t<meta property=\"og:image:height\" content=\"1080\" \/>\n\t<meta property=\"og:image:type\" content=\"image\/jpeg\" \/>\n<meta name=\"twitter:card\" content=\"summary_large_image\" \/>\n<meta name=\"twitter:site\" content=\"@WildRoverTours\" \/>\n<meta name=\"twitter:label1\" content=\"Dur\u00e9e de lecture estim\u00e9e\" \/>\n\t<meta name=\"twitter:data1\" content=\"3 minutes\" \/>\n<script type=\"application\/ld+json\" class=\"yoast-schema-graph\">{\"@context\":\"https:\/\/schema.org\",\"@graph\":[{\"@type\":\"WebPage\",\"@id\":\"https:\/\/wildrovertours.com\/fr\/\",\"url\":\"https:\/\/wildrovertours.com\/fr\/\",\"name\":\"Wild Rover Tours | \u00c9lue \u00ab Meilleurs circuits d'une journ\u00e9e en Irlande \u00bb\",\"isPartOf\":{\"@id\":\"https:\/\/wildrovertours.com\/fr\/#website\"},\"primaryImageOfPage\":{\"@id\":\"https:\/\/wildrovertours.com\/fr\/#primaryimage\"},\"image\":{\"@id\":\"https:\/\/wildrovertours.com\/fr\/#primaryimage\"},\"thumbnailUrl\":\"https:\/\/wildrovertours.com\/wp-content\/uploads\/2025\/11\/Homepage-Cliffs-Giants-Belfast-Glendalough.jpg\",\"datePublished\":\"2020-04-07T09:17:20+00:00\",\"dateModified\":\"2025-12-16T02:09:15+00:00\",\"description\":\"R\u00e9serve des circuits d'une journ\u00e9e prim\u00e9s avec Wild Rover Tours, la principale compagnie d'excursions d'Irlande. Garantie du meilleur prix. Annulation gratuite. R\u00e9serve maintenant.\",\"breadcrumb\":{\"@id\":\"https:\/\/wildrovertours.com\/fr\/#breadcrumb\"},\"inLanguage\":\"fr-FR\",\"potentialAction\":[{\"@type\":\"ReadAction\",\"target\":[\"https:\/\/wildrovertours.com\/fr\/\"]}]},{\"@type\":\"ImageObject\",\"inLanguage\":\"fr-FR\",\"@id\":\"https:\/\/wildrovertours.com\/fr\/#primaryimage\",\"url\":\"https:\/\/wildrovertours.com\/wp-content\/uploads\/2025\/11\/Homepage-Cliffs-Giants-Belfast-Glendalough.jpg\",\"contentUrl\":\"https:\/\/wildrovertours.com\/wp-content\/uploads\/2025\/11\/Homepage-Cliffs-Giants-Belfast-Glendalough.jpg\",\"width\":1920,\"height\":1080},{\"@type\":\"BreadcrumbList\",\"@id\":\"https:\/\/wildrovertours.com\/fr\/#breadcrumb\",\"itemListElement\":[{\"@type\":\"ListItem\",\"position\":1,\"name\":\"Home\",\"item\":\"https:\/\/wildrovertours.com\/fr\/\"},{\"@type\":\"ListItem\",\"position\":2,\"name\":\"Accueil\"}]},{\"@type\":\"WebSite\",\"@id\":\"https:\/\/wildrovertours.com\/fr\/#website\",\"url\":\"https:\/\/wildrovertours.com\/fr\/\",\"name\":\"Wild Rover Tours\",\"description\":\"Day trips, activities and multi-day tours in Ireland\",\"publisher\":{\"@id\":\"https:\/\/wildrovertours.com\/fr\/#organization\"},\"potentialAction\":[{\"@type\":\"SearchAction\",\"target\":{\"@type\":\"EntryPoint\",\"urlTemplate\":\"https:\/\/wildrovertours.com\/fr\/?s={search_term_string}\"},\"query-input\":{\"@type\":\"PropertyValueSpecification\",\"valueRequired\":true,\"valueName\":\"search_term_string\"}}],\"inLanguage\":\"fr-FR\"},{\"@type\":\"Organization\",\"@id\":\"https:\/\/wildrovertours.com\/fr\/#organization\",\"name\":\"Wild Rover Tours\",\"url\":\"https:\/\/wildrovertours.com\/fr\/\",\"logo\":{\"@type\":\"ImageObject\",\"inLanguage\":\"fr-FR\",\"@id\":\"https:\/\/wildrovertours.com\/fr\/#\/schema\/logo\/image\/\",\"url\":\"https:\/\/wildrovertours.com\/wp-content\/uploads\/2018\/02\/wrt-logo2.jpg\",\"contentUrl\":\"https:\/\/wildrovertours.com\/wp-content\/uploads\/2018\/02\/wrt-logo2.jpg\",\"width\":150,\"height\":150,\"caption\":\"Wild Rover Tours\"},\"image\":{\"@id\":\"https:\/\/wildrovertours.com\/fr\/#\/schema\/logo\/image\/\"},\"sameAs\":[\"https:\/\/www.facebook.com\/WildRoverDayToursIreland\/\",\"https:\/\/x.com\/WildRoverTours\",\"https:\/\/www.instagram.com\/wild_rover_tours\/\",\"https:\/\/www.pinterest.ie\/wildrovertours1\/?eq=wildrover&amp;amp;amp;amp;etslf=6690\/\",\"https:\/\/www.youtube.com\/user\/WildRoverDayTours\/?sub_confirmation=1\"]}]}<\/script>\n<!-- \/ Yoast SEO plugin. -->","yoast_head_json":{"title":"Wild Rover Tours | \u00c9lue \u00ab Meilleurs circuits d'une journ\u00e9e en Irlande \u00bb","description":"R\u00e9serve des circuits d'une journ\u00e9e prim\u00e9s avec Wild Rover Tours, la principale compagnie d'excursions d'Irlande. Garantie du meilleur prix. Annulation gratuite. R\u00e9serve maintenant.","robots":{"index":"index","follow":"follow","max-snippet":"max-snippet:-1","max-image-preview":"max-image-preview:large","max-video-preview":"max-video-preview:-1"},"canonical":"\/","og_locale":"fr_FR","og_type":"article","og_title":"Wild Rover Tours | \u00c9lue \u00ab Meilleurs circuits d'une journ\u00e9e en Irlande \u00bb","og_description":"R\u00e9serve des circuits d'une journ\u00e9e prim\u00e9s avec Wild Rover Tours, la principale compagnie d'excursions d'Irlande. Garantie du meilleur prix. Annulation gratuite. R\u00e9serve maintenant.","og_url":"https:\/\/wildrovertours.com\/fr\/","og_site_name":"Wild Rover Tours","article_publisher":"https:\/\/www.facebook.com\/WildRoverDayToursIreland\/","article_modified_time":"2025-12-16T02:09:15+00:00","og_image":[{"width":1920,"height":1080,"url":"https:\/\/wildrovertours.com\/wp-content\/uploads\/2025\/11\/Homepage-Cliffs-Giants-Belfast-Glendalough.jpg","type":"image\/jpeg"}],"twitter_card":"summary_large_image","twitter_site":"@WildRoverTours","twitter_misc":{"Dur\u00e9e de lecture estim\u00e9e":"3 minutes"},"schema":{"@context":"https:\/\/schema.org","@graph":[{"@type":"WebPage","@id":"https:\/\/wildrovertours.com\/fr\/","url":"https:\/\/wildrovertours.com\/fr\/","name":"Wild Rover Tours | \u00c9lue \u00ab Meilleurs circuits d'une journ\u00e9e en Irlande \u00bb","isPartOf":{"@id":"https:\/\/wildrovertours.com\/fr\/#website"},"primaryImageOfPage":{"@id":"https:\/\/wildrovertours.com\/fr\/#primaryimage"},"image":{"@id":"https:\/\/wildrovertours.com\/fr\/#primaryimage"},"thumbnailUrl":"https:\/\/wildrovertours.com\/wp-content\/uploads\/2025\/11\/Homepage-Cliffs-Giants-Belfast-Glendalough.jpg","datePublished":"2020-04-07T09:17:20+00:00","dateModified":"2025-12-16T02:09:15+00:00","description":"R\u00e9serve des circuits d'une journ\u00e9e prim\u00e9s avec Wild Rover Tours, la principale compagnie d'excursions d'Irlande. Garantie du meilleur prix. Annulation gratuite. R\u00e9serve maintenant.","breadcrumb":{"@id":"https:\/\/wildrovertours.com\/fr\/#breadcrumb"},"inLanguage":"fr-FR","potentialAction":[{"@type":"ReadAction","target":["https:\/\/wildrovertours.com\/fr\/"]}]},{"@type":"ImageObject","inLanguage":"fr-FR","@id":"https:\/\/wildrovertours.com\/fr\/#primaryimage","url":"https:\/\/wildrovertours.com\/wp-content\/uploads\/2025\/11\/Homepage-Cliffs-Giants-Belfast-Glendalough.jpg","contentUrl":"https:\/\/wildrovertours.com\/wp-content\/uploads\/2025\/11\/Homepage-Cliffs-Giants-Belfast-Glendalough.jpg","width":1920,"height":1080},{"@type":"BreadcrumbList","@id":"https:\/\/wildrovertours.com\/fr\/#breadcrumb","itemListElement":[{"@type":"ListItem","position":1,"name":"Home","item":"https:\/\/wildrovertours.com\/fr\/"},{"@type":"ListItem","position":2,"name":"Accueil"}]},{"@type":"WebSite","@id":"https:\/\/wildrovertours.com\/fr\/#website","url":"https:\/\/wildrovertours.com\/fr\/","name":"Wild Rover Tours","description":"Day trips, activities and multi-day tours in Ireland","publisher":{"@id":"https:\/\/wildrovertours.com\/fr\/#organization"},"potentialAction":[{"@type":"SearchAction","target":{"@type":"EntryPoint","urlTemplate":"https:\/\/wildrovertours.com\/fr\/?s={search_term_string}"},"query-input":{"@type":"PropertyValueSpecification","valueRequired":true,"valueName":"search_term_string"}}],"inLanguage":"fr-FR"},{"@type":"Organization","@id":"https:\/\/wildrovertours.com\/fr\/#organization","name":"Wild Rover Tours","url":"https:\/\/wildrovertours.com\/fr\/","logo":{"@type":"ImageObject","inLanguage":"fr-FR","@id":"https:\/\/wildrovertours.com\/fr\/#\/schema\/logo\/image\/","url":"https:\/\/wildrovertours.com\/wp-content\/uploads\/2018\/02\/wrt-logo2.jpg","contentUrl":"https:\/\/wildrovertours.com\/wp-content\/uploads\/2018\/02\/wrt-logo2.jpg","width":150,"height":150,"caption":"Wild Rover Tours"},"image":{"@id":"https:\/\/wildrovertours.com\/fr\/#\/schema\/logo\/image\/"},"sameAs":["https:\/\/www.facebook.com\/WildRoverDayToursIreland\/","https:\/\/x.com\/WildRoverTours","https:\/\/www.instagram.com\/wild_rover_tours\/","https:\/\/www.pinterest.ie\/wildrovertours1\/?eq=wildrover&amp;amp;amp;amp;etslf=6690\/","https:\/\/www.youtube.com\/user\/WildRoverDayTours\/?sub_confirmation=1"]}]}},"_links":{"self":[{"href":"https:\/\/wildrovertours.com\/fr\/wp-json\/wp\/v2\/pages\/6862","targetHints":{"allow":["GET"]}}],"collection":[{"href":"https:\/\/wildrovertours.com\/fr\/wp-json\/wp\/v2\/pages"}],"about":[{"href":"https:\/\/wildrovertours.com\/fr\/wp-json\/wp\/v2\/types\/page"}],"author":[{"embeddable":true,"href":"https:\/\/wildrovertours.com\/fr\/wp-json\/wp\/v2\/users\/1"}],"replies":[{"embeddable":true,"href":"https:\/\/wildrovertours.com\/fr\/wp-json\/wp\/v2\/comments?post=6862"}],"version-history":[{"count":1,"href":"https:\/\/wildrovertours.com\/fr\/wp-json\/wp\/v2\/pages\/6862\/revisions"}],"predecessor-version":[{"id":6880,"href":"https:\/\/wildrovertours.com\/fr\/wp-json\/wp\/v2\/pages\/6862\/revisions\/6880"}],"wp:featuredmedia":[{"embeddable":true,"href":"https:\/\/wildrovertours.com\/fr\/wp-json\/wp\/v2\/media\/7130"}],"wp:attachment":[{"href":"https:\/\/wildrovertours.com\/fr\/wp-json\/wp\/v2\/media?parent=6862"}],"curies":[{"name":"wp","href":"https:\/\/api.w.org\/{rel}","templated":true}]}}