{"id":6837,"date":"2020-05-14T14:45:52","date_gmt":"2020-05-14T13:45:52","guid":{"rendered":"https:\/\/wildrovertours.com\/offres-speciales-sur-les-excursions-dune-journee-au-depart-de-dublin\/"},"modified":"2025-12-03T00:46:14","modified_gmt":"2025-12-03T00:46:14","slug":"offres-speciales-sur-les-excursions-dune-journee-au-depart-de-dublin","status":"publish","type":"page","link":"https:\/\/wildrovertours.com\/fr\/offres-speciales-sur-les-excursions-dune-journee-au-depart-de-dublin\/","title":{"rendered":"Offres sp\u00e9ciales"},"content":{"rendered":"\n<h3 class=\"wp-block-heading\">Offres sp\u00e9ciales<\/h3>\n\n<p>Chez Wild Rover Tours, nous voulons que tous les visiteurs en Irlande vivent la meilleure exp\u00e9rience possible. Nous garantissons que plus tu verras, plus tu tomberas amoureux de notre pays unique. Dans cette optique, nous avons cr\u00e9\u00e9 de superbes <strong>offres sp\u00e9ciales<\/strong> sur nos <strong>excursions prim\u00e9es d&rsquo;une journ\u00e9e au d\u00e9part de Dublin<\/strong> dont tu peux profiter lors de ta r\u00e9servation !  <\/p>\n\n<p>N&rsquo;oublie pas que nous offrons une <a href=\"https:\/\/wildrovertours.com\/best-price-guarantee\/\">Garantie du Meilleur Prix<\/a> \u2013 tu ne trouveras pas nos excursions moins ch\u00e8res ailleurs. Nos excursions incluent aussi une <a href=\"https:\/\/wildrovertours.com\/free-cancellation\/\">Annulation Gratuite<\/a> pour plus de tranquillit\u00e9 d&rsquo;esprit, au cas o\u00f9 tes plans changeraient. <\/p>\n\n<h3 class=\"wp-block-heading\">10 % de r\u00e9duction &#8211; pour la r\u00e9servation de 2 excursions.<\/h3>\n\n<p>Plus tu d\u00e9couvriras notre magnifique campagne, plus tu tomberas amoureux de l&rsquo;Irlande. Nous proposons plusieurs excursions prim\u00e9es d&rsquo;une journ\u00e9e au d\u00e9part de Dublin parmi lesquelles tu peux choisir. Pour t&rsquo;aider \u00e0 voir plus de l&rsquo;Irlande, si tu r\u00e9serves une deuxi\u00e8me excursion Wild Rover Tours, nous t&rsquo;offrirons une <strong>r\u00e9duction de 10 %<\/strong> sur <strong>LES DEUX<\/strong> excursions. Pour profiter de cette super offre sp\u00e9ciale, r\u00e9serve l&rsquo;un de nos forfaits d&rsquo;excursions.   <\/p>\n\n<p class=\"has-text-align-left\"><strong>10 % de r\u00e9duction sur les forfaits<\/strong><\/p>\n\n<ul class=\"wp-block-list\">\n<li>Falaises de Moher &amp; Galway + Wicklow, Glendalough et Kilkenny. <a href=\"https:\/\/wildrovertours.com\/activity\/cliffs-moher-wicklow-kilkenny\/\">R\u00e9serve maintenant<\/a>.<\/li>\n\n\n\n<li>Wicklow, Glendalough et Kilkenny + Irlande du Nord. <a href=\"https:\/\/wildrovertours.com\/activity\/northern-ireland-wicklow-kilkenny\/\">R\u00e9serve maintenant<\/a>.<\/li>\n\n\n\n<li>Irlande du Nord + Falaises de Moher &amp; Galway. <a href=\"https:\/\/wildrovertours.com\/activity\/cliffs-of-moher-belfast\/\">R\u00e9serve maintenant<\/a>.<\/li>\n\n\n\n<li>Falaises de Moher &amp; Bunratty + Wicklow, Glendalough et Kilkenny <a href=\"https:\/\/wildrovertours.com\/activity\/cliffs-of-moher-bunratty-wicklow-kilkenny\/\">R\u00e9serve maintenant<\/a>.<\/li>\n\n\n\n<li>Irlande du Nord + Falaises de Moher &amp; Bunratty. <a href=\"https:\/\/wildrovertours.com\/activity\/cliffs-of-moher-bunratty-giants-causeway-belfast\/\">R\u00e9serve maintenant<\/a>.<\/li>\n<\/ul>\n\n<h3 class=\"wp-block-heading\">12,5 % de r\u00e9duction &#8211; forfait 3 excursions<\/h3>\n\n<p>Tu veux voir autant d&rsquo;Irlande que possible pendant ton s\u00e9jour ? Alors notre forfait de <g id=\"gid_0\">trois<\/g> excursions est l&rsquo;offre qu&rsquo;il te faut. Tu b\u00e9n\u00e9ficieras de 12,5 % de r\u00e9duction sur ta r\u00e9servation compl\u00e8te si tu choisis notre forfait 3 excursions.   <\/p>\n\n<p><strong>12,5 % de r\u00e9duction sur les forfaits<\/strong><\/p>\n\n<p>Cette offre sp\u00e9ciale comprend des excursions d&rsquo;une journ\u00e9e vers :<\/p>\n\n<ul class=\"wp-block-list\">\n<li>Falaises de Moher &amp; Galway ou Falaises de Moher &amp; Bunratty<\/li>\n\n\n\n<li>Wicklow, Glendalough et Kilkenny<\/li>\n\n\n\n<li>Irlande du Nord<\/li>\n<\/ul>\n\n<p>Notre forfait 3 excursions repr\u00e9sente une r\u00e9duction de 12,5 %. <\/p>\n\n<p>R\u00e9serve le forfait 3 excursions avec <a href=\"https:\/\/wildrovertours.com\/activity\/cliffs-moher-belfast-wicklow\/\">Falaises de Moher &amp; Galway<\/a>. R\u00e9serve le forfait 3 excursions avec <a href=\"https:\/\/wildrovertours.com\/activity\/3-tour-special\/\">Falaises de Moher &amp; Bunratty<\/a>. <\/p>\n\n<p><\/p>\n\n<h3 class=\"wp-block-heading\">15 % de r\u00e9duction pour les groupes<\/h3>\n\n<p>Tu voyages en groupe ? Nous offrons une <g id=\"gid_0\">r\u00e9duction de 15 % pour les groupes<\/g> de 16 personnes ou plus. R\u00e9serve en ligne et la r\u00e9duction sera appliqu\u00e9e automatiquement lorsque 16 billets ou plus sont r\u00e9serv\u00e9s.  <\/p>\n\n<p>Nous proposons \u00e9galement des <a href=\"https:\/\/wildrovertours.com\/private-tours\/\">excursions priv\u00e9es<\/a>, qui sont tr\u00e8s populaires aupr\u00e8s des groupes. Si tu souhaites en savoir plus, envoie ta demande par email \u00e0 info@wildrovertours.com et nous pourrons t&rsquo;envoyer plus d&rsquo;informations. Les prix d\u00e9pendent des itin\u00e9raires choisis et du nombre de personnes dans le groupe.  <\/p>\n\n<p><strong>Nous modifions et mettons \u00e0 jour r\u00e9guli\u00e8rement les offres sp\u00e9ciales, alors r\u00e9serve maintenant pour \u00e9viter toute d\u00e9ception !<\/strong><\/p>\n\n<h2 class=\"wp-block-heading\">Plus d&rsquo;offres sp\u00e9ciales <\/h2>\n\n<h3 class=\"wp-block-heading\">Tour de ville de Dublin en bus hop-on hop-off<\/h3>\n\n<p>20 % de r\u00e9duction sur <a href=\"https:\/\/wildrovertours.com\/activity\/hop-on-hop-off-dublin-sightseeing-bus-special\/\"><strong>hop-on hop-off<\/strong><\/a><strong> <\/strong>Sur les tours de ville en bus de Dublin. Il y aura une <g id=\"gid_0\">r\u00e9duction de 20 % sur tous les circuits touristiques de la ville<\/g>, tant pour la compagnie <g id=\"gid_1\">Do Dublin<\/g> que pour <g id=\"gid_2\">Big Bus<\/g>. Les billets pour les circuits DOIVENT \u00caTRE RETIR\u00c9S au kiosque Day Trips &amp; Tours, St Stephens Green Shopping Centre, Dublin 2 ou au bureau de Big Bus, 26 Bachelors Walk, North City, Dublin 1, DO1 A9.  <\/p>\n\n<p>Aucun code promo Wild Rover Tours sp\u00e9cial n&rsquo;est n\u00e9cessaire. Ajoute simplement \u00e0 ta r\u00e9servation lors du paiement et la r\u00e9duction sera automatiquement appliqu\u00e9e. <\/p>\n\n<h3 class=\"wp-block-heading\">Consigne \u00e0 bagages<\/h3>\n\n<p>Il est \u00e9galement important pour nous de t&rsquo;aider \u00e0 r\u00e9duire le stress li\u00e9 \u00e0 la planification de ton voyage \u00e0 Dublin, c&rsquo;est pourquoi nous sommes fiers d&rsquo;offrir une <a href=\"https:\/\/wildrovertours.com\/activity\/luggage-storage\/\">consigne \u00e0 bagages<\/a> s\u00fbre et s\u00e9curis\u00e9e dans le centre-ville de Dublin pendant que tu explores ! Nous pouvons offrir <strong>15 % de r\u00e9duction sur le co\u00fbt de la consigne \u00e0 bagages exclusivement pour les clients de Wild Rover Tours<\/strong> <\/p>\n\n<p>Rien ne g\u00e2che plus le plaisir de visiter une nouvelle ville que de tra\u00eener des bagages lourds et encombrants avec toi. Nous avons la solution ! Les services de consigne \u00e0 bagages (ouverts 24h\/24) seront fournis par l&rsquo;<strong>Abbey Court Hostel<\/strong> sur Bachelors Walk (\u00e0 c\u00f4t\u00e9 du pont O&rsquo;Connell). C&rsquo;est un excellent emplacement central \u00e0 seulement cinq minutes \u00e0 pied des arr\u00eats de bus navette a\u00e9roport 747 Airlink &amp; Aircoach \u2013 alors sors et explore sans stress !   <\/p>\n\n<p>Abbey Court Hostel, 29 Bachelors Walk, North City, Dublin, D01 AX90. T\u00e9l (01) 878 0700  <\/p>\n\n<p>N&rsquo;oublie pas que tu b\u00e9n\u00e9ficies d&rsquo;une r\u00e9duction en ligne lorsque tu r\u00e9serves une excursion Wild Rover Tours en m\u00eame temps !<\/p>\n","protected":false},"excerpt":{"rendered":"<p>Offres sp\u00e9ciales Chez Wild Rover Tours, nous voulons que tous les visiteurs en Irlande vivent la meilleure exp\u00e9rience possible. Nous garantissons que plus tu verras, plus tu tomberas amoureux de notre pays unique. Dans cette optique, nous avons cr\u00e9\u00e9 de superbes offres sp\u00e9ciales sur nos excursions prim\u00e9es d&rsquo;une journ\u00e9e au d\u00e9part de Dublin dont tu &#8230;<\/p>\n<p><a class=\"btn btn-secondary\" href=\"https:\/\/wildrovertours.com\/fr\/offres-speciales-sur-les-excursions-dune-journee-au-depart-de-dublin\/\">Read More<\/a><\/p>\n","protected":false},"author":1,"featured_media":7113,"parent":0,"menu_order":0,"comment_status":"closed","ping_status":"closed","template":"page-templates\/special-offers.php","meta":{"content-type":"","footnotes":""},"class_list":["post-6837","page","type-page","status-publish","has-post-thumbnail","hentry"],"yoast_head":"<!-- This site is optimized with the Yoast SEO plugin v26.8 - https:\/\/yoast.com\/product\/yoast-seo-wordpress\/ -->\n<title>Offres sp\u00e9ciales - Wild Rover Tours<\/title>\n<meta name=\"description\" content=\"D\u00e9couvre les offres sp\u00e9ciales et les r\u00e9ductions sur les excursions populaires au d\u00e9part de Dublin ainsi que les promotions de Wild Rover Tours. Clique ici pour voir nos derni\u00e8res offres.\" \/>\n<meta name=\"robots\" content=\"index, follow, max-snippet:-1, max-image-preview:large, max-video-preview:-1\" \/>\n<link rel=\"canonical\" href=\"\/\" \/>\n<meta property=\"og:locale\" content=\"fr_FR\" \/>\n<meta property=\"og:type\" content=\"article\" \/>\n<meta property=\"og:title\" content=\"Offres sp\u00e9ciales - Wild Rover Tours\" \/>\n<meta property=\"og:description\" content=\"D\u00e9couvre les offres sp\u00e9ciales et les r\u00e9ductions sur les excursions populaires au d\u00e9part de Dublin ainsi que les promotions de Wild Rover Tours. Clique ici pour voir nos derni\u00e8res offres.\" \/>\n<meta property=\"og:url\" content=\"https:\/\/wildrovertours.com\/fr\/offres-speciales-sur-les-excursions-dune-journee-au-depart-de-dublin\/\" \/>\n<meta property=\"og:site_name\" content=\"Wild Rover Tours\" \/>\n<meta property=\"article:publisher\" content=\"https:\/\/www.facebook.com\/WildRoverDayToursIreland\/\" \/>\n<meta property=\"article:modified_time\" content=\"2025-12-03T00:46:14+00:00\" \/>\n<meta name=\"twitter:card\" content=\"summary_large_image\" \/>\n<meta name=\"twitter:site\" content=\"@WildRoverTours\" \/>\n<script type=\"application\/ld+json\" class=\"yoast-schema-graph\">{\"@context\":\"https:\/\/schema.org\",\"@graph\":[{\"@type\":\"WebPage\",\"@id\":\"https:\/\/wildrovertours.com\/fr\/offres-speciales-sur-les-excursions-dune-journee-au-depart-de-dublin\/\",\"url\":\"https:\/\/wildrovertours.com\/fr\/offres-speciales-sur-les-excursions-dune-journee-au-depart-de-dublin\/\",\"name\":\"Offres sp\u00e9ciales - Wild Rover Tours\",\"isPartOf\":{\"@id\":\"https:\/\/wildrovertours.com\/fr\/#website\"},\"primaryImageOfPage\":{\"@id\":\"https:\/\/wildrovertours.com\/fr\/offres-speciales-sur-les-excursions-dune-journee-au-depart-de-dublin\/#primaryimage\"},\"image\":{\"@id\":\"https:\/\/wildrovertours.com\/fr\/offres-speciales-sur-les-excursions-dune-journee-au-depart-de-dublin\/#primaryimage\"},\"thumbnailUrl\":\"https:\/\/wildrovertours.com\/wp-content\/uploads\/2020\/04\/Cliffs-Bunratty-Tour.jpg\",\"datePublished\":\"2020-05-14T13:45:52+00:00\",\"dateModified\":\"2025-12-03T00:46:14+00:00\",\"description\":\"D\u00e9couvre les offres sp\u00e9ciales et les r\u00e9ductions sur les excursions populaires au d\u00e9part de Dublin ainsi que les promotions de Wild Rover Tours. Clique ici pour voir nos derni\u00e8res offres.\",\"breadcrumb\":{\"@id\":\"https:\/\/wildrovertours.com\/fr\/offres-speciales-sur-les-excursions-dune-journee-au-depart-de-dublin\/#breadcrumb\"},\"inLanguage\":\"fr-FR\",\"potentialAction\":[{\"@type\":\"ReadAction\",\"target\":[\"https:\/\/wildrovertours.com\/fr\/offres-speciales-sur-les-excursions-dune-journee-au-depart-de-dublin\/\"]}]},{\"@type\":\"ImageObject\",\"inLanguage\":\"fr-FR\",\"@id\":\"https:\/\/wildrovertours.com\/fr\/offres-speciales-sur-les-excursions-dune-journee-au-depart-de-dublin\/#primaryimage\",\"url\":\"https:\/\/wildrovertours.com\/wp-content\/uploads\/2020\/04\/Cliffs-Bunratty-Tour.jpg\",\"contentUrl\":\"https:\/\/wildrovertours.com\/wp-content\/uploads\/2020\/04\/Cliffs-Bunratty-Tour.jpg\",\"width\":1920,\"height\":1080},{\"@type\":\"BreadcrumbList\",\"@id\":\"https:\/\/wildrovertours.com\/fr\/offres-speciales-sur-les-excursions-dune-journee-au-depart-de-dublin\/#breadcrumb\",\"itemListElement\":[{\"@type\":\"ListItem\",\"position\":1,\"name\":\"Home\",\"item\":\"https:\/\/wildrovertours.com\/fr\/\"},{\"@type\":\"ListItem\",\"position\":2,\"name\":\"Offres sp\u00e9ciales\"}]},{\"@type\":\"WebSite\",\"@id\":\"https:\/\/wildrovertours.com\/fr\/#website\",\"url\":\"https:\/\/wildrovertours.com\/fr\/\",\"name\":\"Wild Rover Tours\",\"description\":\"Day trips, activities and multi-day tours in Ireland\",\"publisher\":{\"@id\":\"https:\/\/wildrovertours.com\/fr\/#organization\"},\"potentialAction\":[{\"@type\":\"SearchAction\",\"target\":{\"@type\":\"EntryPoint\",\"urlTemplate\":\"https:\/\/wildrovertours.com\/fr\/?s={search_term_string}\"},\"query-input\":{\"@type\":\"PropertyValueSpecification\",\"valueRequired\":true,\"valueName\":\"search_term_string\"}}],\"inLanguage\":\"fr-FR\"},{\"@type\":\"Organization\",\"@id\":\"https:\/\/wildrovertours.com\/fr\/#organization\",\"name\":\"Wild Rover Tours\",\"url\":\"https:\/\/wildrovertours.com\/fr\/\",\"logo\":{\"@type\":\"ImageObject\",\"inLanguage\":\"fr-FR\",\"@id\":\"https:\/\/wildrovertours.com\/fr\/#\/schema\/logo\/image\/\",\"url\":\"https:\/\/wildrovertours.com\/wp-content\/uploads\/2018\/02\/wrt-logo2.jpg\",\"contentUrl\":\"https:\/\/wildrovertours.com\/wp-content\/uploads\/2018\/02\/wrt-logo2.jpg\",\"width\":150,\"height\":150,\"caption\":\"Wild Rover Tours\"},\"image\":{\"@id\":\"https:\/\/wildrovertours.com\/fr\/#\/schema\/logo\/image\/\"},\"sameAs\":[\"https:\/\/www.facebook.com\/WildRoverDayToursIreland\/\",\"https:\/\/x.com\/WildRoverTours\",\"https:\/\/www.instagram.com\/wild_rover_tours\/\",\"https:\/\/www.pinterest.ie\/wildrovertours1\/?eq=wildrover&amp;amp;amp;amp;etslf=6690\/\",\"https:\/\/www.youtube.com\/user\/WildRoverDayTours\/?sub_confirmation=1\"]}]}<\/script>\n<!-- \/ Yoast SEO plugin. -->","yoast_head_json":{"title":"Offres sp\u00e9ciales - Wild Rover Tours","description":"D\u00e9couvre les offres sp\u00e9ciales et les r\u00e9ductions sur les excursions populaires au d\u00e9part de Dublin ainsi que les promotions de Wild Rover Tours. Clique ici pour voir nos derni\u00e8res offres.","robots":{"index":"index","follow":"follow","max-snippet":"max-snippet:-1","max-image-preview":"max-image-preview:large","max-video-preview":"max-video-preview:-1"},"canonical":"\/","og_locale":"fr_FR","og_type":"article","og_title":"Offres sp\u00e9ciales - Wild Rover Tours","og_description":"D\u00e9couvre les offres sp\u00e9ciales et les r\u00e9ductions sur les excursions populaires au d\u00e9part de Dublin ainsi que les promotions de Wild Rover Tours. Clique ici pour voir nos derni\u00e8res offres.","og_url":"https:\/\/wildrovertours.com\/fr\/offres-speciales-sur-les-excursions-dune-journee-au-depart-de-dublin\/","og_site_name":"Wild Rover Tours","article_publisher":"https:\/\/www.facebook.com\/WildRoverDayToursIreland\/","article_modified_time":"2025-12-03T00:46:14+00:00","twitter_card":"summary_large_image","twitter_site":"@WildRoverTours","schema":{"@context":"https:\/\/schema.org","@graph":[{"@type":"WebPage","@id":"https:\/\/wildrovertours.com\/fr\/offres-speciales-sur-les-excursions-dune-journee-au-depart-de-dublin\/","url":"https:\/\/wildrovertours.com\/fr\/offres-speciales-sur-les-excursions-dune-journee-au-depart-de-dublin\/","name":"Offres sp\u00e9ciales - Wild Rover Tours","isPartOf":{"@id":"https:\/\/wildrovertours.com\/fr\/#website"},"primaryImageOfPage":{"@id":"https:\/\/wildrovertours.com\/fr\/offres-speciales-sur-les-excursions-dune-journee-au-depart-de-dublin\/#primaryimage"},"image":{"@id":"https:\/\/wildrovertours.com\/fr\/offres-speciales-sur-les-excursions-dune-journee-au-depart-de-dublin\/#primaryimage"},"thumbnailUrl":"https:\/\/wildrovertours.com\/wp-content\/uploads\/2020\/04\/Cliffs-Bunratty-Tour.jpg","datePublished":"2020-05-14T13:45:52+00:00","dateModified":"2025-12-03T00:46:14+00:00","description":"D\u00e9couvre les offres sp\u00e9ciales et les r\u00e9ductions sur les excursions populaires au d\u00e9part de Dublin ainsi que les promotions de Wild Rover Tours. Clique ici pour voir nos derni\u00e8res offres.","breadcrumb":{"@id":"https:\/\/wildrovertours.com\/fr\/offres-speciales-sur-les-excursions-dune-journee-au-depart-de-dublin\/#breadcrumb"},"inLanguage":"fr-FR","potentialAction":[{"@type":"ReadAction","target":["https:\/\/wildrovertours.com\/fr\/offres-speciales-sur-les-excursions-dune-journee-au-depart-de-dublin\/"]}]},{"@type":"ImageObject","inLanguage":"fr-FR","@id":"https:\/\/wildrovertours.com\/fr\/offres-speciales-sur-les-excursions-dune-journee-au-depart-de-dublin\/#primaryimage","url":"https:\/\/wildrovertours.com\/wp-content\/uploads\/2020\/04\/Cliffs-Bunratty-Tour.jpg","contentUrl":"https:\/\/wildrovertours.com\/wp-content\/uploads\/2020\/04\/Cliffs-Bunratty-Tour.jpg","width":1920,"height":1080},{"@type":"BreadcrumbList","@id":"https:\/\/wildrovertours.com\/fr\/offres-speciales-sur-les-excursions-dune-journee-au-depart-de-dublin\/#breadcrumb","itemListElement":[{"@type":"ListItem","position":1,"name":"Home","item":"https:\/\/wildrovertours.com\/fr\/"},{"@type":"ListItem","position":2,"name":"Offres sp\u00e9ciales"}]},{"@type":"WebSite","@id":"https:\/\/wildrovertours.com\/fr\/#website","url":"https:\/\/wildrovertours.com\/fr\/","name":"Wild Rover Tours","description":"Day trips, activities and multi-day tours in Ireland","publisher":{"@id":"https:\/\/wildrovertours.com\/fr\/#organization"},"potentialAction":[{"@type":"SearchAction","target":{"@type":"EntryPoint","urlTemplate":"https:\/\/wildrovertours.com\/fr\/?s={search_term_string}"},"query-input":{"@type":"PropertyValueSpecification","valueRequired":true,"valueName":"search_term_string"}}],"inLanguage":"fr-FR"},{"@type":"Organization","@id":"https:\/\/wildrovertours.com\/fr\/#organization","name":"Wild Rover Tours","url":"https:\/\/wildrovertours.com\/fr\/","logo":{"@type":"ImageObject","inLanguage":"fr-FR","@id":"https:\/\/wildrovertours.com\/fr\/#\/schema\/logo\/image\/","url":"https:\/\/wildrovertours.com\/wp-content\/uploads\/2018\/02\/wrt-logo2.jpg","contentUrl":"https:\/\/wildrovertours.com\/wp-content\/uploads\/2018\/02\/wrt-logo2.jpg","width":150,"height":150,"caption":"Wild Rover Tours"},"image":{"@id":"https:\/\/wildrovertours.com\/fr\/#\/schema\/logo\/image\/"},"sameAs":["https:\/\/www.facebook.com\/WildRoverDayToursIreland\/","https:\/\/x.com\/WildRoverTours","https:\/\/www.instagram.com\/wild_rover_tours\/","https:\/\/www.pinterest.ie\/wildrovertours1\/?eq=wildrover&amp;amp;amp;amp;etslf=6690\/","https:\/\/www.youtube.com\/user\/WildRoverDayTours\/?sub_confirmation=1"]}]}},"_links":{"self":[{"href":"https:\/\/wildrovertours.com\/fr\/wp-json\/wp\/v2\/pages\/6837","targetHints":{"allow":["GET"]}}],"collection":[{"href":"https:\/\/wildrovertours.com\/fr\/wp-json\/wp\/v2\/pages"}],"about":[{"href":"https:\/\/wildrovertours.com\/fr\/wp-json\/wp\/v2\/types\/page"}],"author":[{"embeddable":true,"href":"https:\/\/wildrovertours.com\/fr\/wp-json\/wp\/v2\/users\/1"}],"replies":[{"embeddable":true,"href":"https:\/\/wildrovertours.com\/fr\/wp-json\/wp\/v2\/comments?post=6837"}],"version-history":[{"count":2,"href":"https:\/\/wildrovertours.com\/fr\/wp-json\/wp\/v2\/pages\/6837\/revisions"}],"predecessor-version":[{"id":7336,"href":"https:\/\/wildrovertours.com\/fr\/wp-json\/wp\/v2\/pages\/6837\/revisions\/7336"}],"wp:featuredmedia":[{"embeddable":true,"href":"https:\/\/wildrovertours.com\/fr\/wp-json\/wp\/v2\/media\/7113"}],"wp:attachment":[{"href":"https:\/\/wildrovertours.com\/fr\/wp-json\/wp\/v2\/media?parent=6837"}],"curies":[{"name":"wp","href":"https:\/\/api.w.org\/{rel}","templated":true}]}}