{"id":6748,"date":"2022-12-21T09:06:40","date_gmt":"2022-12-21T09:06:40","guid":{"rendered":"https:\/\/wildrovertours.com\/a-propos-de-nous\/"},"modified":"2025-10-15T22:30:05","modified_gmt":"2025-10-15T21:30:05","slug":"a-propos-de-nous","status":"publish","type":"page","link":"https:\/\/wildrovertours.com\/fr\/a-propos-de-nous\/","title":{"rendered":"\u00c0 propos de nous"},"content":{"rendered":"\n<p><strong>\u00c0 propos de Wild Rover Tours<\/strong><\/p>\n\n<p>Bienvenue chez Wild Rover Tours, o\u00f9 notre passion pour mettre en valeur la beaut\u00e9 et l&rsquo;histoire de l&rsquo;Irlande est au c\u0153ur de tout ce que nous faisons. Depuis notre base \u00e0 Dublin, nous emmenons les voyageurs dans des voyages inoubliables vers les paysages les plus embl\u00e9matiques du pays, les villes dynamiques et les joyaux cach\u00e9s. Que ce soit ta premi\u00e8re visite en Irlande ou une chance de red\u00e9couvrir sa magie, nous sommes l\u00e0 pour nous assurer que chaque instant te laisse des souvenirs \u00e0 ch\u00e9rir.<\/p>\n\n<p><strong>Notre histoire<\/strong><br\/>Wild Rover Tours est n\u00e9 d&rsquo;un amour profond pour les paysages accident\u00e9s et le riche patrimoine culturel de l&rsquo;Irlande. Nos fondateurs, John et Jacqueline Goldrick, inspir\u00e9s par leurs propres voyages et un d\u00e9sir de partager des exp\u00e9riences irlandaises authentiques, ont vu une opportunit\u00e9 de cr\u00e9er des circuits qui vont au-del\u00e0 des itin\u00e9raires habituels, offrant une connexion plus profonde avec la terre et ses histoires.<\/p>\n\n<p>Nous voulions faire plus que simplement te montrer l&rsquo;Irlande\u00a0; nous voulions t&rsquo;y immerger. Chaque circuit est soigneusement con\u00e7u pour \u00e9quilibrer des paysages \u00e0 couper le souffle, des aper\u00e7us historiques et des rencontres culturelles authentiques.<\/p>\n\n<p><strong>Notre mission et nos valeurs fondamentales<br\/>Nous croyons en la cr\u00e9ation d&rsquo;exp\u00e9riences qui\u00a0:<\/strong><\/p>\n\n<ul class=\"wp-block-list\">\n<li><strong>Inspirent et \u00e9duquent\u00a0:<\/strong> Chaque circuit est un voyage dans le temps, donnant vie \u00e0 l&rsquo;histoire, au folklore et aux merveilles naturelles de l&rsquo;Irlande.<\/li>\n\n\n\n<li><strong>Offrent l&rsquo;excellence\u00a0:<\/strong> Des arrangements de voyage confortables aux guides ET chauffeurs comp\u00e9tents, nous accordons la priorit\u00e9 \u00e0 la qualit\u00e9 et \u00e0 l&rsquo;attention aux d\u00e9tails.<\/li>\n\n\n\n<li><strong>Encouragent la durabilit\u00e9\u00a0:<\/strong> Nous nous engageons \u00e0 adopter des pratiques \u00e9cologiques qui pr\u00e9servent la beaut\u00e9 de l&rsquo;Irlande pour les g\u00e9n\u00e9rations futures.<\/li>\n\n\n\n<li><strong>Donnent la priorit\u00e9 \u00e0 l&rsquo;exp\u00e9rience client\u00a0:<\/strong> Ta satisfaction est notre priorit\u00e9 absolue\u00a0: nous visons \u00e0 d\u00e9passer les attentes \u00e0 chaque \u00e9tape.<\/li>\n<\/ul>\n\n<p>Notre mission est simple\u00a0: connecter nos clients \u00e0 l&rsquo;esprit de l&rsquo;Irlande gr\u00e2ce \u00e0 des exp\u00e9riences de voyage exceptionnelles et significatives.<\/p>\n\n<p><strong>Prix et reconnaissances TripAdvisor<br\/>Nous sommes honor\u00e9s d&rsquo;avoir re\u00e7u de nombreuses distinctions de TripAdvisor, refl\u00e9tant notre engagement \u00e0 offrir des exp\u00e9riences exceptionnelles\u00a0:<\/strong><\/p>\n\n<ul class=\"wp-block-list\">\n<li><strong>Prix Travellers&rsquo; Choice de TripAdvisor\u00a0:<\/strong> Reconnu comme une entreprise de tourisme de premier plan en Irlande pendant plusieurs ann\u00e9es cons\u00e9cutives (2013-2024)<\/li>\n\n\n\n<li>Class\u00e9 parmi les <strong>20\u00a0meilleures activit\u00e9s en Europe du Nord<\/strong> et reconnu pour son excellence dans le monde entier.<\/li>\n<\/ul>\n\n<p><strong>Nos circuits prim\u00e9s<br\/>Nous sommes fiers d&rsquo;offrir une gamme d&rsquo;excursions d&rsquo;une journ\u00e9e prim\u00e9es, chacune con\u00e7ue pour offrir une exp\u00e9rience riche et engageante\u00a0:<\/strong><\/p>\n\n<ul class=\"wp-block-list\">\n<li><strong>Excursion d&rsquo;une journ\u00e9e aux falaises de Moher, \u00e0 la ville d&rsquo;Ennis et au ch\u00e2teau de Bunratty\u00a0:<\/strong> D\u00e9couvre la c\u00f4te spectaculaire de l&rsquo;Irlande, explore les charmantes rues d&rsquo;Ennis et remonte le temps au ch\u00e2teau de Bunratty.<\/li>\n\n\n\n<li><strong>Falaises de Moher, promenade oc\u00e9anique sur le bord de l&rsquo;Atlantique et ville de Galway\u00a0:<\/strong> D\u00e9couvre la beaut\u00e9 sauvage de la c\u00f4te atlantique et la culture dynamique de Galway.<\/li>\n\n\n\n<li><strong>Kilkenny, montagnes de Wicklow et Glendalough\u00a0:<\/strong> Prom\u00e8ne-toi dans les rues m\u00e9di\u00e9vales, \u00e9merveille-toi devant les vues sur les montagnes et trouve la paix dans l&rsquo;ancien \u00e9tablissement monastique de Glendalough.<\/li>\n\n\n\n<li><strong>Chauss\u00e9e des G\u00e9ants et ville de Belfast\u00a0:<\/strong> Explore les formations rocheuses d&rsquo;un autre monde de la Chauss\u00e9e des G\u00e9ants et plonge dans la riche histoire de Belfast <\/li>\n\n\n\n<li><strong>Nouvelles excursions passionnantes \u00e0 venir bient\u00f4t\u00a0:<\/strong> Nous d\u00e9veloppons une toute nouvelle excursion en Irlande du Nord, comprenant une visite guid\u00e9e \u00e0 pied de Belfast ainsi que du temps libre pour explorer les offres dynamiques de la ville par toi-m\u00eame. Restez \u00e0 l&rsquo;\u00e9coute pour plus de mises \u00e0 jour\u00a0!<\/li>\n<\/ul>\n\n<p><strong>Rejoins-nous dans ton aventure irlandaise<br\/>D\u00e9couvre la magie de l&rsquo;Irlande avec Wild Rover Tours.<\/strong> Que tu sois attir\u00e9 par l&rsquo;histoire, la nature ou simplement un amour du voyage, nous t&rsquo;invitons \u00e0 te joindre \u00e0 nous dans un voyage qui va au-del\u00e0 du tourisme, cr\u00e9ant des liens qui durent toute une vie.<\/p>\n\n<p><strong>Contacte-nous\u00a0:<\/strong><\/p>\n\n<ul class=\"wp-block-list\">\n<li><strong>Courriel\u00a0:<\/strong> info@wildrovertours.com<\/li>\n\n\n\n<li><strong>T\u00e9l\u00e9phone\u00a0:<\/strong><br\/>Irlande\u00a0: +353 1 284 5560 <br\/>\u00c9tats-Unis\u00a0: +1 845 444 1218<br\/>Royaume-Uni\u00a0: +44 2038 686 779<\/li>\n<\/ul>\n\n<p>Nous sommes impatients de t&rsquo;accueillir \u00e0 bord et de partager les merveilles de l&rsquo;Irlande avec toi.<\/p>\n\n<hr class=\"wp-block-separator has-css-opacity my-5\"\/>\n\n<div class=\"wp-block-columns is-layout-flex wp-container-core-columns-is-layout-9d6595d7 wp-block-columns-is-layout-flex\"><\/div>\n","protected":false},"excerpt":{"rendered":"<p>\u00c0 propos de Wild Rover Tours Bienvenue chez Wild Rover Tours, o\u00f9 notre passion pour mettre en valeur la beaut\u00e9 et l&rsquo;histoire de l&rsquo;Irlande est au c\u0153ur de tout ce que nous faisons. Depuis notre base \u00e0 Dublin, nous emmenons les voyageurs dans des voyages inoubliables vers les paysages les plus embl\u00e9matiques du pays, les &#8230;<\/p>\n<p><a class=\"btn btn-secondary\" href=\"https:\/\/wildrovertours.com\/fr\/a-propos-de-nous\/\">Read More<\/a><\/p>\n","protected":false},"author":4,"featured_media":7429,"parent":0,"menu_order":0,"comment_status":"closed","ping_status":"closed","template":"","meta":{"content-type":"","footnotes":""},"class_list":["post-6748","page","type-page","status-publish","has-post-thumbnail","hentry"],"yoast_head":"<!-- This site is optimized with the Yoast SEO plugin v26.8 - https:\/\/yoast.com\/product\/yoast-seo-wordpress\/ -->\n<title>\u00c0 propos de nous - Wild Rover Tours<\/title>\n<meta name=\"description\" content=\"Notre entreprise familiale bas\u00e9e \u00e0 Dublin se consacre \u00e0 offrir des excursions d&#039;une journ\u00e9e de qualit\u00e9 dans toute l&#039;Irlande. D\u00e9couvre qui nous sommes.\" \/>\n<meta name=\"robots\" content=\"index, follow, max-snippet:-1, max-image-preview:large, max-video-preview:-1\" \/>\n<link rel=\"canonical\" href=\"\/\" \/>\n<meta property=\"og:locale\" content=\"fr_FR\" \/>\n<meta property=\"og:type\" content=\"article\" \/>\n<meta property=\"og:title\" content=\"\u00c0 propos de nous - Wild Rover Tours\" \/>\n<meta property=\"og:description\" content=\"Notre entreprise familiale bas\u00e9e \u00e0 Dublin se consacre \u00e0 offrir des excursions d&#039;une journ\u00e9e de qualit\u00e9 dans toute l&#039;Irlande. D\u00e9couvre qui nous sommes.\" \/>\n<meta property=\"og:url\" content=\"https:\/\/wildrovertours.com\/fr\/a-propos-de-nous\/\" \/>\n<meta property=\"og:site_name\" content=\"Wild Rover Tours\" \/>\n<meta property=\"article:publisher\" content=\"https:\/\/www.facebook.com\/WildRoverDayToursIreland\/\" \/>\n<meta property=\"article:modified_time\" content=\"2025-10-15T21:30:05+00:00\" \/>\n<meta property=\"og:image\" content=\"https:\/\/wildrovertours.com\/wp-content\/uploads\/2018\/04\/WRT-bus-1.jpg\" \/>\n\t<meta property=\"og:image:width\" content=\"1920\" \/>\n\t<meta property=\"og:image:height\" content=\"651\" \/>\n\t<meta property=\"og:image:type\" content=\"image\/jpeg\" \/>\n<meta name=\"twitter:card\" content=\"summary_large_image\" \/>\n<meta name=\"twitter:site\" content=\"@WildRoverTours\" \/>\n<script type=\"application\/ld+json\" class=\"yoast-schema-graph\">{\"@context\":\"https:\/\/schema.org\",\"@graph\":[{\"@type\":\"WebPage\",\"@id\":\"https:\/\/wildrovertours.com\/fr\/a-propos-de-nous\/\",\"url\":\"https:\/\/wildrovertours.com\/fr\/a-propos-de-nous\/\",\"name\":\"\u00c0 propos de nous - Wild Rover Tours\",\"isPartOf\":{\"@id\":\"https:\/\/wildrovertours.com\/fr\/#website\"},\"primaryImageOfPage\":{\"@id\":\"https:\/\/wildrovertours.com\/fr\/a-propos-de-nous\/#primaryimage\"},\"image\":{\"@id\":\"https:\/\/wildrovertours.com\/fr\/a-propos-de-nous\/#primaryimage\"},\"thumbnailUrl\":\"https:\/\/wildrovertours.com\/wp-content\/uploads\/2025\/12\/Bus-in-mountainshero.jpg\",\"datePublished\":\"2022-12-21T09:06:40+00:00\",\"dateModified\":\"2025-10-15T21:30:05+00:00\",\"description\":\"Notre entreprise familiale bas\u00e9e \u00e0 Dublin se consacre \u00e0 offrir des excursions d'une journ\u00e9e de qualit\u00e9 dans toute l'Irlande. D\u00e9couvre qui nous sommes.\",\"breadcrumb\":{\"@id\":\"https:\/\/wildrovertours.com\/fr\/a-propos-de-nous\/#breadcrumb\"},\"inLanguage\":\"fr-FR\",\"potentialAction\":[{\"@type\":\"ReadAction\",\"target\":[\"https:\/\/wildrovertours.com\/fr\/a-propos-de-nous\/\"]}]},{\"@type\":\"ImageObject\",\"inLanguage\":\"fr-FR\",\"@id\":\"https:\/\/wildrovertours.com\/fr\/a-propos-de-nous\/#primaryimage\",\"url\":\"https:\/\/wildrovertours.com\/wp-content\/uploads\/2025\/12\/Bus-in-mountainshero.jpg\",\"contentUrl\":\"https:\/\/wildrovertours.com\/wp-content\/uploads\/2025\/12\/Bus-in-mountainshero.jpg\",\"width\":2000,\"height\":1141},{\"@type\":\"BreadcrumbList\",\"@id\":\"https:\/\/wildrovertours.com\/fr\/a-propos-de-nous\/#breadcrumb\",\"itemListElement\":[{\"@type\":\"ListItem\",\"position\":1,\"name\":\"Home\",\"item\":\"https:\/\/wildrovertours.com\/fr\/\"},{\"@type\":\"ListItem\",\"position\":2,\"name\":\"\u00c0 propos de nous\"}]},{\"@type\":\"WebSite\",\"@id\":\"https:\/\/wildrovertours.com\/fr\/#website\",\"url\":\"https:\/\/wildrovertours.com\/fr\/\",\"name\":\"Wild Rover Tours\",\"description\":\"Day trips, activities and multi-day tours in Ireland\",\"publisher\":{\"@id\":\"https:\/\/wildrovertours.com\/fr\/#organization\"},\"potentialAction\":[{\"@type\":\"SearchAction\",\"target\":{\"@type\":\"EntryPoint\",\"urlTemplate\":\"https:\/\/wildrovertours.com\/fr\/?s={search_term_string}\"},\"query-input\":{\"@type\":\"PropertyValueSpecification\",\"valueRequired\":true,\"valueName\":\"search_term_string\"}}],\"inLanguage\":\"fr-FR\"},{\"@type\":\"Organization\",\"@id\":\"https:\/\/wildrovertours.com\/fr\/#organization\",\"name\":\"Wild Rover Tours\",\"url\":\"https:\/\/wildrovertours.com\/fr\/\",\"logo\":{\"@type\":\"ImageObject\",\"inLanguage\":\"fr-FR\",\"@id\":\"https:\/\/wildrovertours.com\/fr\/#\/schema\/logo\/image\/\",\"url\":\"https:\/\/wildrovertours.com\/wp-content\/uploads\/2018\/02\/wrt-logo2.jpg\",\"contentUrl\":\"https:\/\/wildrovertours.com\/wp-content\/uploads\/2018\/02\/wrt-logo2.jpg\",\"width\":150,\"height\":150,\"caption\":\"Wild Rover Tours\"},\"image\":{\"@id\":\"https:\/\/wildrovertours.com\/fr\/#\/schema\/logo\/image\/\"},\"sameAs\":[\"https:\/\/www.facebook.com\/WildRoverDayToursIreland\/\",\"https:\/\/x.com\/WildRoverTours\",\"https:\/\/www.instagram.com\/wild_rover_tours\/\",\"https:\/\/www.pinterest.ie\/wildrovertours1\/?eq=wildrover&amp;amp;amp;amp;etslf=6690\/\",\"https:\/\/www.youtube.com\/user\/WildRoverDayTours\/?sub_confirmation=1\"]}]}<\/script>\n<!-- \/ Yoast SEO plugin. -->","yoast_head_json":{"title":"\u00c0 propos de nous - Wild Rover Tours","description":"Notre entreprise familiale bas\u00e9e \u00e0 Dublin se consacre \u00e0 offrir des excursions d'une journ\u00e9e de qualit\u00e9 dans toute l'Irlande. D\u00e9couvre qui nous sommes.","robots":{"index":"index","follow":"follow","max-snippet":"max-snippet:-1","max-image-preview":"max-image-preview:large","max-video-preview":"max-video-preview:-1"},"canonical":"\/","og_locale":"fr_FR","og_type":"article","og_title":"\u00c0 propos de nous - Wild Rover Tours","og_description":"Notre entreprise familiale bas\u00e9e \u00e0 Dublin se consacre \u00e0 offrir des excursions d'une journ\u00e9e de qualit\u00e9 dans toute l'Irlande. D\u00e9couvre qui nous sommes.","og_url":"https:\/\/wildrovertours.com\/fr\/a-propos-de-nous\/","og_site_name":"Wild Rover Tours","article_publisher":"https:\/\/www.facebook.com\/WildRoverDayToursIreland\/","article_modified_time":"2025-10-15T21:30:05+00:00","og_image":[{"width":1920,"height":651,"url":"https:\/\/wildrovertours.com\/wp-content\/uploads\/2018\/04\/WRT-bus-1.jpg","type":"image\/jpeg"}],"twitter_card":"summary_large_image","twitter_site":"@WildRoverTours","schema":{"@context":"https:\/\/schema.org","@graph":[{"@type":"WebPage","@id":"https:\/\/wildrovertours.com\/fr\/a-propos-de-nous\/","url":"https:\/\/wildrovertours.com\/fr\/a-propos-de-nous\/","name":"\u00c0 propos de nous - Wild Rover Tours","isPartOf":{"@id":"https:\/\/wildrovertours.com\/fr\/#website"},"primaryImageOfPage":{"@id":"https:\/\/wildrovertours.com\/fr\/a-propos-de-nous\/#primaryimage"},"image":{"@id":"https:\/\/wildrovertours.com\/fr\/a-propos-de-nous\/#primaryimage"},"thumbnailUrl":"https:\/\/wildrovertours.com\/wp-content\/uploads\/2025\/12\/Bus-in-mountainshero.jpg","datePublished":"2022-12-21T09:06:40+00:00","dateModified":"2025-10-15T21:30:05+00:00","description":"Notre entreprise familiale bas\u00e9e \u00e0 Dublin se consacre \u00e0 offrir des excursions d'une journ\u00e9e de qualit\u00e9 dans toute l'Irlande. D\u00e9couvre qui nous sommes.","breadcrumb":{"@id":"https:\/\/wildrovertours.com\/fr\/a-propos-de-nous\/#breadcrumb"},"inLanguage":"fr-FR","potentialAction":[{"@type":"ReadAction","target":["https:\/\/wildrovertours.com\/fr\/a-propos-de-nous\/"]}]},{"@type":"ImageObject","inLanguage":"fr-FR","@id":"https:\/\/wildrovertours.com\/fr\/a-propos-de-nous\/#primaryimage","url":"https:\/\/wildrovertours.com\/wp-content\/uploads\/2025\/12\/Bus-in-mountainshero.jpg","contentUrl":"https:\/\/wildrovertours.com\/wp-content\/uploads\/2025\/12\/Bus-in-mountainshero.jpg","width":2000,"height":1141},{"@type":"BreadcrumbList","@id":"https:\/\/wildrovertours.com\/fr\/a-propos-de-nous\/#breadcrumb","itemListElement":[{"@type":"ListItem","position":1,"name":"Home","item":"https:\/\/wildrovertours.com\/fr\/"},{"@type":"ListItem","position":2,"name":"\u00c0 propos de nous"}]},{"@type":"WebSite","@id":"https:\/\/wildrovertours.com\/fr\/#website","url":"https:\/\/wildrovertours.com\/fr\/","name":"Wild Rover Tours","description":"Day trips, activities and multi-day tours in Ireland","publisher":{"@id":"https:\/\/wildrovertours.com\/fr\/#organization"},"potentialAction":[{"@type":"SearchAction","target":{"@type":"EntryPoint","urlTemplate":"https:\/\/wildrovertours.com\/fr\/?s={search_term_string}"},"query-input":{"@type":"PropertyValueSpecification","valueRequired":true,"valueName":"search_term_string"}}],"inLanguage":"fr-FR"},{"@type":"Organization","@id":"https:\/\/wildrovertours.com\/fr\/#organization","name":"Wild Rover Tours","url":"https:\/\/wildrovertours.com\/fr\/","logo":{"@type":"ImageObject","inLanguage":"fr-FR","@id":"https:\/\/wildrovertours.com\/fr\/#\/schema\/logo\/image\/","url":"https:\/\/wildrovertours.com\/wp-content\/uploads\/2018\/02\/wrt-logo2.jpg","contentUrl":"https:\/\/wildrovertours.com\/wp-content\/uploads\/2018\/02\/wrt-logo2.jpg","width":150,"height":150,"caption":"Wild Rover Tours"},"image":{"@id":"https:\/\/wildrovertours.com\/fr\/#\/schema\/logo\/image\/"},"sameAs":["https:\/\/www.facebook.com\/WildRoverDayToursIreland\/","https:\/\/x.com\/WildRoverTours","https:\/\/www.instagram.com\/wild_rover_tours\/","https:\/\/www.pinterest.ie\/wildrovertours1\/?eq=wildrover&amp;amp;amp;amp;etslf=6690\/","https:\/\/www.youtube.com\/user\/WildRoverDayTours\/?sub_confirmation=1"]}]}},"_links":{"self":[{"href":"https:\/\/wildrovertours.com\/fr\/wp-json\/wp\/v2\/pages\/6748","targetHints":{"allow":["GET"]}}],"collection":[{"href":"https:\/\/wildrovertours.com\/fr\/wp-json\/wp\/v2\/pages"}],"about":[{"href":"https:\/\/wildrovertours.com\/fr\/wp-json\/wp\/v2\/types\/page"}],"author":[{"embeddable":true,"href":"https:\/\/wildrovertours.com\/fr\/wp-json\/wp\/v2\/users\/4"}],"replies":[{"embeddable":true,"href":"https:\/\/wildrovertours.com\/fr\/wp-json\/wp\/v2\/comments?post=6748"}],"version-history":[{"count":1,"href":"https:\/\/wildrovertours.com\/fr\/wp-json\/wp\/v2\/pages\/6748\/revisions"}],"predecessor-version":[{"id":6757,"href":"https:\/\/wildrovertours.com\/fr\/wp-json\/wp\/v2\/pages\/6748\/revisions\/6757"}],"wp:featuredmedia":[{"embeddable":true,"href":"https:\/\/wildrovertours.com\/fr\/wp-json\/wp\/v2\/media\/7429"}],"wp:attachment":[{"href":"https:\/\/wildrovertours.com\/fr\/wp-json\/wp\/v2\/media?parent=6748"}],"curies":[{"name":"wp","href":"https:\/\/api.w.org\/{rel}","templated":true}]}}