{"id":7477,"date":"2025-12-10T17:10:51","date_gmt":"2025-12-10T17:10:51","guid":{"rendered":"https:\/\/wildrovertours.com\/tours-privados-de-wild-rover\/"},"modified":"2025-12-16T01:17:52","modified_gmt":"2025-12-16T01:17:52","slug":"tours-privados-de-wild-rover","status":"publish","type":"page","link":"https:\/\/wildrovertours.com\/es\/tours-privados-de-wild-rover\/","title":{"rendered":"Excursiones Privadas"},"content":{"rendered":"\n<div class=\"wp-block-group page-intro wildtour-loops\"><div class=\"wp-block-group__inner-container is-layout-constrained wp-block-group-is-layout-constrained\">\n<div class=\"wp-block-group container\"><div class=\"wp-block-group__inner-container is-layout-constrained wp-block-group-is-layout-constrained\">\n<h5 class=\"wp-block-heading\">Si buscas una forma m\u00e1s personalizada de explorar Irlanda, nuestros tours privados ofrecen flexibilidad, comodidad y un ch\u00f3fer-gu\u00eda dedicado exclusivamente a tu grupo. Tanto si viajas en pareja, en familia o en un grupo m\u00e1s grande, creamos itinerarios a medida dise\u00f1ados en torno a tu ritmo, intereses y horario. Desde castillos hist\u00f3ricos hasta espectaculares costas y ciudades animadas, tu d\u00eda est\u00e1 dise\u00f1ado exactamente como lo deseas. Para facilitar la planificaci\u00f3n, ofrecemos varias rutas populares que se pueden personalizar de la forma que quieras:    <\/h5>\n<\/div><\/div>\n<\/div><\/div>\n\n<div class=\"wp-block-group container wildtour-loops\"><div class=\"wp-block-group__inner-container is-layout-constrained wp-block-group-is-layout-constrained\">\n<\/div><\/div>\n\n<div class=\"wp-block-group container wildtour-loops\"><div class=\"wp-block-group__inner-container is-layout-constrained wp-block-group-is-layout-constrained\">\n<div class=\"wp-block-columns is-layout-flex wp-container-core-columns-is-layout-9d6595d7 wp-block-columns-is-layout-flex\">\n<div class=\"wp-block-column is-layout-flow wp-block-column-is-layout-flow\">\n<div class=\"wp-block-cover is-light\"><span aria-hidden=\"true\" class=\"wp-block-cover__background has-background-dim-0 has-background-dim\" style=\"background-color:#949b9c\"><\/span><img decoding=\"async\" width=\"1920\" height=\"1080\" class=\"wp-block-cover__image-background wp-image-7129 lazyload\" alt=\"\" data-src=\"https:\/\/wildrovertours.com\/wp-content\/uploads\/2025\/11\/Private-Tour.jpg\" data-object-fit=\"cover\" data-srcset=\"https:\/\/wildrovertours.com\/wp-content\/uploads\/2025\/11\/Private-Tour.jpg 1920w, https:\/\/wildrovertours.com\/wp-content\/uploads\/2025\/11\/Private-Tour-300x169.jpg 300w, https:\/\/wildrovertours.com\/wp-content\/uploads\/2025\/11\/Private-Tour-1024x576.jpg 1024w, https:\/\/wildrovertours.com\/wp-content\/uploads\/2025\/11\/Private-Tour-768x432.jpg 768w, https:\/\/wildrovertours.com\/wp-content\/uploads\/2025\/11\/Private-Tour-1536x864.jpg 1536w\" data-sizes=\"(max-width: 1920px) 100vw, 1920px\" src=\"data:image\/svg+xml;base64,PHN2ZyB3aWR0aD0iMSIgaGVpZ2h0PSIxIiB4bWxucz0iaHR0cDovL3d3dy53My5vcmcvMjAwMC9zdmciPjwvc3ZnPg==\" style=\"--smush-placeholder-width: 1920px; --smush-placeholder-aspect-ratio: 1920\/1080;\" \/><div class=\"wp-block-cover__inner-container is-layout-constrained wp-block-cover-is-layout-constrained\">\n<p class=\"has-text-align-center has-large-font-size\"><\/p>\n<\/div><\/div>\n<\/div>\n\n\n\n<div class=\"wp-block-column is-layout-flow wp-block-column-is-layout-flow\">\n<p>Nuestros tours privados pueden comenzar desde su alojamiento en Dubl\u00edn, Galway, Belfast o la mayor\u00eda de las principales ubicaciones de Irlanda. Dependiendo de su itinerario y el tama\u00f1o del grupo, proporcionamos veh\u00edculos que van desde c\u00f3modos sedanes hasta espaciosos mini o maxi autocares. Todos los tours privados est\u00e1n guiados en ingl\u00e9s por gu\u00edas profesionales con gran experiencia que conocen al dedillo la historia, la cultura y los paisajes de Irlanda. Si necesita un traductor adicional, podemos consultar la disponibilidad a petici\u00f3n.   <\/p>\n\n\n\n<p>Cada itinerario se puede personalizar, ampliar o simplificar. Usted decide el enfoque, ya sean sitios de patrimonio antiguo, paisajes naturales espectaculares, comida y artesan\u00eda local, o simplemente un d\u00eda relajado de turismo. Nosotros nos encargamos de toda la log\u00edstica, los horarios y las entradas para que pueda disfrutar del d\u00eda sin estr\u00e9s ni planificaci\u00f3n. Su ch\u00f3fer-gu\u00eda gestionar\u00e1 la ruta, proporcionar\u00e1 comentarios en directo y garantizar\u00e1 que la experiencia se desarrolle sin problemas de principio a fin.   <\/p>\n\n\n\n<p>Con m\u00e1s de una d\u00e9cada de experiencia y miles de rese\u00f1as de cinco estrellas, Wild Rover Tours cuenta con la confianza de visitantes de todo el mundo. Reservar un tour privado le brinda la misma experiencia galardonada que nuestros tours en grupo, con la comodidad, la privacidad y la atenci\u00f3n personal adicionales de un d\u00eda totalmente adaptado y dise\u00f1ado solo para usted. <\/p>\n<\/div>\n<\/div>\n<\/div><\/div>\n\n<div class=\"wp-block-group container wildtour-loops\"><div class=\"wp-block-group__inner-container is-layout-constrained wp-block-group-is-layout-constrained\">\n<div class=\"wp-block-group tax-tour-highlight\"><div class=\"wp-block-group__inner-container is-layout-constrained wp-block-group-is-layout-constrained\">\n<p>Para comenzar a organizar su tour privado, simplemente p\u00f3ngase en contacto con nuestro equipo con sus fechas e ideas preferidas. Elaboraremos un plan a medida y le proporcionaremos un presupuesto claro. Puede ponerse en contacto con nosotros directamente en <a href=\"mailto:private@wildrovertours.com\"><strong>private@wildrovertours.com<\/strong><\/a>  <\/p>\n<\/div><\/div>\n<\/div><\/div>\n","protected":false},"excerpt":{"rendered":"<p>Si buscas una forma m\u00e1s personalizada de explorar Irlanda, nuestros tours privados ofrecen flexibilidad, comodidad y un ch\u00f3fer-gu\u00eda dedicado exclusivamente a tu grupo. Tanto si viajas en pareja, en familia o en un grupo m\u00e1s grande, creamos itinerarios a medida dise\u00f1ados en torno a tu ritmo, intereses y horario. Desde castillos hist\u00f3ricos hasta espectaculares costas &#8230;<\/p>\n<p><a class=\"btn btn-secondary\" href=\"https:\/\/wildrovertours.com\/es\/tours-privados-de-wild-rover\/\">Read More<\/a><\/p>\n","protected":false},"author":1,"featured_media":0,"parent":0,"menu_order":0,"comment_status":"closed","ping_status":"closed","template":"page-templates\/fullwidthpage.php","meta":{"content-type":"","footnotes":""},"class_list":["post-7477","page","type-page","status-publish","hentry"],"yoast_head":"<!-- This site is optimized with the Yoast SEO plugin v26.8 - https:\/\/yoast.com\/product\/yoast-seo-wordpress\/ -->\n<title>Excursiones Privadas - Wild Rover Tours<\/title>\n<meta name=\"robots\" content=\"index, follow, max-snippet:-1, max-image-preview:large, max-video-preview:-1\" \/>\n<link rel=\"canonical\" href=\"\/\" \/>\n<meta property=\"og:locale\" content=\"es_ES\" \/>\n<meta property=\"og:type\" content=\"article\" \/>\n<meta property=\"og:title\" content=\"Excursiones Privadas - Wild Rover Tours\" \/>\n<meta property=\"og:description\" content=\"Si buscas una forma m\u00e1s personalizada de explorar Irlanda, nuestros tours privados ofrecen flexibilidad, comodidad y un ch\u00f3fer-gu\u00eda dedicado exclusivamente a tu grupo. Tanto si viajas en pareja, en familia o en un grupo m\u00e1s grande, creamos itinerarios a medida dise\u00f1ados en torno a tu ritmo, intereses y horario. Desde castillos hist\u00f3ricos hasta espectaculares costas ...Read More\" \/>\n<meta property=\"og:url\" content=\"https:\/\/wildrovertours.com\/es\/tours-privados-de-wild-rover\/\" \/>\n<meta property=\"og:site_name\" content=\"Wild Rover Tours\" \/>\n<meta property=\"article:publisher\" content=\"https:\/\/www.facebook.com\/WildRoverDayToursIreland\/\" \/>\n<meta property=\"article:modified_time\" content=\"2025-12-16T01:17:52+00:00\" \/>\n<meta property=\"og:image\" content=\"https:\/\/wildrovertours.com\/wp-content\/uploads\/2025\/11\/Private-Tour.jpg\" \/>\n\t<meta property=\"og:image:width\" content=\"1920\" \/>\n\t<meta property=\"og:image:height\" content=\"1080\" \/>\n\t<meta property=\"og:image:type\" content=\"image\/jpeg\" \/>\n<meta name=\"twitter:card\" content=\"summary_large_image\" \/>\n<meta name=\"twitter:site\" content=\"@WildRoverTours\" \/>\n<script type=\"application\/ld+json\" class=\"yoast-schema-graph\">{\"@context\":\"https:\/\/schema.org\",\"@graph\":[{\"@type\":\"WebPage\",\"@id\":\"https:\/\/wildrovertours.com\/es\/tours-privados-de-wild-rover\/\",\"url\":\"https:\/\/wildrovertours.com\/es\/tours-privados-de-wild-rover\/\",\"name\":\"Excursiones Privadas - Wild Rover Tours\",\"isPartOf\":{\"@id\":\"https:\/\/wildrovertours.com\/es\/#website\"},\"primaryImageOfPage\":{\"@id\":\"https:\/\/wildrovertours.com\/es\/tours-privados-de-wild-rover\/#primaryimage\"},\"image\":{\"@id\":\"https:\/\/wildrovertours.com\/es\/tours-privados-de-wild-rover\/#primaryimage\"},\"thumbnailUrl\":\"https:\/\/wildrovertours.com\/wp-content\/uploads\/2025\/11\/Private-Tour.jpg\",\"datePublished\":\"2025-12-10T17:10:51+00:00\",\"dateModified\":\"2025-12-16T01:17:52+00:00\",\"breadcrumb\":{\"@id\":\"https:\/\/wildrovertours.com\/es\/tours-privados-de-wild-rover\/#breadcrumb\"},\"inLanguage\":\"es\",\"potentialAction\":[{\"@type\":\"ReadAction\",\"target\":[\"https:\/\/wildrovertours.com\/es\/tours-privados-de-wild-rover\/\"]}]},{\"@type\":\"ImageObject\",\"inLanguage\":\"es\",\"@id\":\"https:\/\/wildrovertours.com\/es\/tours-privados-de-wild-rover\/#primaryimage\",\"url\":\"https:\/\/wildrovertours.com\/wp-content\/uploads\/2025\/11\/Private-Tour.jpg\",\"contentUrl\":\"https:\/\/wildrovertours.com\/wp-content\/uploads\/2025\/11\/Private-Tour.jpg\"},{\"@type\":\"BreadcrumbList\",\"@id\":\"https:\/\/wildrovertours.com\/es\/tours-privados-de-wild-rover\/#breadcrumb\",\"itemListElement\":[{\"@type\":\"ListItem\",\"position\":1,\"name\":\"Home\",\"item\":\"https:\/\/wildrovertours.com\/es\/\"},{\"@type\":\"ListItem\",\"position\":2,\"name\":\"Excursiones Privadas\"}]},{\"@type\":\"WebSite\",\"@id\":\"https:\/\/wildrovertours.com\/es\/#website\",\"url\":\"https:\/\/wildrovertours.com\/es\/\",\"name\":\"Wild Rover Tours\",\"description\":\"Day trips, activities and multi-day tours in Ireland\",\"publisher\":{\"@id\":\"https:\/\/wildrovertours.com\/es\/#organization\"},\"potentialAction\":[{\"@type\":\"SearchAction\",\"target\":{\"@type\":\"EntryPoint\",\"urlTemplate\":\"https:\/\/wildrovertours.com\/es\/?s={search_term_string}\"},\"query-input\":{\"@type\":\"PropertyValueSpecification\",\"valueRequired\":true,\"valueName\":\"search_term_string\"}}],\"inLanguage\":\"es\"},{\"@type\":\"Organization\",\"@id\":\"https:\/\/wildrovertours.com\/es\/#organization\",\"name\":\"Wild Rover Tours\",\"url\":\"https:\/\/wildrovertours.com\/es\/\",\"logo\":{\"@type\":\"ImageObject\",\"inLanguage\":\"es\",\"@id\":\"https:\/\/wildrovertours.com\/es\/#\/schema\/logo\/image\/\",\"url\":\"https:\/\/wildrovertours.com\/wp-content\/uploads\/2018\/02\/wrt-logo2.jpg\",\"contentUrl\":\"https:\/\/wildrovertours.com\/wp-content\/uploads\/2018\/02\/wrt-logo2.jpg\",\"width\":150,\"height\":150,\"caption\":\"Wild Rover Tours\"},\"image\":{\"@id\":\"https:\/\/wildrovertours.com\/es\/#\/schema\/logo\/image\/\"},\"sameAs\":[\"https:\/\/www.facebook.com\/WildRoverDayToursIreland\/\",\"https:\/\/x.com\/WildRoverTours\",\"https:\/\/www.instagram.com\/wild_rover_tours\/\",\"https:\/\/www.pinterest.ie\/wildrovertours1\/?eq=wildrover&amp;amp;amp;amp;etslf=6690\/\",\"https:\/\/www.youtube.com\/user\/WildRoverDayTours\/?sub_confirmation=1\"]}]}<\/script>\n<!-- \/ Yoast SEO plugin. -->","yoast_head_json":{"title":"Excursiones Privadas - Wild Rover Tours","robots":{"index":"index","follow":"follow","max-snippet":"max-snippet:-1","max-image-preview":"max-image-preview:large","max-video-preview":"max-video-preview:-1"},"canonical":"\/","og_locale":"es_ES","og_type":"article","og_title":"Excursiones Privadas - Wild Rover Tours","og_description":"Si buscas una forma m\u00e1s personalizada de explorar Irlanda, nuestros tours privados ofrecen flexibilidad, comodidad y un ch\u00f3fer-gu\u00eda dedicado exclusivamente a tu grupo. Tanto si viajas en pareja, en familia o en un grupo m\u00e1s grande, creamos itinerarios a medida dise\u00f1ados en torno a tu ritmo, intereses y horario. Desde castillos hist\u00f3ricos hasta espectaculares costas ...Read More","og_url":"https:\/\/wildrovertours.com\/es\/tours-privados-de-wild-rover\/","og_site_name":"Wild Rover Tours","article_publisher":"https:\/\/www.facebook.com\/WildRoverDayToursIreland\/","article_modified_time":"2025-12-16T01:17:52+00:00","og_image":[{"width":1920,"height":1080,"url":"https:\/\/wildrovertours.com\/wp-content\/uploads\/2025\/11\/Private-Tour.jpg","type":"image\/jpeg"}],"twitter_card":"summary_large_image","twitter_site":"@WildRoverTours","schema":{"@context":"https:\/\/schema.org","@graph":[{"@type":"WebPage","@id":"https:\/\/wildrovertours.com\/es\/tours-privados-de-wild-rover\/","url":"https:\/\/wildrovertours.com\/es\/tours-privados-de-wild-rover\/","name":"Excursiones Privadas - Wild Rover Tours","isPartOf":{"@id":"https:\/\/wildrovertours.com\/es\/#website"},"primaryImageOfPage":{"@id":"https:\/\/wildrovertours.com\/es\/tours-privados-de-wild-rover\/#primaryimage"},"image":{"@id":"https:\/\/wildrovertours.com\/es\/tours-privados-de-wild-rover\/#primaryimage"},"thumbnailUrl":"https:\/\/wildrovertours.com\/wp-content\/uploads\/2025\/11\/Private-Tour.jpg","datePublished":"2025-12-10T17:10:51+00:00","dateModified":"2025-12-16T01:17:52+00:00","breadcrumb":{"@id":"https:\/\/wildrovertours.com\/es\/tours-privados-de-wild-rover\/#breadcrumb"},"inLanguage":"es","potentialAction":[{"@type":"ReadAction","target":["https:\/\/wildrovertours.com\/es\/tours-privados-de-wild-rover\/"]}]},{"@type":"ImageObject","inLanguage":"es","@id":"https:\/\/wildrovertours.com\/es\/tours-privados-de-wild-rover\/#primaryimage","url":"https:\/\/wildrovertours.com\/wp-content\/uploads\/2025\/11\/Private-Tour.jpg","contentUrl":"https:\/\/wildrovertours.com\/wp-content\/uploads\/2025\/11\/Private-Tour.jpg"},{"@type":"BreadcrumbList","@id":"https:\/\/wildrovertours.com\/es\/tours-privados-de-wild-rover\/#breadcrumb","itemListElement":[{"@type":"ListItem","position":1,"name":"Home","item":"https:\/\/wildrovertours.com\/es\/"},{"@type":"ListItem","position":2,"name":"Excursiones Privadas"}]},{"@type":"WebSite","@id":"https:\/\/wildrovertours.com\/es\/#website","url":"https:\/\/wildrovertours.com\/es\/","name":"Wild Rover Tours","description":"Day trips, activities and multi-day tours in Ireland","publisher":{"@id":"https:\/\/wildrovertours.com\/es\/#organization"},"potentialAction":[{"@type":"SearchAction","target":{"@type":"EntryPoint","urlTemplate":"https:\/\/wildrovertours.com\/es\/?s={search_term_string}"},"query-input":{"@type":"PropertyValueSpecification","valueRequired":true,"valueName":"search_term_string"}}],"inLanguage":"es"},{"@type":"Organization","@id":"https:\/\/wildrovertours.com\/es\/#organization","name":"Wild Rover Tours","url":"https:\/\/wildrovertours.com\/es\/","logo":{"@type":"ImageObject","inLanguage":"es","@id":"https:\/\/wildrovertours.com\/es\/#\/schema\/logo\/image\/","url":"https:\/\/wildrovertours.com\/wp-content\/uploads\/2018\/02\/wrt-logo2.jpg","contentUrl":"https:\/\/wildrovertours.com\/wp-content\/uploads\/2018\/02\/wrt-logo2.jpg","width":150,"height":150,"caption":"Wild Rover Tours"},"image":{"@id":"https:\/\/wildrovertours.com\/es\/#\/schema\/logo\/image\/"},"sameAs":["https:\/\/www.facebook.com\/WildRoverDayToursIreland\/","https:\/\/x.com\/WildRoverTours","https:\/\/www.instagram.com\/wild_rover_tours\/","https:\/\/www.pinterest.ie\/wildrovertours1\/?eq=wildrover&amp;amp;amp;amp;etslf=6690\/","https:\/\/www.youtube.com\/user\/WildRoverDayTours\/?sub_confirmation=1"]}]}},"_links":{"self":[{"href":"https:\/\/wildrovertours.com\/es\/wp-json\/wp\/v2\/pages\/7477","targetHints":{"allow":["GET"]}}],"collection":[{"href":"https:\/\/wildrovertours.com\/es\/wp-json\/wp\/v2\/pages"}],"about":[{"href":"https:\/\/wildrovertours.com\/es\/wp-json\/wp\/v2\/types\/page"}],"author":[{"embeddable":true,"href":"https:\/\/wildrovertours.com\/es\/wp-json\/wp\/v2\/users\/1"}],"replies":[{"embeddable":true,"href":"https:\/\/wildrovertours.com\/es\/wp-json\/wp\/v2\/comments?post=7477"}],"version-history":[{"count":5,"href":"https:\/\/wildrovertours.com\/es\/wp-json\/wp\/v2\/pages\/7477\/revisions"}],"predecessor-version":[{"id":7536,"href":"https:\/\/wildrovertours.com\/es\/wp-json\/wp\/v2\/pages\/7477\/revisions\/7536"}],"wp:attachment":[{"href":"https:\/\/wildrovertours.com\/es\/wp-json\/wp\/v2\/media?parent=7477"}],"curies":[{"name":"wp","href":"https:\/\/api.w.org\/{rel}","templated":true}]}}