{"id":6881,"date":"2020-04-07T10:17:20","date_gmt":"2020-04-07T09:17:20","guid":{"rendered":"https:\/\/wildrovertours.com\/inicio\/"},"modified":"2025-12-16T02:08:30","modified_gmt":"2025-12-16T02:08:30","slug":"inicio","status":"publish","type":"page","link":"https:\/\/wildrovertours.com\/es\/","title":{"rendered":"Inicio"},"content":{"rendered":"\n<div class=\"wp-block-group section-aboutus container\"><div class=\"wp-block-group__inner-container is-layout-constrained wp-block-group-is-layout-constrained\">\n<h2 class=\"wp-block-heading has-text-align-center\">Sobre nosotros<\/h2>\n\n\n\n<div class=\"wp-block-columns is-layout-flex wp-container-core-columns-is-layout-9d6595d7 wp-block-columns-is-layout-flex\">\n<div class=\"wp-block-column is-layout-flow wp-block-column-is-layout-flow\">\n<h4 class=\"wp-block-heading\">Comienza tu aventura con Wild Rover Tours, la compa\u00f1\u00eda de tours n\u00famero 1 de Irlanda.<\/h4>\n<\/div>\n\n\n\n<div class=\"wp-block-column is-layout-flow wp-block-column-is-layout-flow\">\n<h5 class=\"wp-block-heading\">Las mejores aventuras conducen a grandes historias.<\/h5>\n\n\n\n<p>Irlanda es un pa\u00eds de gente conocida como la tierra de poetas, cuentacuentos, m\u00fasicos, actores, mitos, leyendas y, por supuesto, \u201cCRAIC\u201d. <\/p>\n\n\n\n<p>Wild Rover Tours es la \u00fanica compa\u00f1\u00eda de tours de un d\u00eda en Irlanda que emplea tanto a un conductor como a un gu\u00eda en nuestros tours de un d\u00eda. Mientras que nuestros conductores garantizan tu seguridad, nuestros gu\u00edas, todos narradores, te mantendr\u00e1n entretenido gracias a su profundo conocimiento de la historia y el folclore de Irlanda. <\/p>\n\n\n\n<p>Ofrecemos una pol\u00edtica de cancelaci\u00f3n gratuita hasta 24 horas antes y una garant\u00eda de mejor precio al reservar directamente. \u00a1Reserva tu tour con Wild Rover hoy mismo! <\/p>\n<\/div>\n<\/div>\n\n\n\n<hr class=\"wp-block-separator has-alpha-channel-opacity\"\/>\n\n\n\n<div class=\"wp-block-columns is-layout-flex wp-container-core-columns-is-layout-9d6595d7 wp-block-columns-is-layout-flex\">\n<div class=\"wp-block-column is-layout-flow wp-block-column-is-layout-flow\">\n<figure class=\"wp-block-gallery has-nested-images columns-2 wp-block-gallery-1 is-layout-flex wp-block-gallery-is-layout-flex\" id=\"tripadvisor-awards\">\n<figure class=\"wp-block-image size-full\"><img decoding=\"async\" width=\"157\" height=\"157\" data-id=\"6369\" data-src=\"https:\/\/wildrovertours.com\/wp-content\/uploads\/2025\/09\/Group-1000001860.png\" alt=\"\" class=\"wp-image-6369 lazyload\" data-srcset=\"https:\/\/wildrovertours.com\/wp-content\/uploads\/2025\/09\/Group-1000001860.png 157w, https:\/\/wildrovertours.com\/wp-content\/uploads\/2025\/09\/Group-1000001860-150x150.png 150w\" data-sizes=\"(max-width: 157px) 100vw, 157px\" src=\"data:image\/svg+xml;base64,PHN2ZyB3aWR0aD0iMSIgaGVpZ2h0PSIxIiB4bWxucz0iaHR0cDovL3d3dy53My5vcmcvMjAwMC9zdmciPjwvc3ZnPg==\" style=\"--smush-placeholder-width: 157px; --smush-placeholder-aspect-ratio: 157\/157;\" \/><\/figure>\n\n\n\n<figure class=\"wp-block-image size-full\"><img decoding=\"async\" width=\"157\" height=\"157\" data-id=\"6374\" data-src=\"https:\/\/wildrovertours.com\/wp-content\/uploads\/2025\/09\/Group-1000001857.png\" alt=\"\" class=\"wp-image-6374 lazyload\" data-srcset=\"https:\/\/wildrovertours.com\/wp-content\/uploads\/2025\/09\/Group-1000001857.png 157w, https:\/\/wildrovertours.com\/wp-content\/uploads\/2025\/09\/Group-1000001857-150x150.png 150w\" data-sizes=\"(max-width: 157px) 100vw, 157px\" src=\"data:image\/svg+xml;base64,PHN2ZyB3aWR0aD0iMSIgaGVpZ2h0PSIxIiB4bWxucz0iaHR0cDovL3d3dy53My5vcmcvMjAwMC9zdmciPjwvc3ZnPg==\" style=\"--smush-placeholder-width: 157px; --smush-placeholder-aspect-ratio: 157\/157;\" \/><\/figure>\n\n\n\n<figure class=\"wp-block-image size-full\"><img decoding=\"async\" width=\"157\" height=\"157\" data-id=\"6379\" data-src=\"https:\/\/wildrovertours.com\/wp-content\/uploads\/2025\/09\/Group-1000001857-1.png\" alt=\"\" class=\"wp-image-6379 lazyload\" data-srcset=\"https:\/\/wildrovertours.com\/wp-content\/uploads\/2025\/09\/Group-1000001857-1.png 157w, https:\/\/wildrovertours.com\/wp-content\/uploads\/2025\/09\/Group-1000001857-1-150x150.png 150w\" data-sizes=\"(max-width: 157px) 100vw, 157px\" src=\"data:image\/svg+xml;base64,PHN2ZyB3aWR0aD0iMSIgaGVpZ2h0PSIxIiB4bWxucz0iaHR0cDovL3d3dy53My5vcmcvMjAwMC9zdmciPjwvc3ZnPg==\" style=\"--smush-placeholder-width: 157px; --smush-placeholder-aspect-ratio: 157\/157;\" \/><\/figure>\n\n\n\n<figure class=\"wp-block-image size-full\"><img decoding=\"async\" width=\"157\" height=\"157\" data-id=\"6384\" data-src=\"https:\/\/wildrovertours.com\/wp-content\/uploads\/2025\/09\/Group-1000001860-1.png\" alt=\"\" class=\"wp-image-6384 lazyload\" data-srcset=\"https:\/\/wildrovertours.com\/wp-content\/uploads\/2025\/09\/Group-1000001860-1.png 157w, https:\/\/wildrovertours.com\/wp-content\/uploads\/2025\/09\/Group-1000001860-1-150x150.png 150w\" data-sizes=\"(max-width: 157px) 100vw, 157px\" src=\"data:image\/svg+xml;base64,PHN2ZyB3aWR0aD0iMSIgaGVpZ2h0PSIxIiB4bWxucz0iaHR0cDovL3d3dy53My5vcmcvMjAwMC9zdmciPjwvc3ZnPg==\" style=\"--smush-placeholder-width: 157px; --smush-placeholder-aspect-ratio: 157\/157;\" \/><\/figure>\n<\/figure>\n<\/div>\n\n\n\n<div class=\"wp-block-column is-layout-flow wp-block-column-is-layout-flow\">\n<h5 class=\"wp-block-heading\">Premio TripAdvisor Travelers Choice 2013-2024 para Irlanda<\/h5>\n\n\n\n<p>Cada a\u00f1o durante 11 a\u00f1os consecutivos, Wild Rover Tours ha sido revisada y calificada como la mejor compa\u00f1\u00eda de tours en Irlanda.<\/p>\n\n\n\n<hr class=\"wp-block-separator has-alpha-channel-opacity w-50\"\/>\n\n\n\n<h5 class=\"wp-block-heading\">Segundo mejor tour de un d\u00eda del mundo<\/h5>\n\n\n\n<p>Premio TripAdvisor Choice 2020 en la categor\u00eda &#8216;Mejores experiencias culturales&#8217;.<\/p>\n\n\n\n<hr class=\"wp-block-separator has-alpha-channel-opacity w-50\"\/>\n\n\n\n<h5 class=\"wp-block-heading\">Premio TripAdvisor Travelers Choice 2023 para el norte de Europa<\/h5>\n\n\n\n<p>Wild Rover Tours figura en las 20 mejores actividades y es la \u00fanica compa\u00f1\u00eda de tours que ha recibido este honor.<\/p>\n<\/div>\n<\/div>\n<\/div><\/div>\n","protected":false},"excerpt":{"rendered":"<p>Sobre nosotros Comienza tu aventura con Wild Rover Tours, la compa\u00f1\u00eda de tours n\u00famero 1 de Irlanda. Las mejores aventuras conducen a grandes historias. Irlanda es un pa\u00eds de gente conocida como la tierra de poetas, cuentacuentos, m\u00fasicos, actores, mitos, leyendas y, por supuesto, \u201cCRAIC\u201d. Wild Rover Tours es la \u00fanica compa\u00f1\u00eda de tours de &#8230;<\/p>\n<p><a class=\"btn btn-secondary\" href=\"https:\/\/wildrovertours.com\/es\/\">Read More<\/a><\/p>\n","protected":false},"author":1,"featured_media":7133,"parent":0,"menu_order":0,"comment_status":"closed","ping_status":"closed","template":"page-templates\/front-page.php","meta":{"content-type":"","footnotes":""},"class_list":["post-6881","page","type-page","status-publish","has-post-thumbnail","hentry"],"yoast_head":"<!-- This site is optimized with the Yoast SEO plugin v26.8 - https:\/\/yoast.com\/product\/yoast-seo-wordpress\/ -->\n<title>Wild Rover Tours | Elegidos como los &quot;Mejores tours de un d\u00eda en Irlanda&quot;<\/title>\n<meta name=\"description\" content=\"Reserva tours de un d\u00eda galardonados con Wild Rover Tours, la empresa l\u00edder de excursiones de un d\u00eda en Irlanda. Mejor precio garantizado. Cancelaci\u00f3n gratuita. Reserva ahora.\" \/>\n<meta name=\"robots\" content=\"index, follow, max-snippet:-1, max-image-preview:large, max-video-preview:-1\" \/>\n<link rel=\"canonical\" href=\"\/\" \/>\n<meta property=\"og:locale\" content=\"es_ES\" \/>\n<meta property=\"og:type\" content=\"article\" \/>\n<meta property=\"og:title\" content=\"Wild Rover Tours | Elegidos como los &quot;Mejores tours de un d\u00eda en Irlanda&quot;\" \/>\n<meta property=\"og:description\" content=\"Reserva tours de un d\u00eda galardonados con Wild Rover Tours, la empresa l\u00edder de excursiones de un d\u00eda en Irlanda. Mejor precio garantizado. Cancelaci\u00f3n gratuita. Reserva ahora.\" \/>\n<meta property=\"og:url\" content=\"https:\/\/wildrovertours.com\/es\/\" \/>\n<meta property=\"og:site_name\" content=\"Wild Rover Tours\" \/>\n<meta property=\"article:publisher\" content=\"https:\/\/www.facebook.com\/WildRoverDayToursIreland\/\" \/>\n<meta property=\"article:modified_time\" content=\"2025-12-16T02:08:30+00:00\" \/>\n<meta property=\"og:image\" content=\"https:\/\/wildrovertours.com\/wp-content\/uploads\/2025\/11\/Homepage-Cliffs-Giants-Belfast-Glendalough.jpg\" \/>\n\t<meta property=\"og:image:width\" content=\"1920\" \/>\n\t<meta property=\"og:image:height\" content=\"1080\" \/>\n\t<meta property=\"og:image:type\" content=\"image\/jpeg\" \/>\n<meta name=\"twitter:card\" content=\"summary_large_image\" \/>\n<meta name=\"twitter:site\" content=\"@WildRoverTours\" \/>\n<meta name=\"twitter:label1\" content=\"Tiempo de lectura\" \/>\n\t<meta name=\"twitter:data1\" content=\"2 minutos\" \/>\n<script type=\"application\/ld+json\" class=\"yoast-schema-graph\">{\"@context\":\"https:\/\/schema.org\",\"@graph\":[{\"@type\":\"WebPage\",\"@id\":\"https:\/\/wildrovertours.com\/es\/\",\"url\":\"https:\/\/wildrovertours.com\/es\/\",\"name\":\"Wild Rover Tours | Elegidos como los \\\"Mejores tours de un d\u00eda en Irlanda\\\"\",\"isPartOf\":{\"@id\":\"https:\/\/wildrovertours.com\/es\/#website\"},\"primaryImageOfPage\":{\"@id\":\"https:\/\/wildrovertours.com\/es\/#primaryimage\"},\"image\":{\"@id\":\"https:\/\/wildrovertours.com\/es\/#primaryimage\"},\"thumbnailUrl\":\"https:\/\/wildrovertours.com\/wp-content\/uploads\/2025\/11\/Homepage-Cliffs-Giants-Belfast-Glendalough.jpg\",\"datePublished\":\"2020-04-07T09:17:20+00:00\",\"dateModified\":\"2025-12-16T02:08:30+00:00\",\"description\":\"Reserva tours de un d\u00eda galardonados con Wild Rover Tours, la empresa l\u00edder de excursiones de un d\u00eda en Irlanda. Mejor precio garantizado. Cancelaci\u00f3n gratuita. Reserva ahora.\",\"breadcrumb\":{\"@id\":\"https:\/\/wildrovertours.com\/es\/#breadcrumb\"},\"inLanguage\":\"es\",\"potentialAction\":[{\"@type\":\"ReadAction\",\"target\":[\"https:\/\/wildrovertours.com\/es\/\"]}]},{\"@type\":\"ImageObject\",\"inLanguage\":\"es\",\"@id\":\"https:\/\/wildrovertours.com\/es\/#primaryimage\",\"url\":\"https:\/\/wildrovertours.com\/wp-content\/uploads\/2025\/11\/Homepage-Cliffs-Giants-Belfast-Glendalough.jpg\",\"contentUrl\":\"https:\/\/wildrovertours.com\/wp-content\/uploads\/2025\/11\/Homepage-Cliffs-Giants-Belfast-Glendalough.jpg\",\"width\":1920,\"height\":1080},{\"@type\":\"BreadcrumbList\",\"@id\":\"https:\/\/wildrovertours.com\/es\/#breadcrumb\",\"itemListElement\":[{\"@type\":\"ListItem\",\"position\":1,\"name\":\"Home\",\"item\":\"https:\/\/wildrovertours.com\/es\/\"},{\"@type\":\"ListItem\",\"position\":2,\"name\":\"Inicio\"}]},{\"@type\":\"WebSite\",\"@id\":\"https:\/\/wildrovertours.com\/es\/#website\",\"url\":\"https:\/\/wildrovertours.com\/es\/\",\"name\":\"Wild Rover Tours\",\"description\":\"Day trips, activities and multi-day tours in Ireland\",\"publisher\":{\"@id\":\"https:\/\/wildrovertours.com\/es\/#organization\"},\"potentialAction\":[{\"@type\":\"SearchAction\",\"target\":{\"@type\":\"EntryPoint\",\"urlTemplate\":\"https:\/\/wildrovertours.com\/es\/?s={search_term_string}\"},\"query-input\":{\"@type\":\"PropertyValueSpecification\",\"valueRequired\":true,\"valueName\":\"search_term_string\"}}],\"inLanguage\":\"es\"},{\"@type\":\"Organization\",\"@id\":\"https:\/\/wildrovertours.com\/es\/#organization\",\"name\":\"Wild Rover Tours\",\"url\":\"https:\/\/wildrovertours.com\/es\/\",\"logo\":{\"@type\":\"ImageObject\",\"inLanguage\":\"es\",\"@id\":\"https:\/\/wildrovertours.com\/es\/#\/schema\/logo\/image\/\",\"url\":\"https:\/\/wildrovertours.com\/wp-content\/uploads\/2018\/02\/wrt-logo2.jpg\",\"contentUrl\":\"https:\/\/wildrovertours.com\/wp-content\/uploads\/2018\/02\/wrt-logo2.jpg\",\"width\":150,\"height\":150,\"caption\":\"Wild Rover Tours\"},\"image\":{\"@id\":\"https:\/\/wildrovertours.com\/es\/#\/schema\/logo\/image\/\"},\"sameAs\":[\"https:\/\/www.facebook.com\/WildRoverDayToursIreland\/\",\"https:\/\/x.com\/WildRoverTours\",\"https:\/\/www.instagram.com\/wild_rover_tours\/\",\"https:\/\/www.pinterest.ie\/wildrovertours1\/?eq=wildrover&amp;amp;amp;amp;etslf=6690\/\",\"https:\/\/www.youtube.com\/user\/WildRoverDayTours\/?sub_confirmation=1\"]}]}<\/script>\n<!-- \/ Yoast SEO plugin. -->","yoast_head_json":{"title":"Wild Rover Tours | Elegidos como los \"Mejores tours de un d\u00eda en Irlanda\"","description":"Reserva tours de un d\u00eda galardonados con Wild Rover Tours, la empresa l\u00edder de excursiones de un d\u00eda en Irlanda. Mejor precio garantizado. Cancelaci\u00f3n gratuita. Reserva ahora.","robots":{"index":"index","follow":"follow","max-snippet":"max-snippet:-1","max-image-preview":"max-image-preview:large","max-video-preview":"max-video-preview:-1"},"canonical":"\/","og_locale":"es_ES","og_type":"article","og_title":"Wild Rover Tours | Elegidos como los \"Mejores tours de un d\u00eda en Irlanda\"","og_description":"Reserva tours de un d\u00eda galardonados con Wild Rover Tours, la empresa l\u00edder de excursiones de un d\u00eda en Irlanda. Mejor precio garantizado. Cancelaci\u00f3n gratuita. Reserva ahora.","og_url":"https:\/\/wildrovertours.com\/es\/","og_site_name":"Wild Rover Tours","article_publisher":"https:\/\/www.facebook.com\/WildRoverDayToursIreland\/","article_modified_time":"2025-12-16T02:08:30+00:00","og_image":[{"width":1920,"height":1080,"url":"https:\/\/wildrovertours.com\/wp-content\/uploads\/2025\/11\/Homepage-Cliffs-Giants-Belfast-Glendalough.jpg","type":"image\/jpeg"}],"twitter_card":"summary_large_image","twitter_site":"@WildRoverTours","twitter_misc":{"Tiempo de lectura":"2 minutos"},"schema":{"@context":"https:\/\/schema.org","@graph":[{"@type":"WebPage","@id":"https:\/\/wildrovertours.com\/es\/","url":"https:\/\/wildrovertours.com\/es\/","name":"Wild Rover Tours | Elegidos como los \"Mejores tours de un d\u00eda en Irlanda\"","isPartOf":{"@id":"https:\/\/wildrovertours.com\/es\/#website"},"primaryImageOfPage":{"@id":"https:\/\/wildrovertours.com\/es\/#primaryimage"},"image":{"@id":"https:\/\/wildrovertours.com\/es\/#primaryimage"},"thumbnailUrl":"https:\/\/wildrovertours.com\/wp-content\/uploads\/2025\/11\/Homepage-Cliffs-Giants-Belfast-Glendalough.jpg","datePublished":"2020-04-07T09:17:20+00:00","dateModified":"2025-12-16T02:08:30+00:00","description":"Reserva tours de un d\u00eda galardonados con Wild Rover Tours, la empresa l\u00edder de excursiones de un d\u00eda en Irlanda. Mejor precio garantizado. Cancelaci\u00f3n gratuita. Reserva ahora.","breadcrumb":{"@id":"https:\/\/wildrovertours.com\/es\/#breadcrumb"},"inLanguage":"es","potentialAction":[{"@type":"ReadAction","target":["https:\/\/wildrovertours.com\/es\/"]}]},{"@type":"ImageObject","inLanguage":"es","@id":"https:\/\/wildrovertours.com\/es\/#primaryimage","url":"https:\/\/wildrovertours.com\/wp-content\/uploads\/2025\/11\/Homepage-Cliffs-Giants-Belfast-Glendalough.jpg","contentUrl":"https:\/\/wildrovertours.com\/wp-content\/uploads\/2025\/11\/Homepage-Cliffs-Giants-Belfast-Glendalough.jpg","width":1920,"height":1080},{"@type":"BreadcrumbList","@id":"https:\/\/wildrovertours.com\/es\/#breadcrumb","itemListElement":[{"@type":"ListItem","position":1,"name":"Home","item":"https:\/\/wildrovertours.com\/es\/"},{"@type":"ListItem","position":2,"name":"Inicio"}]},{"@type":"WebSite","@id":"https:\/\/wildrovertours.com\/es\/#website","url":"https:\/\/wildrovertours.com\/es\/","name":"Wild Rover Tours","description":"Day trips, activities and multi-day tours in Ireland","publisher":{"@id":"https:\/\/wildrovertours.com\/es\/#organization"},"potentialAction":[{"@type":"SearchAction","target":{"@type":"EntryPoint","urlTemplate":"https:\/\/wildrovertours.com\/es\/?s={search_term_string}"},"query-input":{"@type":"PropertyValueSpecification","valueRequired":true,"valueName":"search_term_string"}}],"inLanguage":"es"},{"@type":"Organization","@id":"https:\/\/wildrovertours.com\/es\/#organization","name":"Wild Rover Tours","url":"https:\/\/wildrovertours.com\/es\/","logo":{"@type":"ImageObject","inLanguage":"es","@id":"https:\/\/wildrovertours.com\/es\/#\/schema\/logo\/image\/","url":"https:\/\/wildrovertours.com\/wp-content\/uploads\/2018\/02\/wrt-logo2.jpg","contentUrl":"https:\/\/wildrovertours.com\/wp-content\/uploads\/2018\/02\/wrt-logo2.jpg","width":150,"height":150,"caption":"Wild Rover Tours"},"image":{"@id":"https:\/\/wildrovertours.com\/es\/#\/schema\/logo\/image\/"},"sameAs":["https:\/\/www.facebook.com\/WildRoverDayToursIreland\/","https:\/\/x.com\/WildRoverTours","https:\/\/www.instagram.com\/wild_rover_tours\/","https:\/\/www.pinterest.ie\/wildrovertours1\/?eq=wildrover&amp;amp;amp;amp;etslf=6690\/","https:\/\/www.youtube.com\/user\/WildRoverDayTours\/?sub_confirmation=1"]}]}},"_links":{"self":[{"href":"https:\/\/wildrovertours.com\/es\/wp-json\/wp\/v2\/pages\/6881","targetHints":{"allow":["GET"]}}],"collection":[{"href":"https:\/\/wildrovertours.com\/es\/wp-json\/wp\/v2\/pages"}],"about":[{"href":"https:\/\/wildrovertours.com\/es\/wp-json\/wp\/v2\/types\/page"}],"author":[{"embeddable":true,"href":"https:\/\/wildrovertours.com\/es\/wp-json\/wp\/v2\/users\/1"}],"replies":[{"embeddable":true,"href":"https:\/\/wildrovertours.com\/es\/wp-json\/wp\/v2\/comments?post=6881"}],"version-history":[{"count":1,"href":"https:\/\/wildrovertours.com\/es\/wp-json\/wp\/v2\/pages\/6881\/revisions"}],"predecessor-version":[{"id":6899,"href":"https:\/\/wildrovertours.com\/es\/wp-json\/wp\/v2\/pages\/6881\/revisions\/6899"}],"wp:featuredmedia":[{"embeddable":true,"href":"https:\/\/wildrovertours.com\/es\/wp-json\/wp\/v2\/media\/7133"}],"wp:attachment":[{"href":"https:\/\/wildrovertours.com\/es\/wp-json\/wp\/v2\/media?parent=6881"}],"curies":[{"name":"wp","href":"https:\/\/api.w.org\/{rel}","templated":true}]}}