{"id":6839,"date":"2020-05-14T14:45:52","date_gmt":"2020-05-14T13:45:52","guid":{"rendered":"https:\/\/wildrovertours.com\/ofertas-especiales-en-excursiones-de-un-dia-desde-dublin\/"},"modified":"2025-12-03T00:51:18","modified_gmt":"2025-12-03T00:51:18","slug":"ofertas-especiales-en-excursiones-de-un-dia-desde-dublin","status":"publish","type":"page","link":"https:\/\/wildrovertours.com\/es\/ofertas-especiales-en-excursiones-de-un-dia-desde-dublin\/","title":{"rendered":"Ofertas especiales"},"content":{"rendered":"\n<h3 class=\"wp-block-heading\">Ofertas especiales<\/h3>\n\n<p>En Wild Rover Tours queremos que todos los visitantes de Irlanda tengan la mejor experiencia posible. Te garantizamos que cuanto m\u00e1s veas, m\u00e1s te enamorar\u00e1s de nuestro singular pa\u00eds. Con esto en mente, hemos creado algunas <strong>ofertas especiales<\/strong> incre\u00edbles en nuestras <strong>excursiones de un d\u00eda galardonadas desde Dubl\u00edn<\/strong> para que las aproveches al reservar con nosotros.  <\/p>\n\n<p>Recuerda que ofrecemos una <a href=\"https:\/\/wildrovertours.com\/best-price-guarantee\/\">Garant\u00eda del mejor precio<\/a>: no encontrar\u00e1s ninguno de nuestros tours m\u00e1s barato en ning\u00fan otro sitio. Nuestros tours tambi\u00e9n incluyen <a href=\"https:\/\/wildrovertours.com\/free-cancellation\/\">Cancelaci\u00f3n gratuita<\/a> para mayor tranquilidad, por si tus planes cambian. <\/p>\n\n<h3 class=\"wp-block-heading\">10% de descuento: al reservar 2 tours.<\/h3>\n\n<p>Cuanto m\u00e1s veas de nuestra hermosa campi\u00f1a, m\u00e1s te enamorar\u00e1s de Irlanda. Tenemos varias excursiones de un d\u00eda galardonadas desde Dubl\u00edn para que elijas. Para ayudarte a ver m\u00e1s de Irlanda, si reservas una segunda excursi\u00f3n de un d\u00eda con Wild Rover Tours, te ofreceremos un <g id=\"gid_0\">10% de descuento<\/g> en <g id=\"gid_1\">AMBOS<\/g> tours. Para aprovechar esta gran oferta especial, reserva uno de nuestros paquetes de tours.   <\/p>\n\n<p class=\"has-text-align-left\"><strong>Paquetes con 10% de descuento<\/strong><\/p>\n\n<ul class=\"wp-block-list\">\n<li>Acantilados de Moher y Galway + Wicklow, Glendalough y Kilkenny. <a href=\"https:\/\/wildrovertours.com\/activity\/cliffs-moher-wicklow-kilkenny\/\">Reserva ahora<\/a>.<\/li>\n\n\n\n<li>Wicklow, Glendalough y Kilkenny + Irlanda del Norte. <a href=\"https:\/\/wildrovertours.com\/activity\/northern-ireland-wicklow-kilkenny\/\">Reserva ahora<\/a>.<\/li>\n\n\n\n<li>Irlanda del Norte + Acantilados de Moher y Galway. <a href=\"https:\/\/wildrovertours.com\/activity\/cliffs-of-moher-belfast\/\">Reserva ahora<\/a>.<\/li>\n\n\n\n<li>Acantilados de Moher y Bunratty + Wicklow, Glendalough y Kilkenny <a href=\"https:\/\/wildrovertours.com\/activity\/cliffs-of-moher-bunratty-wicklow-kilkenny\/\">Reserva ahora<\/a>.<\/li>\n\n\n\n<li>Irlanda del Norte + Acantilados de Moher y Bunratty. <a href=\"https:\/\/wildrovertours.com\/activity\/cliffs-of-moher-bunratty-giants-causeway-belfast\/\">Reserva ahora<\/a>.<\/li>\n<\/ul>\n\n<h3 class=\"wp-block-heading\">12,5% de descuento: paquete de 3 tours<\/h3>\n\n<p>\u00bfQuieres ver la mayor parte posible de Irlanda durante tu estancia? Entonces, nuestro paquete de <g id=\"gid_0\">tres<\/g> tours es justo la oferta que necesitas. Recibir\u00e1s un 12,5% de descuento en toda tu reserva si reservas nuestro paquete de 3 tours.   <\/p>\n\n<p><strong>Paquetes con 12,5% de descuento<\/strong><\/p>\n\n<p>Este paquete de oferta especial incluye excursiones de un d\u00eda a:<\/p>\n\n<ul class=\"wp-block-list\">\n<li>Acantilados de Moher y Galway o Acantilados de Moher y Bunratty<\/li>\n\n\n\n<li>Wicklow, Glendalough y Kilkenny<\/li>\n\n\n\n<li>Irlanda del Norte<\/li>\n<\/ul>\n\n<p>Nuestro paquete de 3 tours representa un 12,5% de descuento. <\/p>\n\n<p>Reserva un paquete de 3 tours con <a href=\"https:\/\/wildrovertours.com\/activity\/cliffs-moher-belfast-wicklow\/\">Acantilados de Moher y Galway<\/a>. Reserva un paquete de 3 tours con <a href=\"https:\/\/wildrovertours.com\/activity\/3-tour-special\/\">Acantilados de Moher y Bunratty<\/a>. <\/p>\n\n<p><\/p>\n\n<h3 class=\"wp-block-heading\">15% de descuento para grupos<\/h3>\n\n<p>\u00bfViajas en grupo? Ofrecemos un <strong>15% de descuento para grupos<\/strong> de 16 personas o m\u00e1s. Reserva online y el descuento se aplicar\u00e1 autom\u00e1ticamente al reservar 16 o m\u00e1s entradas.  <\/p>\n\n<p>Tambi\u00e9n ofrecemos <a href=\"https:\/\/wildrovertours.com\/private-tours\/\">tours privados<\/a>, que son muy populares entre los grupos. Si deseas obtener m\u00e1s informaci\u00f3n, env\u00eda tu consulta por correo electr\u00f3nico a info@wildrovertours.com y te enviaremos m\u00e1s informaci\u00f3n. Los precios dependen de las rutas elegidas y del n\u00famero de personas en el grupo.  <\/p>\n\n<p><strong>Cambiamos y actualizamos las ofertas especiales con regularidad, \u00a1as\u00ed que reserva ahora para evitar decepciones!<\/strong><\/p>\n\n<h2 class=\"wp-block-heading\">M\u00e1s ofertas especiales <\/h2>\n\n<h3 class=\"wp-block-heading\">Tour en autob\u00fas tur\u00edstico por la ciudad de Dubl\u00edn<\/h3>\n\n<p>20% de descuento en <a href=\"https:\/\/wildrovertours.com\/activity\/hop-on-hop-off-dublin-sightseeing-bus-special\/\"><strong>bus tur\u00edstico<\/strong><\/a><strong> <\/strong>en los tours en autob\u00fas tur\u00edstico por la ciudad de Dubl\u00edn. Habr\u00e1 un <strong>20% de descuento en todos los tours tur\u00edsticos por la ciudad<\/strong>, tanto para la compa\u00f1\u00eda <a href=\"https:\/\/wildrovertours.com\/activity\/hop-on-hop-off-dublin-sightseeing-bus-special\/\">Do Dublin<\/a> como para <a href=\"https:\/\/wildrovertours.com\/activity\/big-bus-hop-on-hop-off-dublin\/\">Big Bus<\/a>. Los billetes para los tours DEBEN RECOGERSE en el quiosco de billetes de Day Trips &amp; Tours, St Stephens Green Shopping Centre, Dubl\u00edn 2 o en la oficina de Big Bus, 26 Bachelors Walk, North City, Dubl\u00edn 1, DO1 A9.  <\/p>\n\n<p>No se requiere ning\u00fan c\u00f3digo promocional especial de Wild Rover Tours. Simplemente a\u00f1\u00e1delo a tu reserva al finalizar la compra y el descuento se aplicar\u00e1 autom\u00e1ticamente. <\/p>\n\n<h3 class=\"wp-block-heading\">Consigna de equipaje<\/h3>\n\n<p>Tambi\u00e9n es importante para nosotros poder ayudarte a eliminar el estr\u00e9s de la planificaci\u00f3n de tu viaje a Dubl\u00edn, por lo que estamos orgullosos de ofrecer una <a href=\"https:\/\/wildrovertours.com\/activity\/luggage-storage\/\">consigna de equipaje<\/a> segura en el centro de la ciudad de Dubl\u00edn mientras est\u00e1s explorando. Podemos ofrecer un <strong>15% de descuento en el coste de la consigna de equipaje ofrecida exclusivamente a los clientes de Wild Rover Tours<\/strong> <\/p>\n\n<p>Nada arruina tanto el disfrute de visitar una nueva ciudad como arrastrar tus pesadas y voluminosas maletas contigo mientras caminas. \u00a1Nosotros te cubrimos! Las instalaciones de consigna de equipaje (abiertas las 24 horas del d\u00eda) ser\u00e1n proporcionadas por el <g id=\"gid_0\">Abbey Court Hostel<\/g> en Bachelors Walk (al lado del puente O\u2019Connell). Es una ubicaci\u00f3n excelente y c\u00e9ntrica, a solo cinco minutos a pie de las paradas del autob\u00fas lanzadera del aeropuerto 747 Airlink &amp; Aircoach, \u00a1as\u00ed que sal y explora sin estr\u00e9s!   <\/p>\n\n<p>Abbey Court Hostel, 29 Bachelors Walk, North City, Dubl\u00edn, D01 AX90. Tel. (01) 878 0700  <\/p>\n\n<p>\u00a1No olvides que obtienes un descuento online al reservar una excursi\u00f3n de un d\u00eda con Wild Rover Tours al mismo tiempo!<\/p>\n","protected":false},"excerpt":{"rendered":"<p>Ofertas especiales En Wild Rover Tours queremos que todos los visitantes de Irlanda tengan la mejor experiencia posible. Te garantizamos que cuanto m\u00e1s veas, m\u00e1s te enamorar\u00e1s de nuestro singular pa\u00eds. Con esto en mente, hemos creado algunas ofertas especiales incre\u00edbles en nuestras excursiones de un d\u00eda galardonadas desde Dubl\u00edn para que las aproveches al &#8230;<\/p>\n<p><a class=\"btn btn-secondary\" href=\"https:\/\/wildrovertours.com\/es\/ofertas-especiales-en-excursiones-de-un-dia-desde-dublin\/\">Read More<\/a><\/p>\n","protected":false},"author":1,"featured_media":7116,"parent":0,"menu_order":0,"comment_status":"closed","ping_status":"closed","template":"page-templates\/special-offers.php","meta":{"content-type":"","footnotes":""},"class_list":["post-6839","page","type-page","status-publish","has-post-thumbnail","hentry"],"yoast_head":"<!-- This site is optimized with the Yoast SEO plugin v26.8 - https:\/\/yoast.com\/product\/yoast-seo-wordpress\/ -->\n<title>Ofertas especiales - Wild Rover Tours<\/title>\n<meta name=\"description\" content=\"Descubre ofertas especiales y descuentos en las excursiones de un d\u00eda m\u00e1s populares desde Dubl\u00edn, as\u00ed como ofertas promocionales de Wild Rover Tours. Haz clic aqu\u00ed para ver nuestras \u00faltimas ofertas.\" \/>\n<meta name=\"robots\" content=\"index, follow, max-snippet:-1, max-image-preview:large, max-video-preview:-1\" \/>\n<link rel=\"canonical\" href=\"\/\" \/>\n<meta property=\"og:locale\" content=\"es_ES\" \/>\n<meta property=\"og:type\" content=\"article\" \/>\n<meta property=\"og:title\" content=\"Ofertas especiales - Wild Rover Tours\" \/>\n<meta property=\"og:description\" content=\"Descubre ofertas especiales y descuentos en las excursiones de un d\u00eda m\u00e1s populares desde Dubl\u00edn, as\u00ed como ofertas promocionales de Wild Rover Tours. Haz clic aqu\u00ed para ver nuestras \u00faltimas ofertas.\" \/>\n<meta property=\"og:url\" content=\"https:\/\/wildrovertours.com\/es\/ofertas-especiales-en-excursiones-de-un-dia-desde-dublin\/\" \/>\n<meta property=\"og:site_name\" content=\"Wild Rover Tours\" \/>\n<meta property=\"article:publisher\" content=\"https:\/\/www.facebook.com\/WildRoverDayToursIreland\/\" \/>\n<meta property=\"article:modified_time\" content=\"2025-12-03T00:51:18+00:00\" \/>\n<meta name=\"twitter:card\" content=\"summary_large_image\" \/>\n<meta name=\"twitter:site\" content=\"@WildRoverTours\" \/>\n<script type=\"application\/ld+json\" class=\"yoast-schema-graph\">{\"@context\":\"https:\/\/schema.org\",\"@graph\":[{\"@type\":\"WebPage\",\"@id\":\"https:\/\/wildrovertours.com\/es\/ofertas-especiales-en-excursiones-de-un-dia-desde-dublin\/\",\"url\":\"https:\/\/wildrovertours.com\/es\/ofertas-especiales-en-excursiones-de-un-dia-desde-dublin\/\",\"name\":\"Ofertas especiales - Wild Rover Tours\",\"isPartOf\":{\"@id\":\"https:\/\/wildrovertours.com\/es\/#website\"},\"primaryImageOfPage\":{\"@id\":\"https:\/\/wildrovertours.com\/es\/ofertas-especiales-en-excursiones-de-un-dia-desde-dublin\/#primaryimage\"},\"image\":{\"@id\":\"https:\/\/wildrovertours.com\/es\/ofertas-especiales-en-excursiones-de-un-dia-desde-dublin\/#primaryimage\"},\"thumbnailUrl\":\"https:\/\/wildrovertours.com\/wp-content\/uploads\/2020\/04\/Cliffs-Bunratty-Tour.jpg\",\"datePublished\":\"2020-05-14T13:45:52+00:00\",\"dateModified\":\"2025-12-03T00:51:18+00:00\",\"description\":\"Descubre ofertas especiales y descuentos en las excursiones de un d\u00eda m\u00e1s populares desde Dubl\u00edn, as\u00ed como ofertas promocionales de Wild Rover Tours. Haz clic aqu\u00ed para ver nuestras \u00faltimas ofertas.\",\"breadcrumb\":{\"@id\":\"https:\/\/wildrovertours.com\/es\/ofertas-especiales-en-excursiones-de-un-dia-desde-dublin\/#breadcrumb\"},\"inLanguage\":\"es\",\"potentialAction\":[{\"@type\":\"ReadAction\",\"target\":[\"https:\/\/wildrovertours.com\/es\/ofertas-especiales-en-excursiones-de-un-dia-desde-dublin\/\"]}]},{\"@type\":\"ImageObject\",\"inLanguage\":\"es\",\"@id\":\"https:\/\/wildrovertours.com\/es\/ofertas-especiales-en-excursiones-de-un-dia-desde-dublin\/#primaryimage\",\"url\":\"https:\/\/wildrovertours.com\/wp-content\/uploads\/2020\/04\/Cliffs-Bunratty-Tour.jpg\",\"contentUrl\":\"https:\/\/wildrovertours.com\/wp-content\/uploads\/2020\/04\/Cliffs-Bunratty-Tour.jpg\",\"width\":1920,\"height\":1080},{\"@type\":\"BreadcrumbList\",\"@id\":\"https:\/\/wildrovertours.com\/es\/ofertas-especiales-en-excursiones-de-un-dia-desde-dublin\/#breadcrumb\",\"itemListElement\":[{\"@type\":\"ListItem\",\"position\":1,\"name\":\"Home\",\"item\":\"https:\/\/wildrovertours.com\/es\/\"},{\"@type\":\"ListItem\",\"position\":2,\"name\":\"Ofertas especiales\"}]},{\"@type\":\"WebSite\",\"@id\":\"https:\/\/wildrovertours.com\/es\/#website\",\"url\":\"https:\/\/wildrovertours.com\/es\/\",\"name\":\"Wild Rover Tours\",\"description\":\"Day trips, activities and multi-day tours in Ireland\",\"publisher\":{\"@id\":\"https:\/\/wildrovertours.com\/es\/#organization\"},\"potentialAction\":[{\"@type\":\"SearchAction\",\"target\":{\"@type\":\"EntryPoint\",\"urlTemplate\":\"https:\/\/wildrovertours.com\/es\/?s={search_term_string}\"},\"query-input\":{\"@type\":\"PropertyValueSpecification\",\"valueRequired\":true,\"valueName\":\"search_term_string\"}}],\"inLanguage\":\"es\"},{\"@type\":\"Organization\",\"@id\":\"https:\/\/wildrovertours.com\/es\/#organization\",\"name\":\"Wild Rover Tours\",\"url\":\"https:\/\/wildrovertours.com\/es\/\",\"logo\":{\"@type\":\"ImageObject\",\"inLanguage\":\"es\",\"@id\":\"https:\/\/wildrovertours.com\/es\/#\/schema\/logo\/image\/\",\"url\":\"https:\/\/wildrovertours.com\/wp-content\/uploads\/2018\/02\/wrt-logo2.jpg\",\"contentUrl\":\"https:\/\/wildrovertours.com\/wp-content\/uploads\/2018\/02\/wrt-logo2.jpg\",\"width\":150,\"height\":150,\"caption\":\"Wild Rover Tours\"},\"image\":{\"@id\":\"https:\/\/wildrovertours.com\/es\/#\/schema\/logo\/image\/\"},\"sameAs\":[\"https:\/\/www.facebook.com\/WildRoverDayToursIreland\/\",\"https:\/\/x.com\/WildRoverTours\",\"https:\/\/www.instagram.com\/wild_rover_tours\/\",\"https:\/\/www.pinterest.ie\/wildrovertours1\/?eq=wildrover&amp;amp;amp;amp;etslf=6690\/\",\"https:\/\/www.youtube.com\/user\/WildRoverDayTours\/?sub_confirmation=1\"]}]}<\/script>\n<!-- \/ Yoast SEO plugin. -->","yoast_head_json":{"title":"Ofertas especiales - Wild Rover Tours","description":"Descubre ofertas especiales y descuentos en las excursiones de un d\u00eda m\u00e1s populares desde Dubl\u00edn, as\u00ed como ofertas promocionales de Wild Rover Tours. Haz clic aqu\u00ed para ver nuestras \u00faltimas ofertas.","robots":{"index":"index","follow":"follow","max-snippet":"max-snippet:-1","max-image-preview":"max-image-preview:large","max-video-preview":"max-video-preview:-1"},"canonical":"\/","og_locale":"es_ES","og_type":"article","og_title":"Ofertas especiales - Wild Rover Tours","og_description":"Descubre ofertas especiales y descuentos en las excursiones de un d\u00eda m\u00e1s populares desde Dubl\u00edn, as\u00ed como ofertas promocionales de Wild Rover Tours. Haz clic aqu\u00ed para ver nuestras \u00faltimas ofertas.","og_url":"https:\/\/wildrovertours.com\/es\/ofertas-especiales-en-excursiones-de-un-dia-desde-dublin\/","og_site_name":"Wild Rover Tours","article_publisher":"https:\/\/www.facebook.com\/WildRoverDayToursIreland\/","article_modified_time":"2025-12-03T00:51:18+00:00","twitter_card":"summary_large_image","twitter_site":"@WildRoverTours","schema":{"@context":"https:\/\/schema.org","@graph":[{"@type":"WebPage","@id":"https:\/\/wildrovertours.com\/es\/ofertas-especiales-en-excursiones-de-un-dia-desde-dublin\/","url":"https:\/\/wildrovertours.com\/es\/ofertas-especiales-en-excursiones-de-un-dia-desde-dublin\/","name":"Ofertas especiales - Wild Rover Tours","isPartOf":{"@id":"https:\/\/wildrovertours.com\/es\/#website"},"primaryImageOfPage":{"@id":"https:\/\/wildrovertours.com\/es\/ofertas-especiales-en-excursiones-de-un-dia-desde-dublin\/#primaryimage"},"image":{"@id":"https:\/\/wildrovertours.com\/es\/ofertas-especiales-en-excursiones-de-un-dia-desde-dublin\/#primaryimage"},"thumbnailUrl":"https:\/\/wildrovertours.com\/wp-content\/uploads\/2020\/04\/Cliffs-Bunratty-Tour.jpg","datePublished":"2020-05-14T13:45:52+00:00","dateModified":"2025-12-03T00:51:18+00:00","description":"Descubre ofertas especiales y descuentos en las excursiones de un d\u00eda m\u00e1s populares desde Dubl\u00edn, as\u00ed como ofertas promocionales de Wild Rover Tours. Haz clic aqu\u00ed para ver nuestras \u00faltimas ofertas.","breadcrumb":{"@id":"https:\/\/wildrovertours.com\/es\/ofertas-especiales-en-excursiones-de-un-dia-desde-dublin\/#breadcrumb"},"inLanguage":"es","potentialAction":[{"@type":"ReadAction","target":["https:\/\/wildrovertours.com\/es\/ofertas-especiales-en-excursiones-de-un-dia-desde-dublin\/"]}]},{"@type":"ImageObject","inLanguage":"es","@id":"https:\/\/wildrovertours.com\/es\/ofertas-especiales-en-excursiones-de-un-dia-desde-dublin\/#primaryimage","url":"https:\/\/wildrovertours.com\/wp-content\/uploads\/2020\/04\/Cliffs-Bunratty-Tour.jpg","contentUrl":"https:\/\/wildrovertours.com\/wp-content\/uploads\/2020\/04\/Cliffs-Bunratty-Tour.jpg","width":1920,"height":1080},{"@type":"BreadcrumbList","@id":"https:\/\/wildrovertours.com\/es\/ofertas-especiales-en-excursiones-de-un-dia-desde-dublin\/#breadcrumb","itemListElement":[{"@type":"ListItem","position":1,"name":"Home","item":"https:\/\/wildrovertours.com\/es\/"},{"@type":"ListItem","position":2,"name":"Ofertas especiales"}]},{"@type":"WebSite","@id":"https:\/\/wildrovertours.com\/es\/#website","url":"https:\/\/wildrovertours.com\/es\/","name":"Wild Rover Tours","description":"Day trips, activities and multi-day tours in Ireland","publisher":{"@id":"https:\/\/wildrovertours.com\/es\/#organization"},"potentialAction":[{"@type":"SearchAction","target":{"@type":"EntryPoint","urlTemplate":"https:\/\/wildrovertours.com\/es\/?s={search_term_string}"},"query-input":{"@type":"PropertyValueSpecification","valueRequired":true,"valueName":"search_term_string"}}],"inLanguage":"es"},{"@type":"Organization","@id":"https:\/\/wildrovertours.com\/es\/#organization","name":"Wild Rover Tours","url":"https:\/\/wildrovertours.com\/es\/","logo":{"@type":"ImageObject","inLanguage":"es","@id":"https:\/\/wildrovertours.com\/es\/#\/schema\/logo\/image\/","url":"https:\/\/wildrovertours.com\/wp-content\/uploads\/2018\/02\/wrt-logo2.jpg","contentUrl":"https:\/\/wildrovertours.com\/wp-content\/uploads\/2018\/02\/wrt-logo2.jpg","width":150,"height":150,"caption":"Wild Rover Tours"},"image":{"@id":"https:\/\/wildrovertours.com\/es\/#\/schema\/logo\/image\/"},"sameAs":["https:\/\/www.facebook.com\/WildRoverDayToursIreland\/","https:\/\/x.com\/WildRoverTours","https:\/\/www.instagram.com\/wild_rover_tours\/","https:\/\/www.pinterest.ie\/wildrovertours1\/?eq=wildrover&amp;amp;amp;amp;etslf=6690\/","https:\/\/www.youtube.com\/user\/WildRoverDayTours\/?sub_confirmation=1"]}]}},"_links":{"self":[{"href":"https:\/\/wildrovertours.com\/es\/wp-json\/wp\/v2\/pages\/6839","targetHints":{"allow":["GET"]}}],"collection":[{"href":"https:\/\/wildrovertours.com\/es\/wp-json\/wp\/v2\/pages"}],"about":[{"href":"https:\/\/wildrovertours.com\/es\/wp-json\/wp\/v2\/types\/page"}],"author":[{"embeddable":true,"href":"https:\/\/wildrovertours.com\/es\/wp-json\/wp\/v2\/users\/1"}],"replies":[{"embeddable":true,"href":"https:\/\/wildrovertours.com\/es\/wp-json\/wp\/v2\/comments?post=6839"}],"version-history":[{"count":2,"href":"https:\/\/wildrovertours.com\/es\/wp-json\/wp\/v2\/pages\/6839\/revisions"}],"predecessor-version":[{"id":7341,"href":"https:\/\/wildrovertours.com\/es\/wp-json\/wp\/v2\/pages\/6839\/revisions\/7341"}],"wp:featuredmedia":[{"embeddable":true,"href":"https:\/\/wildrovertours.com\/es\/wp-json\/wp\/v2\/media\/7116"}],"wp:attachment":[{"href":"https:\/\/wildrovertours.com\/es\/wp-json\/wp\/v2\/media?parent=6839"}],"curies":[{"name":"wp","href":"https:\/\/api.w.org\/{rel}","templated":true}]}}