{"id":6709,"date":"2022-12-21T09:06:40","date_gmt":"2022-12-21T09:06:40","guid":{"rendered":"https:\/\/wildrovertours.com\/sobre-nosotros\/"},"modified":"2025-10-15T22:30:05","modified_gmt":"2025-10-15T21:30:05","slug":"sobre-nosotros","status":"publish","type":"page","link":"https:\/\/wildrovertours.com\/es\/sobre-nosotros\/","title":{"rendered":"Sobre nosotros"},"content":{"rendered":"\n<p><strong>Acerca de Wild Rover Tours<\/strong><\/p>\n\n<p>Bienvenido a Wild Rover Tours, donde nuestra pasi\u00f3n por mostrar la belleza y la historia de Irlanda impulsa todo lo que hacemos. Desde nuestra base en Dubl\u00edn, llevamos a los viajeros a viajes inolvidables a los paisajes m\u00e1s emblem\u00e1ticos del pa\u00eds, a ciudades vibrantes y a joyas ocultas. Tanto si es tu primera visita a Irlanda como si es una oportunidad para redescubrir su magia, estamos aqu\u00ed para asegurarnos de que cada momento te deje recuerdos para atesorar.<\/p>\n\n<p><strong>Nuestra historia<\/strong><br\/>Wild Rover Tours naci\u00f3 de un profundo amor por los paisajes escarpados y el rico patrimonio cultural de Irlanda. Nuestros fundadores, John y Jacqueline Goldrick, inspirados por sus propios viajes y el deseo de compartir aut\u00e9nticas experiencias irlandesas, vieron la oportunidad de crear tours que van m\u00e1s all\u00e1 de las rutas habituales, ofreciendo una conexi\u00f3n m\u00e1s profunda con la tierra y sus historias.<\/p>\n\n<p>Quer\u00edamos hacer algo m\u00e1s que mostrarte Irlanda; quer\u00edamos sumergirte en ella. Cada tour est\u00e1 cuidadosamente dise\u00f1ado para equilibrar paisajes impresionantes, conocimientos hist\u00f3ricos y aut\u00e9nticos encuentros culturales.<\/p>\n\n<p><strong>Nuestra misi\u00f3n y valores fundamentales<br\/>Creemos en la creaci\u00f3n de experiencias que:<\/strong><\/p>\n\n<ul class=\"wp-block-list\">\n<li><strong>Inspiren y eduquen:<\/strong> Cada tour es un viaje a trav\u00e9s del tiempo, que da vida a la historia, el folclore y las maravillas naturales de Irlanda.<\/li>\n\n\n\n<li><strong>Ofrezcan excelencia:<\/strong> Desde c\u00f3modos arreglos de viaje hasta gu\u00edas Y conductores expertos, priorizamos la calidad y la atenci\u00f3n al detalle.<\/li>\n\n\n\n<li><strong>Fomenten la sostenibilidad:<\/strong> Estamos comprometidos con pr\u00e1cticas ecol\u00f3gicas que preserven la belleza de Irlanda para las generaciones futuras.<\/li>\n\n\n\n<li><strong>Prioricen la experiencia del cliente:<\/strong> Tu satisfacci\u00f3n es nuestra m\u00e1xima prioridad: nuestro objetivo es superar las expectativas en cada paso.<\/li>\n<\/ul>\n\n<p>Nuestra misi\u00f3n es simple: conectar a nuestros hu\u00e9spedes con el esp\u00edritu de Irlanda a trav\u00e9s de experiencias de viaje excepcionales y significativas.<\/p>\n\n<p><strong>Premios y reconocimientos de TripAdvisor<br\/>Nos sentimos honrados de haber obtenido numerosos galardones de TripAdvisor, que reflejan nuestra dedicaci\u00f3n a brindar experiencias excepcionales:<\/strong><\/p>\n\n<ul class=\"wp-block-list\">\n<li><strong>Premios Travelers&#8217; Choice de TripAdvisor:<\/strong> Reconocida como una empresa de tours l\u00edder en Irlanda durante varios a\u00f1os consecutivos (2013-2024)<\/li>\n\n\n\n<li>Clasificada entre las <strong>20 mejores actividades en el norte de Europa<\/strong> y reconocida por su excelencia en todo el mundo.<\/li>\n<\/ul>\n\n<p><strong>Nuestros tours galardonados<br\/>Estamos orgullosos de ofrecer una gama de tours de un d\u00eda galardonados, cada uno dise\u00f1ado para proporcionar una experiencia rica y atractiva:<\/strong><\/p>\n\n<ul class=\"wp-block-list\">\n<li><strong>Excursi\u00f3n de un d\u00eda a los acantilados de Moher, la ciudad de Ennis y el castillo de Bunratty:<\/strong> Descubre la espectacular costa de Irlanda, explora las encantadoras calles de Ennis y retrocede en el tiempo en el castillo de Bunratty.<\/li>\n\n\n\n<li><strong>Acantilados de Moher, paseo oce\u00e1nico por el borde del Atl\u00e1ntico y ciudad de Galway:<\/strong> Experimenta la belleza salvaje de la costa atl\u00e1ntica y la vibrante cultura de Galway.<\/li>\n\n\n\n<li><strong>Kilkenny, monta\u00f1as de Wicklow y Glendalough:<\/strong> Pasea por calles medievales, marav\u00edllate con las vistas de las monta\u00f1as y encuentra la paz en el antiguo asentamiento mon\u00e1stico de Glendalough.<\/li>\n\n\n\n<li><strong>Calzada del Gigante y ciudad de Belfast:<\/strong> Explora las formaciones rocosas de otro mundo de la Calzada del Gigante y sum\u00e9rgete en la rica historia de Belfast <\/li>\n\n\n\n<li><strong>Pr\u00f3ximamente, nuevos y emocionantes tours:<\/strong> Estamos desarrollando un nuevo tour por Irlanda del Norte, que incluye una visita guiada a pie por Belfast, junto con tiempo libre para explorar las vibrantes ofertas de la ciudad por tu cuenta. \u00a1Estad atentos para m\u00e1s actualizaciones!<\/li>\n<\/ul>\n\n<p><strong>\u00danete a nosotros en tu aventura irlandesa<br\/>Descubre la magia de Irlanda con Wild Rover Tours.<\/strong> Tanto si te atrae la historia, la naturaleza o simplemente el amor por los viajes, te invitamos a unirte a nosotros en un viaje que va m\u00e1s all\u00e1 del turismo, creando conexiones que duran toda la vida.<\/p>\n\n<p><strong>Cont\u00e1ctanos:<\/strong><\/p>\n\n<ul class=\"wp-block-list\">\n<li><strong>Correo electr\u00f3nico:<\/strong> info@wildrovertours.com<\/li>\n\n\n\n<li><strong>Tel\u00e9fono:<\/strong><br\/>Irlanda: +353 1 284 5560 <br\/>EE. UU.: +1 845 444 1218<br\/>Reino Unido: +44 2038 686 779<\/li>\n<\/ul>\n\n<p>Esperamos darte la bienvenida a bordo y compartir las maravillas de Irlanda contigo.<\/p>\n\n<hr class=\"wp-block-separator has-css-opacity my-5\"\/>\n\n<div class=\"wp-block-columns is-layout-flex wp-container-core-columns-is-layout-9d6595d7 wp-block-columns-is-layout-flex\"><\/div>\n","protected":false},"excerpt":{"rendered":"<p>Acerca de Wild Rover Tours Bienvenido a Wild Rover Tours, donde nuestra pasi\u00f3n por mostrar la belleza y la historia de Irlanda impulsa todo lo que hacemos. Desde nuestra base en Dubl\u00edn, llevamos a los viajeros a viajes inolvidables a los paisajes m\u00e1s emblem\u00e1ticos del pa\u00eds, a ciudades vibrantes y a joyas ocultas. Tanto si &#8230;<\/p>\n<p><a class=\"btn btn-secondary\" href=\"https:\/\/wildrovertours.com\/es\/sobre-nosotros\/\">Read More<\/a><\/p>\n","protected":false},"author":4,"featured_media":7432,"parent":0,"menu_order":0,"comment_status":"closed","ping_status":"closed","template":"","meta":{"content-type":"","footnotes":""},"class_list":["post-6709","page","type-page","status-publish","has-post-thumbnail","hentry"],"yoast_head":"<!-- This site is optimized with the Yoast SEO plugin v26.8 - https:\/\/yoast.com\/product\/yoast-seo-wordpress\/ -->\n<title>Sobre nosotros - Wild Rover Tours<\/title>\n<meta name=\"description\" content=\"Nuestra empresa familiar con sede en Dubl\u00edn se dedica a ofrecer excursiones de un d\u00eda de calidad por toda Irlanda. Descubre m\u00e1s sobre nosotros.\" \/>\n<meta name=\"robots\" content=\"index, follow, max-snippet:-1, max-image-preview:large, max-video-preview:-1\" \/>\n<link rel=\"canonical\" href=\"\/\" \/>\n<meta property=\"og:locale\" content=\"es_ES\" \/>\n<meta property=\"og:type\" content=\"article\" \/>\n<meta property=\"og:title\" content=\"Sobre nosotros - Wild Rover Tours\" \/>\n<meta property=\"og:description\" content=\"Nuestra empresa familiar con sede en Dubl\u00edn se dedica a ofrecer excursiones de un d\u00eda de calidad por toda Irlanda. Descubre m\u00e1s sobre nosotros.\" \/>\n<meta property=\"og:url\" content=\"https:\/\/wildrovertours.com\/es\/sobre-nosotros\/\" \/>\n<meta property=\"og:site_name\" content=\"Wild Rover Tours\" \/>\n<meta property=\"article:publisher\" content=\"https:\/\/www.facebook.com\/WildRoverDayToursIreland\/\" \/>\n<meta property=\"article:modified_time\" content=\"2025-10-15T21:30:05+00:00\" \/>\n<meta property=\"og:image\" content=\"https:\/\/wildrovertours.com\/wp-content\/uploads\/2018\/04\/WRT-bus-1.jpg\" \/>\n\t<meta property=\"og:image:width\" content=\"1920\" \/>\n\t<meta property=\"og:image:height\" content=\"651\" \/>\n\t<meta property=\"og:image:type\" content=\"image\/jpeg\" \/>\n<meta name=\"twitter:card\" content=\"summary_large_image\" \/>\n<meta name=\"twitter:site\" content=\"@WildRoverTours\" \/>\n<script type=\"application\/ld+json\" class=\"yoast-schema-graph\">{\"@context\":\"https:\/\/schema.org\",\"@graph\":[{\"@type\":\"WebPage\",\"@id\":\"https:\/\/wildrovertours.com\/es\/sobre-nosotros\/\",\"url\":\"https:\/\/wildrovertours.com\/es\/sobre-nosotros\/\",\"name\":\"Sobre nosotros - Wild Rover Tours\",\"isPartOf\":{\"@id\":\"https:\/\/wildrovertours.com\/es\/#website\"},\"primaryImageOfPage\":{\"@id\":\"https:\/\/wildrovertours.com\/es\/sobre-nosotros\/#primaryimage\"},\"image\":{\"@id\":\"https:\/\/wildrovertours.com\/es\/sobre-nosotros\/#primaryimage\"},\"thumbnailUrl\":\"https:\/\/wildrovertours.com\/wp-content\/uploads\/2025\/12\/Bus-in-mountainshero.jpg\",\"datePublished\":\"2022-12-21T09:06:40+00:00\",\"dateModified\":\"2025-10-15T21:30:05+00:00\",\"description\":\"Nuestra empresa familiar con sede en Dubl\u00edn se dedica a ofrecer excursiones de un d\u00eda de calidad por toda Irlanda. Descubre m\u00e1s sobre nosotros.\",\"breadcrumb\":{\"@id\":\"https:\/\/wildrovertours.com\/es\/sobre-nosotros\/#breadcrumb\"},\"inLanguage\":\"es\",\"potentialAction\":[{\"@type\":\"ReadAction\",\"target\":[\"https:\/\/wildrovertours.com\/es\/sobre-nosotros\/\"]}]},{\"@type\":\"ImageObject\",\"inLanguage\":\"es\",\"@id\":\"https:\/\/wildrovertours.com\/es\/sobre-nosotros\/#primaryimage\",\"url\":\"https:\/\/wildrovertours.com\/wp-content\/uploads\/2025\/12\/Bus-in-mountainshero.jpg\",\"contentUrl\":\"https:\/\/wildrovertours.com\/wp-content\/uploads\/2025\/12\/Bus-in-mountainshero.jpg\",\"width\":2000,\"height\":1141},{\"@type\":\"BreadcrumbList\",\"@id\":\"https:\/\/wildrovertours.com\/es\/sobre-nosotros\/#breadcrumb\",\"itemListElement\":[{\"@type\":\"ListItem\",\"position\":1,\"name\":\"Home\",\"item\":\"https:\/\/wildrovertours.com\/es\/\"},{\"@type\":\"ListItem\",\"position\":2,\"name\":\"Sobre nosotros\"}]},{\"@type\":\"WebSite\",\"@id\":\"https:\/\/wildrovertours.com\/es\/#website\",\"url\":\"https:\/\/wildrovertours.com\/es\/\",\"name\":\"Wild Rover Tours\",\"description\":\"Day trips, activities and multi-day tours in Ireland\",\"publisher\":{\"@id\":\"https:\/\/wildrovertours.com\/es\/#organization\"},\"potentialAction\":[{\"@type\":\"SearchAction\",\"target\":{\"@type\":\"EntryPoint\",\"urlTemplate\":\"https:\/\/wildrovertours.com\/es\/?s={search_term_string}\"},\"query-input\":{\"@type\":\"PropertyValueSpecification\",\"valueRequired\":true,\"valueName\":\"search_term_string\"}}],\"inLanguage\":\"es\"},{\"@type\":\"Organization\",\"@id\":\"https:\/\/wildrovertours.com\/es\/#organization\",\"name\":\"Wild Rover Tours\",\"url\":\"https:\/\/wildrovertours.com\/es\/\",\"logo\":{\"@type\":\"ImageObject\",\"inLanguage\":\"es\",\"@id\":\"https:\/\/wildrovertours.com\/es\/#\/schema\/logo\/image\/\",\"url\":\"https:\/\/wildrovertours.com\/wp-content\/uploads\/2018\/02\/wrt-logo2.jpg\",\"contentUrl\":\"https:\/\/wildrovertours.com\/wp-content\/uploads\/2018\/02\/wrt-logo2.jpg\",\"width\":150,\"height\":150,\"caption\":\"Wild Rover Tours\"},\"image\":{\"@id\":\"https:\/\/wildrovertours.com\/es\/#\/schema\/logo\/image\/\"},\"sameAs\":[\"https:\/\/www.facebook.com\/WildRoverDayToursIreland\/\",\"https:\/\/x.com\/WildRoverTours\",\"https:\/\/www.instagram.com\/wild_rover_tours\/\",\"https:\/\/www.pinterest.ie\/wildrovertours1\/?eq=wildrover&amp;amp;amp;amp;etslf=6690\/\",\"https:\/\/www.youtube.com\/user\/WildRoverDayTours\/?sub_confirmation=1\"]}]}<\/script>\n<!-- \/ Yoast SEO plugin. -->","yoast_head_json":{"title":"Sobre nosotros - Wild Rover Tours","description":"Nuestra empresa familiar con sede en Dubl\u00edn se dedica a ofrecer excursiones de un d\u00eda de calidad por toda Irlanda. Descubre m\u00e1s sobre nosotros.","robots":{"index":"index","follow":"follow","max-snippet":"max-snippet:-1","max-image-preview":"max-image-preview:large","max-video-preview":"max-video-preview:-1"},"canonical":"\/","og_locale":"es_ES","og_type":"article","og_title":"Sobre nosotros - Wild Rover Tours","og_description":"Nuestra empresa familiar con sede en Dubl\u00edn se dedica a ofrecer excursiones de un d\u00eda de calidad por toda Irlanda. Descubre m\u00e1s sobre nosotros.","og_url":"https:\/\/wildrovertours.com\/es\/sobre-nosotros\/","og_site_name":"Wild Rover Tours","article_publisher":"https:\/\/www.facebook.com\/WildRoverDayToursIreland\/","article_modified_time":"2025-10-15T21:30:05+00:00","og_image":[{"width":1920,"height":651,"url":"https:\/\/wildrovertours.com\/wp-content\/uploads\/2018\/04\/WRT-bus-1.jpg","type":"image\/jpeg"}],"twitter_card":"summary_large_image","twitter_site":"@WildRoverTours","schema":{"@context":"https:\/\/schema.org","@graph":[{"@type":"WebPage","@id":"https:\/\/wildrovertours.com\/es\/sobre-nosotros\/","url":"https:\/\/wildrovertours.com\/es\/sobre-nosotros\/","name":"Sobre nosotros - Wild Rover Tours","isPartOf":{"@id":"https:\/\/wildrovertours.com\/es\/#website"},"primaryImageOfPage":{"@id":"https:\/\/wildrovertours.com\/es\/sobre-nosotros\/#primaryimage"},"image":{"@id":"https:\/\/wildrovertours.com\/es\/sobre-nosotros\/#primaryimage"},"thumbnailUrl":"https:\/\/wildrovertours.com\/wp-content\/uploads\/2025\/12\/Bus-in-mountainshero.jpg","datePublished":"2022-12-21T09:06:40+00:00","dateModified":"2025-10-15T21:30:05+00:00","description":"Nuestra empresa familiar con sede en Dubl\u00edn se dedica a ofrecer excursiones de un d\u00eda de calidad por toda Irlanda. Descubre m\u00e1s sobre nosotros.","breadcrumb":{"@id":"https:\/\/wildrovertours.com\/es\/sobre-nosotros\/#breadcrumb"},"inLanguage":"es","potentialAction":[{"@type":"ReadAction","target":["https:\/\/wildrovertours.com\/es\/sobre-nosotros\/"]}]},{"@type":"ImageObject","inLanguage":"es","@id":"https:\/\/wildrovertours.com\/es\/sobre-nosotros\/#primaryimage","url":"https:\/\/wildrovertours.com\/wp-content\/uploads\/2025\/12\/Bus-in-mountainshero.jpg","contentUrl":"https:\/\/wildrovertours.com\/wp-content\/uploads\/2025\/12\/Bus-in-mountainshero.jpg","width":2000,"height":1141},{"@type":"BreadcrumbList","@id":"https:\/\/wildrovertours.com\/es\/sobre-nosotros\/#breadcrumb","itemListElement":[{"@type":"ListItem","position":1,"name":"Home","item":"https:\/\/wildrovertours.com\/es\/"},{"@type":"ListItem","position":2,"name":"Sobre nosotros"}]},{"@type":"WebSite","@id":"https:\/\/wildrovertours.com\/es\/#website","url":"https:\/\/wildrovertours.com\/es\/","name":"Wild Rover Tours","description":"Day trips, activities and multi-day tours in Ireland","publisher":{"@id":"https:\/\/wildrovertours.com\/es\/#organization"},"potentialAction":[{"@type":"SearchAction","target":{"@type":"EntryPoint","urlTemplate":"https:\/\/wildrovertours.com\/es\/?s={search_term_string}"},"query-input":{"@type":"PropertyValueSpecification","valueRequired":true,"valueName":"search_term_string"}}],"inLanguage":"es"},{"@type":"Organization","@id":"https:\/\/wildrovertours.com\/es\/#organization","name":"Wild Rover Tours","url":"https:\/\/wildrovertours.com\/es\/","logo":{"@type":"ImageObject","inLanguage":"es","@id":"https:\/\/wildrovertours.com\/es\/#\/schema\/logo\/image\/","url":"https:\/\/wildrovertours.com\/wp-content\/uploads\/2018\/02\/wrt-logo2.jpg","contentUrl":"https:\/\/wildrovertours.com\/wp-content\/uploads\/2018\/02\/wrt-logo2.jpg","width":150,"height":150,"caption":"Wild Rover Tours"},"image":{"@id":"https:\/\/wildrovertours.com\/es\/#\/schema\/logo\/image\/"},"sameAs":["https:\/\/www.facebook.com\/WildRoverDayToursIreland\/","https:\/\/x.com\/WildRoverTours","https:\/\/www.instagram.com\/wild_rover_tours\/","https:\/\/www.pinterest.ie\/wildrovertours1\/?eq=wildrover&amp;amp;amp;amp;etslf=6690\/","https:\/\/www.youtube.com\/user\/WildRoverDayTours\/?sub_confirmation=1"]}]}},"_links":{"self":[{"href":"https:\/\/wildrovertours.com\/es\/wp-json\/wp\/v2\/pages\/6709","targetHints":{"allow":["GET"]}}],"collection":[{"href":"https:\/\/wildrovertours.com\/es\/wp-json\/wp\/v2\/pages"}],"about":[{"href":"https:\/\/wildrovertours.com\/es\/wp-json\/wp\/v2\/types\/page"}],"author":[{"embeddable":true,"href":"https:\/\/wildrovertours.com\/es\/wp-json\/wp\/v2\/users\/4"}],"replies":[{"embeddable":true,"href":"https:\/\/wildrovertours.com\/es\/wp-json\/wp\/v2\/comments?post=6709"}],"version-history":[{"count":1,"href":"https:\/\/wildrovertours.com\/es\/wp-json\/wp\/v2\/pages\/6709\/revisions"}],"predecessor-version":[{"id":6720,"href":"https:\/\/wildrovertours.com\/es\/wp-json\/wp\/v2\/pages\/6709\/revisions\/6720"}],"wp:featuredmedia":[{"embeddable":true,"href":"https:\/\/wildrovertours.com\/es\/wp-json\/wp\/v2\/media\/7432"}],"wp:attachment":[{"href":"https:\/\/wildrovertours.com\/es\/wp-json\/wp\/v2\/media?parent=6709"}],"curies":[{"name":"wp","href":"https:\/\/api.w.org\/{rel}","templated":true}]}}