{"id":7471,"date":"2025-12-10T17:10:51","date_gmt":"2025-12-10T17:10:51","guid":{"rendered":"https:\/\/wildrovertours.com\/wild-rover-private-tours\/"},"modified":"2025-12-16T01:16:46","modified_gmt":"2025-12-16T01:16:46","slug":"wild-rover-private-tours","status":"publish","type":"page","link":"https:\/\/wildrovertours.com\/de\/wild-rover-private-tours\/","title":{"rendered":"Private Tagesausfl\u00fcgePrivate Touren"},"content":{"rendered":"\n<div class=\"wp-block-group page-intro wildtour-loops\"><div class=\"wp-block-group__inner-container is-layout-constrained wp-block-group-is-layout-constrained\">\n<div class=\"wp-block-group container\"><div class=\"wp-block-group__inner-container is-layout-constrained wp-block-group-is-layout-constrained\">\n<h5 class=\"wp-block-heading\">Wenn du Irland auf eine pers\u00f6nlichere Art und Weise erkunden m\u00f6chtest, bieten unsere privaten Touren Flexibilit\u00e4t, Komfort und einen engagierten Fahrer-Guide, der sich ganz auf deine Gruppe konzentriert. Egal, ob du als Paar, Familie oder gr\u00f6\u00dfere Gruppe reist, wir erstellen ma\u00dfgeschneiderte Routen, die auf dein Tempo, deine Interessen und deinen Zeitplan zugeschnitten sind. Von historischen Burgen \u00fcber dramatische K\u00fcstenlinien bis hin zu lebhaften St\u00e4dten wird dein Tag genau so gestaltet, wie du es m\u00f6chtest. Um die Planung zu erleichtern, bieten wir verschiedene beliebte Routen an, die nach deinen W\u00fcnschen angepasst werden k\u00f6nnen:    <\/h5>\n<\/div><\/div>\n<\/div><\/div>\n\n<div class=\"wp-block-group container wildtour-loops\"><div class=\"wp-block-group__inner-container is-layout-constrained wp-block-group-is-layout-constrained\">\n<\/div><\/div>\n\n<div class=\"wp-block-group container wildtour-loops\"><div class=\"wp-block-group__inner-container is-layout-constrained wp-block-group-is-layout-constrained\">\n<div class=\"wp-block-columns is-layout-flex wp-container-core-columns-is-layout-9d6595d7 wp-block-columns-is-layout-flex\">\n<div class=\"wp-block-column is-layout-flow wp-block-column-is-layout-flow\">\n<div class=\"wp-block-cover is-light\"><span aria-hidden=\"true\" class=\"wp-block-cover__background has-background-dim-0 has-background-dim\" style=\"background-color:#949b9c\"><\/span><img decoding=\"async\" width=\"1920\" height=\"1080\" class=\"wp-block-cover__image-background wp-image-7129 lazyload\" alt=\"\" data-src=\"https:\/\/wildrovertours.com\/wp-content\/uploads\/2025\/11\/Private-Tour.jpg\" data-object-fit=\"cover\" data-srcset=\"https:\/\/wildrovertours.com\/wp-content\/uploads\/2025\/11\/Private-Tour.jpg 1920w, https:\/\/wildrovertours.com\/wp-content\/uploads\/2025\/11\/Private-Tour-300x169.jpg 300w, https:\/\/wildrovertours.com\/wp-content\/uploads\/2025\/11\/Private-Tour-1024x576.jpg 1024w, https:\/\/wildrovertours.com\/wp-content\/uploads\/2025\/11\/Private-Tour-768x432.jpg 768w, https:\/\/wildrovertours.com\/wp-content\/uploads\/2025\/11\/Private-Tour-1536x864.jpg 1536w\" data-sizes=\"(max-width: 1920px) 100vw, 1920px\" src=\"data:image\/svg+xml;base64,PHN2ZyB3aWR0aD0iMSIgaGVpZ2h0PSIxIiB4bWxucz0iaHR0cDovL3d3dy53My5vcmcvMjAwMC9zdmciPjwvc3ZnPg==\" style=\"--smush-placeholder-width: 1920px; --smush-placeholder-aspect-ratio: 1920\/1080;\" \/><div class=\"wp-block-cover__inner-container is-layout-constrained wp-block-cover-is-layout-constrained\">\n<p class=\"has-text-align-center has-large-font-size\"><\/p>\n<\/div><\/div>\n<\/div>\n\n\n\n<div class=\"wp-block-column is-layout-flow wp-block-column-is-layout-flow\">\n<p>Unsere privaten Touren k\u00f6nnen von Ihrer Unterkunft in Dublin, Galway, Belfast oder den meisten gr\u00f6\u00dferen Orten in ganz Irland beginnen. Abh\u00e4ngig von Ihrer Reiseroute und Gruppengr\u00f6\u00dfe stellen wir Fahrzeuge von komfortablen Limousinen bis hin zu ger\u00e4umigen Mini- oder Maxibussen zur Verf\u00fcgung. Alle privaten Touren werden auf Englisch von professionellen, sehr erfahrenen Reiseleitern gef\u00fchrt, die Irlands Geschichte, Kultur und Landschaften in- und auswendig kennen. Wenn Sie einen zus\u00e4tzlichen \u00dcbersetzer ben\u00f6tigen, k\u00f6nnen wir uns auf Anfrage nach der Verf\u00fcgbarkeit erkundigen.   <\/p>\n\n\n\n<p>Jede Reiseroute kann individuell angepasst, erweitert oder vereinfacht werden. Sie bestimmen den Schwerpunkt, sei es auf antiken Kulturerbest\u00e4tten, dramatischen Naturlandschaften, lokalen Speisen und Handwerk oder einfach nur auf einem entspannten, malerischen Tagesausflug. Wir k\u00fcmmern uns um die gesamte Logistik, die Zeitplanung und die Eintrittsgelder, damit Sie den Tag ohne Stress und Planung genie\u00dfen k\u00f6nnen. Ihr Fahrer-Guide verwaltet die Route, gibt Live-Kommentare und sorgt daf\u00fcr, dass das Erlebnis von Anfang bis Ende reibungslos verl\u00e4uft.   <\/p>\n\n\n\n<p>Mit mehr als einem Jahrzehnt Erfahrung und Tausenden von F\u00fcnf-Sterne-Bewertungen genie\u00dft Wild Rover Tours das Vertrauen von Besuchern aus aller Welt. Die Buchung einer privaten Tour bietet Ihnen das gleiche preisgekr\u00f6nte Erlebnis wie unsere Gruppenreisen, mit dem zus\u00e4tzlichen Komfort, der Privatsph\u00e4re und der pers\u00f6nlichen Betreuung eines vollst\u00e4ndig auf Sie zugeschnittenen Tages. <\/p>\n<\/div>\n<\/div>\n<\/div><\/div>\n\n<div class=\"wp-block-group container wildtour-loops\"><div class=\"wp-block-group__inner-container is-layout-constrained wp-block-group-is-layout-constrained\">\n<div class=\"wp-block-group tax-tour-highlight\"><div class=\"wp-block-group__inner-container is-layout-constrained wp-block-group-is-layout-constrained\">\n<p>Um mit der Organisation Ihrer privaten Tour zu beginnen, kontaktieren Sie einfach unser Team mit Ihren bevorzugten Daten und Ideen. Wir erstellen einen ma\u00dfgeschneiderten Plan und erstellen Ihnen ein \u00fcbersichtliches Angebot. Sie erreichen uns direkt unter <a href=\"mailto:private@wildrovertours.com\"><strong>private@wildrovertours.com<\/strong><\/a>  <\/p>\n<\/div><\/div>\n<\/div><\/div>\n","protected":false},"excerpt":{"rendered":"<p>Wenn du Irland auf eine pers\u00f6nlichere Art und Weise erkunden m\u00f6chtest, bieten unsere privaten Touren Flexibilit\u00e4t, Komfort und einen engagierten Fahrer-Guide, der sich ganz auf deine Gruppe konzentriert. Egal, ob du als Paar, Familie oder gr\u00f6\u00dfere Gruppe reist, wir erstellen ma\u00dfgeschneiderte Routen, die auf dein Tempo, deine Interessen und deinen Zeitplan zugeschnitten sind. Von historischen &#8230;<\/p>\n<p><a class=\"btn btn-secondary\" href=\"https:\/\/wildrovertours.com\/de\/wild-rover-private-tours\/\">Read More<\/a><\/p>\n","protected":false},"author":1,"featured_media":0,"parent":0,"menu_order":0,"comment_status":"closed","ping_status":"closed","template":"page-templates\/fullwidthpage.php","meta":{"content-type":"","footnotes":""},"class_list":["post-7471","page","type-page","status-publish","hentry"],"yoast_head":"<!-- This site is optimized with the Yoast SEO plugin v26.8 - https:\/\/yoast.com\/product\/yoast-seo-wordpress\/ -->\n<title>Private Tagesausfl\u00fcgePrivate Touren - Wild Rover Tours<\/title>\n<meta name=\"robots\" content=\"index, follow, max-snippet:-1, max-image-preview:large, max-video-preview:-1\" \/>\n<link rel=\"canonical\" href=\"\/\" \/>\n<meta property=\"og:locale\" content=\"de_DE\" \/>\n<meta property=\"og:type\" content=\"article\" \/>\n<meta property=\"og:title\" content=\"Private Tagesausfl\u00fcgePrivate Touren - Wild Rover Tours\" \/>\n<meta property=\"og:description\" content=\"Wenn du Irland auf eine pers\u00f6nlichere Art und Weise erkunden m\u00f6chtest, bieten unsere privaten Touren Flexibilit\u00e4t, Komfort und einen engagierten Fahrer-Guide, der sich ganz auf deine Gruppe konzentriert. Egal, ob du als Paar, Familie oder gr\u00f6\u00dfere Gruppe reist, wir erstellen ma\u00dfgeschneiderte Routen, die auf dein Tempo, deine Interessen und deinen Zeitplan zugeschnitten sind. Von historischen ...Read More\" \/>\n<meta property=\"og:url\" content=\"https:\/\/wildrovertours.com\/de\/wild-rover-private-tours\/\" \/>\n<meta property=\"og:site_name\" content=\"Wild Rover Tours\" \/>\n<meta property=\"article:publisher\" content=\"https:\/\/www.facebook.com\/WildRoverDayToursIreland\/\" \/>\n<meta property=\"article:modified_time\" content=\"2025-12-16T01:16:46+00:00\" \/>\n<meta property=\"og:image\" content=\"https:\/\/wildrovertours.com\/wp-content\/uploads\/2025\/11\/Private-Tour.jpg\" \/>\n\t<meta property=\"og:image:width\" content=\"1920\" \/>\n\t<meta property=\"og:image:height\" content=\"1080\" \/>\n\t<meta property=\"og:image:type\" content=\"image\/jpeg\" \/>\n<meta name=\"twitter:card\" content=\"summary_large_image\" \/>\n<meta name=\"twitter:site\" content=\"@WildRoverTours\" \/>\n<script type=\"application\/ld+json\" class=\"yoast-schema-graph\">{\"@context\":\"https:\/\/schema.org\",\"@graph\":[{\"@type\":\"WebPage\",\"@id\":\"https:\/\/wildrovertours.com\/de\/wild-rover-private-tours\/\",\"url\":\"https:\/\/wildrovertours.com\/de\/wild-rover-private-tours\/\",\"name\":\"Private Tagesausfl\u00fcgePrivate Touren - Wild Rover Tours\",\"isPartOf\":{\"@id\":\"https:\/\/wildrovertours.com\/de\/#website\"},\"primaryImageOfPage\":{\"@id\":\"https:\/\/wildrovertours.com\/de\/wild-rover-private-tours\/#primaryimage\"},\"image\":{\"@id\":\"https:\/\/wildrovertours.com\/de\/wild-rover-private-tours\/#primaryimage\"},\"thumbnailUrl\":\"https:\/\/wildrovertours.com\/wp-content\/uploads\/2025\/11\/Private-Tour.jpg\",\"datePublished\":\"2025-12-10T17:10:51+00:00\",\"dateModified\":\"2025-12-16T01:16:46+00:00\",\"breadcrumb\":{\"@id\":\"https:\/\/wildrovertours.com\/de\/wild-rover-private-tours\/#breadcrumb\"},\"inLanguage\":\"de\",\"potentialAction\":[{\"@type\":\"ReadAction\",\"target\":[\"https:\/\/wildrovertours.com\/de\/wild-rover-private-tours\/\"]}]},{\"@type\":\"ImageObject\",\"inLanguage\":\"de\",\"@id\":\"https:\/\/wildrovertours.com\/de\/wild-rover-private-tours\/#primaryimage\",\"url\":\"https:\/\/wildrovertours.com\/wp-content\/uploads\/2025\/11\/Private-Tour.jpg\",\"contentUrl\":\"https:\/\/wildrovertours.com\/wp-content\/uploads\/2025\/11\/Private-Tour.jpg\"},{\"@type\":\"BreadcrumbList\",\"@id\":\"https:\/\/wildrovertours.com\/de\/wild-rover-private-tours\/#breadcrumb\",\"itemListElement\":[{\"@type\":\"ListItem\",\"position\":1,\"name\":\"Home\",\"item\":\"https:\/\/wildrovertours.com\/de\/\"},{\"@type\":\"ListItem\",\"position\":2,\"name\":\"Private Tagesausfl\u00fcgePrivate Touren\"}]},{\"@type\":\"WebSite\",\"@id\":\"https:\/\/wildrovertours.com\/de\/#website\",\"url\":\"https:\/\/wildrovertours.com\/de\/\",\"name\":\"Wild Rover Tours\",\"description\":\"Day trips, activities and multi-day tours in Ireland\",\"publisher\":{\"@id\":\"https:\/\/wildrovertours.com\/de\/#organization\"},\"potentialAction\":[{\"@type\":\"SearchAction\",\"target\":{\"@type\":\"EntryPoint\",\"urlTemplate\":\"https:\/\/wildrovertours.com\/de\/?s={search_term_string}\"},\"query-input\":{\"@type\":\"PropertyValueSpecification\",\"valueRequired\":true,\"valueName\":\"search_term_string\"}}],\"inLanguage\":\"de\"},{\"@type\":\"Organization\",\"@id\":\"https:\/\/wildrovertours.com\/de\/#organization\",\"name\":\"Wild Rover Tours\",\"url\":\"https:\/\/wildrovertours.com\/de\/\",\"logo\":{\"@type\":\"ImageObject\",\"inLanguage\":\"de\",\"@id\":\"https:\/\/wildrovertours.com\/de\/#\/schema\/logo\/image\/\",\"url\":\"https:\/\/wildrovertours.com\/wp-content\/uploads\/2018\/02\/wrt-logo2.jpg\",\"contentUrl\":\"https:\/\/wildrovertours.com\/wp-content\/uploads\/2018\/02\/wrt-logo2.jpg\",\"width\":150,\"height\":150,\"caption\":\"Wild Rover Tours\"},\"image\":{\"@id\":\"https:\/\/wildrovertours.com\/de\/#\/schema\/logo\/image\/\"},\"sameAs\":[\"https:\/\/www.facebook.com\/WildRoverDayToursIreland\/\",\"https:\/\/x.com\/WildRoverTours\",\"https:\/\/www.instagram.com\/wild_rover_tours\/\",\"https:\/\/www.pinterest.ie\/wildrovertours1\/?eq=wildrover&amp;amp;amp;amp;etslf=6690\/\",\"https:\/\/www.youtube.com\/user\/WildRoverDayTours\/?sub_confirmation=1\"]}]}<\/script>\n<!-- \/ Yoast SEO plugin. -->","yoast_head_json":{"title":"Private Tagesausfl\u00fcgePrivate Touren - Wild Rover Tours","robots":{"index":"index","follow":"follow","max-snippet":"max-snippet:-1","max-image-preview":"max-image-preview:large","max-video-preview":"max-video-preview:-1"},"canonical":"\/","og_locale":"de_DE","og_type":"article","og_title":"Private Tagesausfl\u00fcgePrivate Touren - Wild Rover Tours","og_description":"Wenn du Irland auf eine pers\u00f6nlichere Art und Weise erkunden m\u00f6chtest, bieten unsere privaten Touren Flexibilit\u00e4t, Komfort und einen engagierten Fahrer-Guide, der sich ganz auf deine Gruppe konzentriert. Egal, ob du als Paar, Familie oder gr\u00f6\u00dfere Gruppe reist, wir erstellen ma\u00dfgeschneiderte Routen, die auf dein Tempo, deine Interessen und deinen Zeitplan zugeschnitten sind. Von historischen ...Read More","og_url":"https:\/\/wildrovertours.com\/de\/wild-rover-private-tours\/","og_site_name":"Wild Rover Tours","article_publisher":"https:\/\/www.facebook.com\/WildRoverDayToursIreland\/","article_modified_time":"2025-12-16T01:16:46+00:00","og_image":[{"width":1920,"height":1080,"url":"https:\/\/wildrovertours.com\/wp-content\/uploads\/2025\/11\/Private-Tour.jpg","type":"image\/jpeg"}],"twitter_card":"summary_large_image","twitter_site":"@WildRoverTours","schema":{"@context":"https:\/\/schema.org","@graph":[{"@type":"WebPage","@id":"https:\/\/wildrovertours.com\/de\/wild-rover-private-tours\/","url":"https:\/\/wildrovertours.com\/de\/wild-rover-private-tours\/","name":"Private Tagesausfl\u00fcgePrivate Touren - Wild Rover Tours","isPartOf":{"@id":"https:\/\/wildrovertours.com\/de\/#website"},"primaryImageOfPage":{"@id":"https:\/\/wildrovertours.com\/de\/wild-rover-private-tours\/#primaryimage"},"image":{"@id":"https:\/\/wildrovertours.com\/de\/wild-rover-private-tours\/#primaryimage"},"thumbnailUrl":"https:\/\/wildrovertours.com\/wp-content\/uploads\/2025\/11\/Private-Tour.jpg","datePublished":"2025-12-10T17:10:51+00:00","dateModified":"2025-12-16T01:16:46+00:00","breadcrumb":{"@id":"https:\/\/wildrovertours.com\/de\/wild-rover-private-tours\/#breadcrumb"},"inLanguage":"de","potentialAction":[{"@type":"ReadAction","target":["https:\/\/wildrovertours.com\/de\/wild-rover-private-tours\/"]}]},{"@type":"ImageObject","inLanguage":"de","@id":"https:\/\/wildrovertours.com\/de\/wild-rover-private-tours\/#primaryimage","url":"https:\/\/wildrovertours.com\/wp-content\/uploads\/2025\/11\/Private-Tour.jpg","contentUrl":"https:\/\/wildrovertours.com\/wp-content\/uploads\/2025\/11\/Private-Tour.jpg"},{"@type":"BreadcrumbList","@id":"https:\/\/wildrovertours.com\/de\/wild-rover-private-tours\/#breadcrumb","itemListElement":[{"@type":"ListItem","position":1,"name":"Home","item":"https:\/\/wildrovertours.com\/de\/"},{"@type":"ListItem","position":2,"name":"Private Tagesausfl\u00fcgePrivate Touren"}]},{"@type":"WebSite","@id":"https:\/\/wildrovertours.com\/de\/#website","url":"https:\/\/wildrovertours.com\/de\/","name":"Wild Rover Tours","description":"Day trips, activities and multi-day tours in Ireland","publisher":{"@id":"https:\/\/wildrovertours.com\/de\/#organization"},"potentialAction":[{"@type":"SearchAction","target":{"@type":"EntryPoint","urlTemplate":"https:\/\/wildrovertours.com\/de\/?s={search_term_string}"},"query-input":{"@type":"PropertyValueSpecification","valueRequired":true,"valueName":"search_term_string"}}],"inLanguage":"de"},{"@type":"Organization","@id":"https:\/\/wildrovertours.com\/de\/#organization","name":"Wild Rover Tours","url":"https:\/\/wildrovertours.com\/de\/","logo":{"@type":"ImageObject","inLanguage":"de","@id":"https:\/\/wildrovertours.com\/de\/#\/schema\/logo\/image\/","url":"https:\/\/wildrovertours.com\/wp-content\/uploads\/2018\/02\/wrt-logo2.jpg","contentUrl":"https:\/\/wildrovertours.com\/wp-content\/uploads\/2018\/02\/wrt-logo2.jpg","width":150,"height":150,"caption":"Wild Rover Tours"},"image":{"@id":"https:\/\/wildrovertours.com\/de\/#\/schema\/logo\/image\/"},"sameAs":["https:\/\/www.facebook.com\/WildRoverDayToursIreland\/","https:\/\/x.com\/WildRoverTours","https:\/\/www.instagram.com\/wild_rover_tours\/","https:\/\/www.pinterest.ie\/wildrovertours1\/?eq=wildrover&amp;amp;amp;amp;etslf=6690\/","https:\/\/www.youtube.com\/user\/WildRoverDayTours\/?sub_confirmation=1"]}]}},"_links":{"self":[{"href":"https:\/\/wildrovertours.com\/de\/wp-json\/wp\/v2\/pages\/7471","targetHints":{"allow":["GET"]}}],"collection":[{"href":"https:\/\/wildrovertours.com\/de\/wp-json\/wp\/v2\/pages"}],"about":[{"href":"https:\/\/wildrovertours.com\/de\/wp-json\/wp\/v2\/types\/page"}],"author":[{"embeddable":true,"href":"https:\/\/wildrovertours.com\/de\/wp-json\/wp\/v2\/users\/1"}],"replies":[{"embeddable":true,"href":"https:\/\/wildrovertours.com\/de\/wp-json\/wp\/v2\/comments?post=7471"}],"version-history":[{"count":5,"href":"https:\/\/wildrovertours.com\/de\/wp-json\/wp\/v2\/pages\/7471\/revisions"}],"predecessor-version":[{"id":7532,"href":"https:\/\/wildrovertours.com\/de\/wp-json\/wp\/v2\/pages\/7471\/revisions\/7532"}],"wp:attachment":[{"href":"https:\/\/wildrovertours.com\/de\/wp-json\/wp\/v2\/media?parent=7471"}],"curies":[{"name":"wp","href":"https:\/\/api.w.org\/{rel}","templated":true}]}}