{"id":6900,"date":"2020-04-07T10:17:20","date_gmt":"2020-04-07T09:17:20","guid":{"rendered":"https:\/\/wildrovertours.com\/startseite\/"},"modified":"2025-12-16T02:09:57","modified_gmt":"2025-12-16T02:09:57","slug":"startseite","status":"publish","type":"page","link":"https:\/\/wildrovertours.com\/de\/","title":{"rendered":"Startseite"},"content":{"rendered":"\n<div class=\"wp-block-group section-aboutus container\"><div class=\"wp-block-group__inner-container is-layout-constrained wp-block-group-is-layout-constrained\">\n<h2 class=\"wp-block-heading has-text-align-center\">\u00dcber uns<\/h2>\n\n\n\n<div class=\"wp-block-columns is-layout-flex wp-container-core-columns-is-layout-9d6595d7 wp-block-columns-is-layout-flex\">\n<div class=\"wp-block-column is-layout-flow wp-block-column-is-layout-flow\">\n<h4 class=\"wp-block-heading\">Starte dein Abenteuer mit Wild Rover Tours, Irlands Reiseunternehmen Nr. 1.<\/h4>\n<\/div>\n\n\n\n<div class=\"wp-block-column is-layout-flow wp-block-column-is-layout-flow\">\n<h5 class=\"wp-block-heading\">Die besten Abenteuer f\u00fchren zu gro\u00dfartigen Geschichten.<\/h5>\n\n\n\n<p>Irland ist ein Land, das als Land der Dichter, Geschichtenerz\u00e4hler, Musiker, Schauspieler, Mythen, Legenden und nat\u00fcrlich des \u201eCRAIC\u201c bekannt ist. <\/p>\n\n\n\n<p>Wild Rover Tours ist das einzige Tagesreiseunternehmen in Irland, das sowohl einen Fahrer als auch einen Reiseleiter auf unseren Tagestouren besch\u00e4ftigt. W\u00e4hrend unsere Fahrer deine Sicherheit gew\u00e4hrleisten, werden unsere Reiseleiter, allesamt Geschichtenerz\u00e4hler, dich dank ihres fundierten Wissens \u00fcber Irlands Geschichte und Folklore unterhalten. <\/p>\n\n\n\n<p>Wir bieten eine kostenlose Stornierungsrichtlinie bis zu 24 Stunden im Voraus und eine Bestpreisgarantie, wenn du direkt buchst. Buche deine Tour noch heute bei Wild Rover! <\/p>\n<\/div>\n<\/div>\n\n\n\n<hr class=\"wp-block-separator has-alpha-channel-opacity\"\/>\n\n\n\n<div class=\"wp-block-columns is-layout-flex wp-container-core-columns-is-layout-9d6595d7 wp-block-columns-is-layout-flex\">\n<div class=\"wp-block-column is-layout-flow wp-block-column-is-layout-flow\">\n<figure class=\"wp-block-gallery has-nested-images columns-2 wp-block-gallery-1 is-layout-flex wp-block-gallery-is-layout-flex\" id=\"tripadvisor-awards\">\n<figure class=\"wp-block-image size-full\"><img decoding=\"async\" width=\"157\" height=\"157\" data-id=\"6369\" data-src=\"https:\/\/wildrovertours.com\/wp-content\/uploads\/2025\/09\/Group-1000001860.png\" alt=\"\" class=\"wp-image-6369 lazyload\" data-srcset=\"https:\/\/wildrovertours.com\/wp-content\/uploads\/2025\/09\/Group-1000001860.png 157w, https:\/\/wildrovertours.com\/wp-content\/uploads\/2025\/09\/Group-1000001860-150x150.png 150w\" data-sizes=\"(max-width: 157px) 100vw, 157px\" src=\"data:image\/svg+xml;base64,PHN2ZyB3aWR0aD0iMSIgaGVpZ2h0PSIxIiB4bWxucz0iaHR0cDovL3d3dy53My5vcmcvMjAwMC9zdmciPjwvc3ZnPg==\" style=\"--smush-placeholder-width: 157px; --smush-placeholder-aspect-ratio: 157\/157;\" \/><\/figure>\n\n\n\n<figure class=\"wp-block-image size-full\"><img decoding=\"async\" width=\"157\" height=\"157\" data-id=\"6374\" data-src=\"https:\/\/wildrovertours.com\/wp-content\/uploads\/2025\/09\/Group-1000001857.png\" alt=\"\" class=\"wp-image-6374 lazyload\" data-srcset=\"https:\/\/wildrovertours.com\/wp-content\/uploads\/2025\/09\/Group-1000001857.png 157w, https:\/\/wildrovertours.com\/wp-content\/uploads\/2025\/09\/Group-1000001857-150x150.png 150w\" data-sizes=\"(max-width: 157px) 100vw, 157px\" src=\"data:image\/svg+xml;base64,PHN2ZyB3aWR0aD0iMSIgaGVpZ2h0PSIxIiB4bWxucz0iaHR0cDovL3d3dy53My5vcmcvMjAwMC9zdmciPjwvc3ZnPg==\" style=\"--smush-placeholder-width: 157px; --smush-placeholder-aspect-ratio: 157\/157;\" \/><\/figure>\n\n\n\n<figure class=\"wp-block-image size-full\"><img decoding=\"async\" width=\"157\" height=\"157\" data-id=\"6379\" data-src=\"https:\/\/wildrovertours.com\/wp-content\/uploads\/2025\/09\/Group-1000001857-1.png\" alt=\"\" class=\"wp-image-6379 lazyload\" data-srcset=\"https:\/\/wildrovertours.com\/wp-content\/uploads\/2025\/09\/Group-1000001857-1.png 157w, https:\/\/wildrovertours.com\/wp-content\/uploads\/2025\/09\/Group-1000001857-1-150x150.png 150w\" data-sizes=\"(max-width: 157px) 100vw, 157px\" src=\"data:image\/svg+xml;base64,PHN2ZyB3aWR0aD0iMSIgaGVpZ2h0PSIxIiB4bWxucz0iaHR0cDovL3d3dy53My5vcmcvMjAwMC9zdmciPjwvc3ZnPg==\" style=\"--smush-placeholder-width: 157px; --smush-placeholder-aspect-ratio: 157\/157;\" \/><\/figure>\n\n\n\n<figure class=\"wp-block-image size-full\"><img decoding=\"async\" width=\"157\" height=\"157\" data-id=\"6384\" data-src=\"https:\/\/wildrovertours.com\/wp-content\/uploads\/2025\/09\/Group-1000001860-1.png\" alt=\"\" class=\"wp-image-6384 lazyload\" data-srcset=\"https:\/\/wildrovertours.com\/wp-content\/uploads\/2025\/09\/Group-1000001860-1.png 157w, https:\/\/wildrovertours.com\/wp-content\/uploads\/2025\/09\/Group-1000001860-1-150x150.png 150w\" data-sizes=\"(max-width: 157px) 100vw, 157px\" src=\"data:image\/svg+xml;base64,PHN2ZyB3aWR0aD0iMSIgaGVpZ2h0PSIxIiB4bWxucz0iaHR0cDovL3d3dy53My5vcmcvMjAwMC9zdmciPjwvc3ZnPg==\" style=\"--smush-placeholder-width: 157px; --smush-placeholder-aspect-ratio: 157\/157;\" \/><\/figure>\n<\/figure>\n<\/div>\n\n\n\n<div class=\"wp-block-column is-layout-flow wp-block-column-is-layout-flow\">\n<h5 class=\"wp-block-heading\">2013-2024 TripAdvisor Travelers&#8216; Choice Award f\u00fcr Irland<\/h5>\n\n\n\n<p>Jedes Jahr, 11 Jahre in Folge, wurde Wild Rover Tours als bestes Reiseunternehmen in Irland bewertet und eingestuft.<\/p>\n\n\n\n<hr class=\"wp-block-separator has-alpha-channel-opacity w-50\"\/>\n\n\n\n<h5 class=\"wp-block-heading\">2. beste Tagestour der Welt<\/h5>\n\n\n\n<p>2020 TripAdvisor Choice Award in der Kategorie \u201eBeste Kulturerlebnisse\u201c.<\/p>\n\n\n\n<hr class=\"wp-block-separator has-alpha-channel-opacity w-50\"\/>\n\n\n\n<h5 class=\"wp-block-heading\">2023 TripAdvisor Travelers&#8216; Choice Award f\u00fcr Nordeuropa<\/h5>\n\n\n\n<p>Wild Rover Tours unter den Top 20 Aktivit\u00e4ten gelistet und das einzige Reiseunternehmen, dem diese Ehre zuteilwurde.<\/p>\n<\/div>\n<\/div>\n<\/div><\/div>\n","protected":false},"excerpt":{"rendered":"<p>\u00dcber uns Starte dein Abenteuer mit Wild Rover Tours, Irlands Reiseunternehmen Nr. 1. Die besten Abenteuer f\u00fchren zu gro\u00dfartigen Geschichten. Irland ist ein Land, das als Land der Dichter, Geschichtenerz\u00e4hler, Musiker, Schauspieler, Mythen, Legenden und nat\u00fcrlich des \u201eCRAIC\u201c bekannt ist. Wild Rover Tours ist das einzige Tagesreiseunternehmen in Irland, das sowohl einen Fahrer als auch &#8230;<\/p>\n<p><a class=\"btn btn-secondary\" href=\"https:\/\/wildrovertours.com\/de\/\">Read More<\/a><\/p>\n","protected":false},"author":1,"featured_media":7131,"parent":0,"menu_order":0,"comment_status":"closed","ping_status":"closed","template":"page-templates\/front-page.php","meta":{"content-type":"","footnotes":""},"class_list":["post-6900","page","type-page","status-publish","has-post-thumbnail","hentry"],"yoast_head":"<!-- This site is optimized with the Yoast SEO plugin v26.8 - https:\/\/yoast.com\/product\/yoast-seo-wordpress\/ -->\n<title>Wild Rover Tours | Gew\u00e4hlt zu den \u201ebesten Tagestouren in Irland\u201c<\/title>\n<meta name=\"description\" content=\"Buche preisgekr\u00f6nte Tagestouren mit Wild Rover Tours, Irlands f\u00fchrendem Anbieter f\u00fcr Tagesausfl\u00fcge. Bestpreisgarantie. Kostenlose Stornierung. Jetzt buchen.\" \/>\n<meta name=\"robots\" content=\"index, follow, max-snippet:-1, max-image-preview:large, max-video-preview:-1\" \/>\n<link rel=\"canonical\" href=\"\/\" \/>\n<meta property=\"og:locale\" content=\"de_DE\" \/>\n<meta property=\"og:type\" content=\"article\" \/>\n<meta property=\"og:title\" content=\"Wild Rover Tours | Gew\u00e4hlt zu den \u201ebesten Tagestouren in Irland\u201c\" \/>\n<meta property=\"og:description\" content=\"Buche preisgekr\u00f6nte Tagestouren mit Wild Rover Tours, Irlands f\u00fchrendem Anbieter f\u00fcr Tagesausfl\u00fcge. Bestpreisgarantie. Kostenlose Stornierung. Jetzt buchen.\" \/>\n<meta property=\"og:url\" content=\"https:\/\/wildrovertours.com\/de\/\" \/>\n<meta property=\"og:site_name\" content=\"Wild Rover Tours\" \/>\n<meta property=\"article:publisher\" content=\"https:\/\/www.facebook.com\/WildRoverDayToursIreland\/\" \/>\n<meta property=\"article:modified_time\" content=\"2025-12-16T02:09:57+00:00\" \/>\n<meta property=\"og:image\" content=\"https:\/\/wildrovertours.com\/wp-content\/uploads\/2025\/11\/Homepage-Cliffs-Giants-Belfast-Glendalough.jpg\" \/>\n\t<meta property=\"og:image:width\" content=\"1920\" \/>\n\t<meta property=\"og:image:height\" content=\"1080\" \/>\n\t<meta property=\"og:image:type\" content=\"image\/jpeg\" \/>\n<meta name=\"twitter:card\" content=\"summary_large_image\" \/>\n<meta name=\"twitter:site\" content=\"@WildRoverTours\" \/>\n<meta name=\"twitter:label1\" content=\"Gesch\u00e4tzte Lesezeit\" \/>\n\t<meta name=\"twitter:data1\" content=\"2\u00a0Minuten\" \/>\n<script type=\"application\/ld+json\" class=\"yoast-schema-graph\">{\"@context\":\"https:\/\/schema.org\",\"@graph\":[{\"@type\":\"WebPage\",\"@id\":\"https:\/\/wildrovertours.com\/de\/\",\"url\":\"https:\/\/wildrovertours.com\/de\/\",\"name\":\"Wild Rover Tours | Gew\u00e4hlt zu den \u201ebesten Tagestouren in Irland\u201c\",\"isPartOf\":{\"@id\":\"https:\/\/wildrovertours.com\/de\/#website\"},\"primaryImageOfPage\":{\"@id\":\"https:\/\/wildrovertours.com\/de\/#primaryimage\"},\"image\":{\"@id\":\"https:\/\/wildrovertours.com\/de\/#primaryimage\"},\"thumbnailUrl\":\"https:\/\/wildrovertours.com\/wp-content\/uploads\/2025\/11\/Homepage-Cliffs-Giants-Belfast-Glendalough.jpg\",\"datePublished\":\"2020-04-07T09:17:20+00:00\",\"dateModified\":\"2025-12-16T02:09:57+00:00\",\"description\":\"Buche preisgekr\u00f6nte Tagestouren mit Wild Rover Tours, Irlands f\u00fchrendem Anbieter f\u00fcr Tagesausfl\u00fcge. Bestpreisgarantie. Kostenlose Stornierung. Jetzt buchen.\",\"breadcrumb\":{\"@id\":\"https:\/\/wildrovertours.com\/de\/#breadcrumb\"},\"inLanguage\":\"de\",\"potentialAction\":[{\"@type\":\"ReadAction\",\"target\":[\"https:\/\/wildrovertours.com\/de\/\"]}]},{\"@type\":\"ImageObject\",\"inLanguage\":\"de\",\"@id\":\"https:\/\/wildrovertours.com\/de\/#primaryimage\",\"url\":\"https:\/\/wildrovertours.com\/wp-content\/uploads\/2025\/11\/Homepage-Cliffs-Giants-Belfast-Glendalough.jpg\",\"contentUrl\":\"https:\/\/wildrovertours.com\/wp-content\/uploads\/2025\/11\/Homepage-Cliffs-Giants-Belfast-Glendalough.jpg\",\"width\":1920,\"height\":1080},{\"@type\":\"BreadcrumbList\",\"@id\":\"https:\/\/wildrovertours.com\/de\/#breadcrumb\",\"itemListElement\":[{\"@type\":\"ListItem\",\"position\":1,\"name\":\"Home\",\"item\":\"https:\/\/wildrovertours.com\/de\/\"},{\"@type\":\"ListItem\",\"position\":2,\"name\":\"Startseite\"}]},{\"@type\":\"WebSite\",\"@id\":\"https:\/\/wildrovertours.com\/de\/#website\",\"url\":\"https:\/\/wildrovertours.com\/de\/\",\"name\":\"Wild Rover Tours\",\"description\":\"Day trips, activities and multi-day tours in Ireland\",\"publisher\":{\"@id\":\"https:\/\/wildrovertours.com\/de\/#organization\"},\"potentialAction\":[{\"@type\":\"SearchAction\",\"target\":{\"@type\":\"EntryPoint\",\"urlTemplate\":\"https:\/\/wildrovertours.com\/de\/?s={search_term_string}\"},\"query-input\":{\"@type\":\"PropertyValueSpecification\",\"valueRequired\":true,\"valueName\":\"search_term_string\"}}],\"inLanguage\":\"de\"},{\"@type\":\"Organization\",\"@id\":\"https:\/\/wildrovertours.com\/de\/#organization\",\"name\":\"Wild Rover Tours\",\"url\":\"https:\/\/wildrovertours.com\/de\/\",\"logo\":{\"@type\":\"ImageObject\",\"inLanguage\":\"de\",\"@id\":\"https:\/\/wildrovertours.com\/de\/#\/schema\/logo\/image\/\",\"url\":\"https:\/\/wildrovertours.com\/wp-content\/uploads\/2018\/02\/wrt-logo2.jpg\",\"contentUrl\":\"https:\/\/wildrovertours.com\/wp-content\/uploads\/2018\/02\/wrt-logo2.jpg\",\"width\":150,\"height\":150,\"caption\":\"Wild Rover Tours\"},\"image\":{\"@id\":\"https:\/\/wildrovertours.com\/de\/#\/schema\/logo\/image\/\"},\"sameAs\":[\"https:\/\/www.facebook.com\/WildRoverDayToursIreland\/\",\"https:\/\/x.com\/WildRoverTours\",\"https:\/\/www.instagram.com\/wild_rover_tours\/\",\"https:\/\/www.pinterest.ie\/wildrovertours1\/?eq=wildrover&amp;amp;amp;amp;etslf=6690\/\",\"https:\/\/www.youtube.com\/user\/WildRoverDayTours\/?sub_confirmation=1\"]}]}<\/script>\n<!-- \/ Yoast SEO plugin. -->","yoast_head_json":{"title":"Wild Rover Tours | Gew\u00e4hlt zu den \u201ebesten Tagestouren in Irland\u201c","description":"Buche preisgekr\u00f6nte Tagestouren mit Wild Rover Tours, Irlands f\u00fchrendem Anbieter f\u00fcr Tagesausfl\u00fcge. Bestpreisgarantie. Kostenlose Stornierung. Jetzt buchen.","robots":{"index":"index","follow":"follow","max-snippet":"max-snippet:-1","max-image-preview":"max-image-preview:large","max-video-preview":"max-video-preview:-1"},"canonical":"\/","og_locale":"de_DE","og_type":"article","og_title":"Wild Rover Tours | Gew\u00e4hlt zu den \u201ebesten Tagestouren in Irland\u201c","og_description":"Buche preisgekr\u00f6nte Tagestouren mit Wild Rover Tours, Irlands f\u00fchrendem Anbieter f\u00fcr Tagesausfl\u00fcge. Bestpreisgarantie. Kostenlose Stornierung. Jetzt buchen.","og_url":"https:\/\/wildrovertours.com\/de\/","og_site_name":"Wild Rover Tours","article_publisher":"https:\/\/www.facebook.com\/WildRoverDayToursIreland\/","article_modified_time":"2025-12-16T02:09:57+00:00","og_image":[{"width":1920,"height":1080,"url":"https:\/\/wildrovertours.com\/wp-content\/uploads\/2025\/11\/Homepage-Cliffs-Giants-Belfast-Glendalough.jpg","type":"image\/jpeg"}],"twitter_card":"summary_large_image","twitter_site":"@WildRoverTours","twitter_misc":{"Gesch\u00e4tzte Lesezeit":"2\u00a0Minuten"},"schema":{"@context":"https:\/\/schema.org","@graph":[{"@type":"WebPage","@id":"https:\/\/wildrovertours.com\/de\/","url":"https:\/\/wildrovertours.com\/de\/","name":"Wild Rover Tours | Gew\u00e4hlt zu den \u201ebesten Tagestouren in Irland\u201c","isPartOf":{"@id":"https:\/\/wildrovertours.com\/de\/#website"},"primaryImageOfPage":{"@id":"https:\/\/wildrovertours.com\/de\/#primaryimage"},"image":{"@id":"https:\/\/wildrovertours.com\/de\/#primaryimage"},"thumbnailUrl":"https:\/\/wildrovertours.com\/wp-content\/uploads\/2025\/11\/Homepage-Cliffs-Giants-Belfast-Glendalough.jpg","datePublished":"2020-04-07T09:17:20+00:00","dateModified":"2025-12-16T02:09:57+00:00","description":"Buche preisgekr\u00f6nte Tagestouren mit Wild Rover Tours, Irlands f\u00fchrendem Anbieter f\u00fcr Tagesausfl\u00fcge. Bestpreisgarantie. Kostenlose Stornierung. Jetzt buchen.","breadcrumb":{"@id":"https:\/\/wildrovertours.com\/de\/#breadcrumb"},"inLanguage":"de","potentialAction":[{"@type":"ReadAction","target":["https:\/\/wildrovertours.com\/de\/"]}]},{"@type":"ImageObject","inLanguage":"de","@id":"https:\/\/wildrovertours.com\/de\/#primaryimage","url":"https:\/\/wildrovertours.com\/wp-content\/uploads\/2025\/11\/Homepage-Cliffs-Giants-Belfast-Glendalough.jpg","contentUrl":"https:\/\/wildrovertours.com\/wp-content\/uploads\/2025\/11\/Homepage-Cliffs-Giants-Belfast-Glendalough.jpg","width":1920,"height":1080},{"@type":"BreadcrumbList","@id":"https:\/\/wildrovertours.com\/de\/#breadcrumb","itemListElement":[{"@type":"ListItem","position":1,"name":"Home","item":"https:\/\/wildrovertours.com\/de\/"},{"@type":"ListItem","position":2,"name":"Startseite"}]},{"@type":"WebSite","@id":"https:\/\/wildrovertours.com\/de\/#website","url":"https:\/\/wildrovertours.com\/de\/","name":"Wild Rover Tours","description":"Day trips, activities and multi-day tours in Ireland","publisher":{"@id":"https:\/\/wildrovertours.com\/de\/#organization"},"potentialAction":[{"@type":"SearchAction","target":{"@type":"EntryPoint","urlTemplate":"https:\/\/wildrovertours.com\/de\/?s={search_term_string}"},"query-input":{"@type":"PropertyValueSpecification","valueRequired":true,"valueName":"search_term_string"}}],"inLanguage":"de"},{"@type":"Organization","@id":"https:\/\/wildrovertours.com\/de\/#organization","name":"Wild Rover Tours","url":"https:\/\/wildrovertours.com\/de\/","logo":{"@type":"ImageObject","inLanguage":"de","@id":"https:\/\/wildrovertours.com\/de\/#\/schema\/logo\/image\/","url":"https:\/\/wildrovertours.com\/wp-content\/uploads\/2018\/02\/wrt-logo2.jpg","contentUrl":"https:\/\/wildrovertours.com\/wp-content\/uploads\/2018\/02\/wrt-logo2.jpg","width":150,"height":150,"caption":"Wild Rover Tours"},"image":{"@id":"https:\/\/wildrovertours.com\/de\/#\/schema\/logo\/image\/"},"sameAs":["https:\/\/www.facebook.com\/WildRoverDayToursIreland\/","https:\/\/x.com\/WildRoverTours","https:\/\/www.instagram.com\/wild_rover_tours\/","https:\/\/www.pinterest.ie\/wildrovertours1\/?eq=wildrover&amp;amp;amp;amp;etslf=6690\/","https:\/\/www.youtube.com\/user\/WildRoverDayTours\/?sub_confirmation=1"]}]}},"_links":{"self":[{"href":"https:\/\/wildrovertours.com\/de\/wp-json\/wp\/v2\/pages\/6900","targetHints":{"allow":["GET"]}}],"collection":[{"href":"https:\/\/wildrovertours.com\/de\/wp-json\/wp\/v2\/pages"}],"about":[{"href":"https:\/\/wildrovertours.com\/de\/wp-json\/wp\/v2\/types\/page"}],"author":[{"embeddable":true,"href":"https:\/\/wildrovertours.com\/de\/wp-json\/wp\/v2\/users\/1"}],"replies":[{"embeddable":true,"href":"https:\/\/wildrovertours.com\/de\/wp-json\/wp\/v2\/comments?post=6900"}],"version-history":[{"count":1,"href":"https:\/\/wildrovertours.com\/de\/wp-json\/wp\/v2\/pages\/6900\/revisions"}],"predecessor-version":[{"id":6918,"href":"https:\/\/wildrovertours.com\/de\/wp-json\/wp\/v2\/pages\/6900\/revisions\/6918"}],"wp:featuredmedia":[{"embeddable":true,"href":"https:\/\/wildrovertours.com\/de\/wp-json\/wp\/v2\/media\/7131"}],"wp:attachment":[{"href":"https:\/\/wildrovertours.com\/de\/wp-json\/wp\/v2\/media?parent=6900"}],"curies":[{"name":"wp","href":"https:\/\/api.w.org\/{rel}","templated":true}]}}