{"id":6835,"date":"2020-05-14T14:45:52","date_gmt":"2020-05-14T13:45:52","guid":{"rendered":"https:\/\/wildrovertours.com\/sonderangebote-fuer-tagesausfluege-ab-dublin\/"},"modified":"2025-10-28T22:29:58","modified_gmt":"2025-10-28T22:29:58","slug":"sonderangebote-fuer-tagesausfluege-ab-dublin","status":"publish","type":"page","link":"https:\/\/wildrovertours.com\/de\/sonderangebote-fuer-tagesausfluege-ab-dublin\/","title":{"rendered":"Sonderangebote f\u00fcr Tagesausfl\u00fcge ab Dublin"},"content":{"rendered":"\n<h3 class=\"wp-block-heading\">Sonderangebote<\/h3>\n\n<p>Wir von Wild Rover Tours m\u00f6chten, dass alle Irland-Besucher die bestm\u00f6gliche Erfahrung machen. Wir garantieren, dass du dich umso mehr in unser einzigartiges Land verlieben wirst, je mehr du siehst. Aus diesem Grund haben wir einige tolle <strong>Sonderangebote<\/strong> f\u00fcr unsere <strong>preisgekr\u00f6nten Tagesausfl\u00fcge ab Dublin<\/strong> zusammengestellt, von denen du bei deiner Buchung bei uns profitieren kannst!  <\/p>\n\n<p>Denk daran, dass wir eine <a href=\"https:\/\/wildrovertours.com\/best-price-guarantee\/\">Bestpreisgarantie<\/a> anbieten \u2013 du wirst keine unserer Touren woanders g\u00fcnstiger finden. Unsere Touren beinhalten auch eine <a href=\"https:\/\/wildrovertours.com\/free-cancellation\/\">kostenlose Stornierung<\/a> f\u00fcr zus\u00e4tzlichen Komfort, falls sich deine Pl\u00e4ne \u00e4ndern sollten. <\/p>\n\n<h3 class=\"wp-block-heading\">10 % Rabatt \u2013 bei Buchung von 2 Touren.<\/h3>\n\n<p>Je mehr du von unserer wundersch\u00f6nen Landschaft siehst, desto mehr wirst du dich in Irland verlieben. Wir haben mehrere preisgekr\u00f6nte Tagesausfl\u00fcge ab Dublin zur Auswahl. Damit du mehr von Irland sehen kannst, bieten wir dir bei Buchung einer zweiten Wild Rover Tours-Tagestour einen <g id=\"gid_0\">Rabatt von 10 %<\/g> auf <g id=\"gid_1\">BEIDE<\/g> Touren. Um dieses tolle Sonderangebot zu nutzen, buche eines unserer Tourpakete.   <\/p>\n\n<p class=\"has-text-align-left\"><strong>10 % Rabatt auf Pakete<\/strong><\/p>\n\n<ul class=\"wp-block-list\">\n<li>Cliffs of Moher &amp; Galway + Wicklow, Glendalough und Kilkenny. <a href=\"https:\/\/wildrovertours.com\/activity\/cliffs-moher-wicklow-kilkenny\/\">Jetzt buchen<\/a>.<\/li>\n\n\n\n<li>Wicklow, Glendalough und Kilkenny + Nordirland. <a href=\"https:\/\/wildrovertours.com\/activity\/northern-ireland-wicklow-kilkenny\/\">Jetzt buchen<\/a>.<\/li>\n\n\n\n<li>Nordirland + Cliffs of Moher &amp; Galway. <a href=\"https:\/\/wildrovertours.com\/activity\/cliffs-of-moher-belfast\/\">Jetzt buchen<\/a>.<\/li>\n\n\n\n<li>Cliffs of Moher &amp; Bunratty + Wicklow, Glendalough und Kilkenny <a href=\"https:\/\/wildrovertours.com\/activity\/cliffs-of-moher-bunratty-wicklow-kilkenny\/\">jetzt buchen<\/a>.<\/li>\n\n\n\n<li>Nordirland + Cliffs of Moher &amp; Bunratty. <a href=\"https:\/\/wildrovertours.com\/activity\/cliffs-of-moher-bunratty-giants-causeway-belfast\/\">Jetzt buchen<\/a>.<\/li>\n<\/ul>\n\n<h3 class=\"wp-block-heading\">12,5 % Rabatt \u2013 3-Touren-Paket<\/h3>\n\n<p>M\u00f6chtest du w\u00e4hrend deines Aufenthalts so viel wie m\u00f6glich von Irland sehen? Dann ist unser <strong>Drei<\/strong>-Touren-Paket genau das Richtige f\u00fcr dich. Du erh\u00e4ltst 12,5 % Rabatt auf deine gesamte Buchung, wenn du unser 3-Touren-Paket buchst.   <\/p>\n\n<p><strong>12,5 % Rabatt auf Pakete<\/strong><\/p>\n\n<p>Dieses Sonderangebotspaket beinhaltet Tagesausfl\u00fcge zu:<\/p>\n\n<ul class=\"wp-block-list\">\n<li>Cliffs of Moher &amp; Galway oder Cliffs of Moher &amp; Bunratty<\/li>\n\n\n\n<li>Wicklow, Glendalough und Kilkenny<\/li>\n\n\n\n<li>Nordirland<\/li>\n<\/ul>\n\n<p>Unser 3-Touren-Paket entspricht einem Rabatt von 12,5 %. <\/p>\n\n<p>Buche ein 3-Touren-Paket mit <a href=\"https:\/\/wildrovertours.com\/activity\/cliffs-moher-belfast-wicklow\/\">Cliffs of Moher &amp; Galway<\/a>. Buche ein 3-Touren-Paket mit <a href=\"https:\/\/wildrovertours.com\/activity\/3-tour-special\/\">Cliffs of Moher &amp; Bunratty<\/a>. <\/p>\n\n<p><\/p>\n\n<h3 class=\"wp-block-heading\">15 % Gruppenrabatt<\/h3>\n\n<p>Reist du in einer Gruppe? Wir bieten einen <g id=\"gid_0\">Rabatt von 15 % f\u00fcr Gruppen<\/g> ab 16 Personen. Buche online und der Rabatt wird automatisch angewendet, wenn 16 oder mehr Tickets gebucht werden.  <\/p>\n\n<p>Wir bieten auch <a href=\"https:\/\/wildrovertours.com\/private-tours\/\">private Touren<\/a> an, die bei Gruppen sehr beliebt sind. Wenn du mehr erfahren m\u00f6chtest, sende bitte deine Anfrage per E-Mail an info@wildrovertours.com und wir senden dir weitere Informationen. Die Preise h\u00e4ngen von den gew\u00e4hlten Routen und der Anzahl der Personen in der Gruppe ab.  <\/p>\n\n<p><strong>Wir \u00e4ndern und aktualisieren Sonderangebote regelm\u00e4\u00dfig, also buche jetzt, um Entt\u00e4uschungen zu vermeiden!<\/strong><\/p>\n\n<h2 class=\"wp-block-heading\">Weitere Sonderangebote <\/h2>\n\n<h3 class=\"wp-block-heading\">Hop-on-Hop-off-Stadtbustour durch Dublin<\/h3>\n\n<p>20 % Rabatt auf <a href=\"https:\/\/wildrovertours.com\/activity\/hop-on-hop-off-dublin-sightseeing-bus-special\/\"><strong>Hop-on-Hop-off<\/strong><\/a><strong> <\/strong>Off Dublin City Bus Tours. Es gibt einen <g id=\"gid_0\">Rabatt von 20 % auf alle Stadtrundfahrten<\/g>, und zwar sowohl f\u00fcr die Firma <g id=\"gid_1\">Do Dublin<\/g> als auch f\u00fcr <g id=\"gid_2\">Big Bus<\/g> City Sightseeing. Tickets f\u00fcr die Touren M\u00dcSSEN am Day Trips &amp; Tours Ticket Kiosk, St Stephens Green Shopping Centre, Dublin 2 oder im Big Bus Office, 26 Bachelors Walk, North City, Dublin 1, DO1 A9 ABGEHOLT WERDEN.  <\/p>\n\n<p>Es ist kein spezieller Wild Rover Tours-Aktionscode erforderlich. F\u00fcge ihn einfach bei der Buchung an der Kasse hinzu und der Rabatt wird automatisch angewendet. <\/p>\n\n<h3 class=\"wp-block-heading\">Gep\u00e4ckaufbewahrung<\/h3>\n\n<p>Es ist uns auch wichtig, dass wir dir helfen k\u00f6nnen, den Stress bei der Planung deiner Reise nach Dublin zu nehmen, deshalb sind wir stolz darauf, eine sichere <a href=\"https:\/\/wildrovertours.com\/activity\/luggage-storage\/\">Gep\u00e4ckaufbewahrung<\/a> im Stadtzentrum von Dublin anzubieten, w\u00e4hrend du unterwegs bist! Wir k\u00f6nnen <strong>15 % Rabatt auf die Kosten f\u00fcr die Gep\u00e4ckaufbewahrung anbieten, die exklusiv f\u00fcr Kunden von Wild Rover Tours angeboten wird<\/strong> <\/p>\n\n<p>Nichts tr\u00fcbt die Freude am Besuch einer neuen Stadt so sehr wie das Herumschleppen deiner schweren, sperrigen Taschen. Wir haben die L\u00f6sung! Gep\u00e4ckaufbewahrungsm\u00f6glichkeiten (24 Stunden am Tag ge\u00f6ffnet) werden vom <g id=\"gid_0\">Abbey Court Hostel<\/g> am Bachelors Walk (neben der O\u2019Connell Bridge) angeboten. Es ist eine gro\u00dfartige, zentrale Lage, nur f\u00fcnf Gehminuten von den Haltestellen des 747 Airlink &amp; Aircoach Flughafen-Shuttlebusses entfernt \u2013 also geh raus und erkunde stressfrei!   <\/p>\n\n<p>Abbey Court Hostel, 29 Bachelors Walk, North City, Dublin, D01 AX90. Tel. (01) 878 0700  <\/p>\n\n<p>Vergiss nicht, dass du einen Online-Rabatt erh\u00e4ltst, wenn du gleichzeitig eine Wild Rover Tours-Tagestour buchst!<\/p>\n","protected":false},"excerpt":{"rendered":"<p>Sonderangebote Wir von Wild Rover Tours m\u00f6chten, dass alle Irland-Besucher die bestm\u00f6gliche Erfahrung machen. Wir garantieren, dass du dich umso mehr in unser einzigartiges Land verlieben wirst, je mehr du siehst. Aus diesem Grund haben wir einige tolle Sonderangebote f\u00fcr unsere preisgekr\u00f6nten Tagesausfl\u00fcge ab Dublin zusammengestellt, von denen du bei deiner Buchung bei uns profitieren &#8230;<\/p>\n<p><a class=\"btn btn-secondary\" href=\"https:\/\/wildrovertours.com\/de\/sonderangebote-fuer-tagesausfluege-ab-dublin\/\">Read More<\/a><\/p>\n","protected":false},"author":1,"featured_media":7114,"parent":0,"menu_order":0,"comment_status":"closed","ping_status":"closed","template":"page-templates\/special-offers.php","meta":{"content-type":"","footnotes":""},"class_list":["post-6835","page","type-page","status-publish","has-post-thumbnail","hentry"],"yoast_head":"<!-- This site is optimized with the Yoast SEO plugin v26.8 - https:\/\/yoast.com\/product\/yoast-seo-wordpress\/ -->\n<title>Sonderangebote f\u00fcr Tagesausfl\u00fcge ab Dublin - Wild Rover Tours<\/title>\n<meta name=\"description\" content=\"Entdecke Sonderangebote und Rabatte auf beliebte Tagestouren ab Dublin sowie Wild Rover Tours-Aktionsangebote. Klicke hier, um unsere neuesten Angebote zu sehen.\" \/>\n<meta name=\"robots\" content=\"index, follow, max-snippet:-1, max-image-preview:large, max-video-preview:-1\" \/>\n<link rel=\"canonical\" href=\"\/\" \/>\n<meta property=\"og:locale\" content=\"de_DE\" \/>\n<meta property=\"og:type\" content=\"article\" \/>\n<meta property=\"og:title\" content=\"Sonderangebote f\u00fcr Tagesausfl\u00fcge ab Dublin - Wild Rover Tours\" \/>\n<meta property=\"og:description\" content=\"Entdecke Sonderangebote und Rabatte auf beliebte Tagestouren ab Dublin sowie Wild Rover Tours-Aktionsangebote. Klicke hier, um unsere neuesten Angebote zu sehen.\" \/>\n<meta property=\"og:url\" content=\"https:\/\/wildrovertours.com\/de\/sonderangebote-fuer-tagesausfluege-ab-dublin\/\" \/>\n<meta property=\"og:site_name\" content=\"Wild Rover Tours\" \/>\n<meta property=\"article:publisher\" content=\"https:\/\/www.facebook.com\/WildRoverDayToursIreland\/\" \/>\n<meta property=\"article:modified_time\" content=\"2025-10-28T22:29:58+00:00\" \/>\n<meta name=\"twitter:card\" content=\"summary_large_image\" \/>\n<meta name=\"twitter:site\" content=\"@WildRoverTours\" \/>\n<script type=\"application\/ld+json\" class=\"yoast-schema-graph\">{\"@context\":\"https:\/\/schema.org\",\"@graph\":[{\"@type\":\"WebPage\",\"@id\":\"https:\/\/wildrovertours.com\/de\/sonderangebote-fuer-tagesausfluege-ab-dublin\/\",\"url\":\"https:\/\/wildrovertours.com\/de\/sonderangebote-fuer-tagesausfluege-ab-dublin\/\",\"name\":\"Sonderangebote f\u00fcr Tagesausfl\u00fcge ab Dublin - Wild Rover Tours\",\"isPartOf\":{\"@id\":\"https:\/\/wildrovertours.com\/de\/#website\"},\"primaryImageOfPage\":{\"@id\":\"https:\/\/wildrovertours.com\/de\/sonderangebote-fuer-tagesausfluege-ab-dublin\/#primaryimage\"},\"image\":{\"@id\":\"https:\/\/wildrovertours.com\/de\/sonderangebote-fuer-tagesausfluege-ab-dublin\/#primaryimage\"},\"thumbnailUrl\":\"https:\/\/wildrovertours.com\/wp-content\/uploads\/2020\/04\/Cliffs-Bunratty-Tour.jpg\",\"datePublished\":\"2020-05-14T13:45:52+00:00\",\"dateModified\":\"2025-10-28T22:29:58+00:00\",\"description\":\"Entdecke Sonderangebote und Rabatte auf beliebte Tagestouren ab Dublin sowie Wild Rover Tours-Aktionsangebote. Klicke hier, um unsere neuesten Angebote zu sehen.\",\"breadcrumb\":{\"@id\":\"https:\/\/wildrovertours.com\/de\/sonderangebote-fuer-tagesausfluege-ab-dublin\/#breadcrumb\"},\"inLanguage\":\"de\",\"potentialAction\":[{\"@type\":\"ReadAction\",\"target\":[\"https:\/\/wildrovertours.com\/de\/sonderangebote-fuer-tagesausfluege-ab-dublin\/\"]}]},{\"@type\":\"ImageObject\",\"inLanguage\":\"de\",\"@id\":\"https:\/\/wildrovertours.com\/de\/sonderangebote-fuer-tagesausfluege-ab-dublin\/#primaryimage\",\"url\":\"https:\/\/wildrovertours.com\/wp-content\/uploads\/2020\/04\/Cliffs-Bunratty-Tour.jpg\",\"contentUrl\":\"https:\/\/wildrovertours.com\/wp-content\/uploads\/2020\/04\/Cliffs-Bunratty-Tour.jpg\",\"width\":1920,\"height\":1080},{\"@type\":\"BreadcrumbList\",\"@id\":\"https:\/\/wildrovertours.com\/de\/sonderangebote-fuer-tagesausfluege-ab-dublin\/#breadcrumb\",\"itemListElement\":[{\"@type\":\"ListItem\",\"position\":1,\"name\":\"Home\",\"item\":\"https:\/\/wildrovertours.com\/de\/\"},{\"@type\":\"ListItem\",\"position\":2,\"name\":\"Sonderangebote f\u00fcr Tagesausfl\u00fcge ab Dublin\"}]},{\"@type\":\"WebSite\",\"@id\":\"https:\/\/wildrovertours.com\/de\/#website\",\"url\":\"https:\/\/wildrovertours.com\/de\/\",\"name\":\"Wild Rover Tours\",\"description\":\"Day trips, activities and multi-day tours in Ireland\",\"publisher\":{\"@id\":\"https:\/\/wildrovertours.com\/de\/#organization\"},\"potentialAction\":[{\"@type\":\"SearchAction\",\"target\":{\"@type\":\"EntryPoint\",\"urlTemplate\":\"https:\/\/wildrovertours.com\/de\/?s={search_term_string}\"},\"query-input\":{\"@type\":\"PropertyValueSpecification\",\"valueRequired\":true,\"valueName\":\"search_term_string\"}}],\"inLanguage\":\"de\"},{\"@type\":\"Organization\",\"@id\":\"https:\/\/wildrovertours.com\/de\/#organization\",\"name\":\"Wild Rover Tours\",\"url\":\"https:\/\/wildrovertours.com\/de\/\",\"logo\":{\"@type\":\"ImageObject\",\"inLanguage\":\"de\",\"@id\":\"https:\/\/wildrovertours.com\/de\/#\/schema\/logo\/image\/\",\"url\":\"https:\/\/wildrovertours.com\/wp-content\/uploads\/2018\/02\/wrt-logo2.jpg\",\"contentUrl\":\"https:\/\/wildrovertours.com\/wp-content\/uploads\/2018\/02\/wrt-logo2.jpg\",\"width\":150,\"height\":150,\"caption\":\"Wild Rover Tours\"},\"image\":{\"@id\":\"https:\/\/wildrovertours.com\/de\/#\/schema\/logo\/image\/\"},\"sameAs\":[\"https:\/\/www.facebook.com\/WildRoverDayToursIreland\/\",\"https:\/\/x.com\/WildRoverTours\",\"https:\/\/www.instagram.com\/wild_rover_tours\/\",\"https:\/\/www.pinterest.ie\/wildrovertours1\/?eq=wildrover&amp;amp;amp;amp;etslf=6690\/\",\"https:\/\/www.youtube.com\/user\/WildRoverDayTours\/?sub_confirmation=1\"]}]}<\/script>\n<!-- \/ Yoast SEO plugin. -->","yoast_head_json":{"title":"Sonderangebote f\u00fcr Tagesausfl\u00fcge ab Dublin - Wild Rover Tours","description":"Entdecke Sonderangebote und Rabatte auf beliebte Tagestouren ab Dublin sowie Wild Rover Tours-Aktionsangebote. Klicke hier, um unsere neuesten Angebote zu sehen.","robots":{"index":"index","follow":"follow","max-snippet":"max-snippet:-1","max-image-preview":"max-image-preview:large","max-video-preview":"max-video-preview:-1"},"canonical":"\/","og_locale":"de_DE","og_type":"article","og_title":"Sonderangebote f\u00fcr Tagesausfl\u00fcge ab Dublin - Wild Rover Tours","og_description":"Entdecke Sonderangebote und Rabatte auf beliebte Tagestouren ab Dublin sowie Wild Rover Tours-Aktionsangebote. Klicke hier, um unsere neuesten Angebote zu sehen.","og_url":"https:\/\/wildrovertours.com\/de\/sonderangebote-fuer-tagesausfluege-ab-dublin\/","og_site_name":"Wild Rover Tours","article_publisher":"https:\/\/www.facebook.com\/WildRoverDayToursIreland\/","article_modified_time":"2025-10-28T22:29:58+00:00","twitter_card":"summary_large_image","twitter_site":"@WildRoverTours","schema":{"@context":"https:\/\/schema.org","@graph":[{"@type":"WebPage","@id":"https:\/\/wildrovertours.com\/de\/sonderangebote-fuer-tagesausfluege-ab-dublin\/","url":"https:\/\/wildrovertours.com\/de\/sonderangebote-fuer-tagesausfluege-ab-dublin\/","name":"Sonderangebote f\u00fcr Tagesausfl\u00fcge ab Dublin - Wild Rover Tours","isPartOf":{"@id":"https:\/\/wildrovertours.com\/de\/#website"},"primaryImageOfPage":{"@id":"https:\/\/wildrovertours.com\/de\/sonderangebote-fuer-tagesausfluege-ab-dublin\/#primaryimage"},"image":{"@id":"https:\/\/wildrovertours.com\/de\/sonderangebote-fuer-tagesausfluege-ab-dublin\/#primaryimage"},"thumbnailUrl":"https:\/\/wildrovertours.com\/wp-content\/uploads\/2020\/04\/Cliffs-Bunratty-Tour.jpg","datePublished":"2020-05-14T13:45:52+00:00","dateModified":"2025-10-28T22:29:58+00:00","description":"Entdecke Sonderangebote und Rabatte auf beliebte Tagestouren ab Dublin sowie Wild Rover Tours-Aktionsangebote. Klicke hier, um unsere neuesten Angebote zu sehen.","breadcrumb":{"@id":"https:\/\/wildrovertours.com\/de\/sonderangebote-fuer-tagesausfluege-ab-dublin\/#breadcrumb"},"inLanguage":"de","potentialAction":[{"@type":"ReadAction","target":["https:\/\/wildrovertours.com\/de\/sonderangebote-fuer-tagesausfluege-ab-dublin\/"]}]},{"@type":"ImageObject","inLanguage":"de","@id":"https:\/\/wildrovertours.com\/de\/sonderangebote-fuer-tagesausfluege-ab-dublin\/#primaryimage","url":"https:\/\/wildrovertours.com\/wp-content\/uploads\/2020\/04\/Cliffs-Bunratty-Tour.jpg","contentUrl":"https:\/\/wildrovertours.com\/wp-content\/uploads\/2020\/04\/Cliffs-Bunratty-Tour.jpg","width":1920,"height":1080},{"@type":"BreadcrumbList","@id":"https:\/\/wildrovertours.com\/de\/sonderangebote-fuer-tagesausfluege-ab-dublin\/#breadcrumb","itemListElement":[{"@type":"ListItem","position":1,"name":"Home","item":"https:\/\/wildrovertours.com\/de\/"},{"@type":"ListItem","position":2,"name":"Sonderangebote f\u00fcr Tagesausfl\u00fcge ab Dublin"}]},{"@type":"WebSite","@id":"https:\/\/wildrovertours.com\/de\/#website","url":"https:\/\/wildrovertours.com\/de\/","name":"Wild Rover Tours","description":"Day trips, activities and multi-day tours in Ireland","publisher":{"@id":"https:\/\/wildrovertours.com\/de\/#organization"},"potentialAction":[{"@type":"SearchAction","target":{"@type":"EntryPoint","urlTemplate":"https:\/\/wildrovertours.com\/de\/?s={search_term_string}"},"query-input":{"@type":"PropertyValueSpecification","valueRequired":true,"valueName":"search_term_string"}}],"inLanguage":"de"},{"@type":"Organization","@id":"https:\/\/wildrovertours.com\/de\/#organization","name":"Wild Rover Tours","url":"https:\/\/wildrovertours.com\/de\/","logo":{"@type":"ImageObject","inLanguage":"de","@id":"https:\/\/wildrovertours.com\/de\/#\/schema\/logo\/image\/","url":"https:\/\/wildrovertours.com\/wp-content\/uploads\/2018\/02\/wrt-logo2.jpg","contentUrl":"https:\/\/wildrovertours.com\/wp-content\/uploads\/2018\/02\/wrt-logo2.jpg","width":150,"height":150,"caption":"Wild Rover Tours"},"image":{"@id":"https:\/\/wildrovertours.com\/de\/#\/schema\/logo\/image\/"},"sameAs":["https:\/\/www.facebook.com\/WildRoverDayToursIreland\/","https:\/\/x.com\/WildRoverTours","https:\/\/www.instagram.com\/wild_rover_tours\/","https:\/\/www.pinterest.ie\/wildrovertours1\/?eq=wildrover&amp;amp;amp;amp;etslf=6690\/","https:\/\/www.youtube.com\/user\/WildRoverDayTours\/?sub_confirmation=1"]}]}},"_links":{"self":[{"href":"https:\/\/wildrovertours.com\/de\/wp-json\/wp\/v2\/pages\/6835","targetHints":{"allow":["GET"]}}],"collection":[{"href":"https:\/\/wildrovertours.com\/de\/wp-json\/wp\/v2\/pages"}],"about":[{"href":"https:\/\/wildrovertours.com\/de\/wp-json\/wp\/v2\/types\/page"}],"author":[{"embeddable":true,"href":"https:\/\/wildrovertours.com\/de\/wp-json\/wp\/v2\/users\/1"}],"replies":[{"embeddable":true,"href":"https:\/\/wildrovertours.com\/de\/wp-json\/wp\/v2\/comments?post=6835"}],"version-history":[{"count":1,"href":"https:\/\/wildrovertours.com\/de\/wp-json\/wp\/v2\/pages\/6835\/revisions"}],"predecessor-version":[{"id":6836,"href":"https:\/\/wildrovertours.com\/de\/wp-json\/wp\/v2\/pages\/6835\/revisions\/6836"}],"wp:featuredmedia":[{"embeddable":true,"href":"https:\/\/wildrovertours.com\/de\/wp-json\/wp\/v2\/media\/7114"}],"wp:attachment":[{"href":"https:\/\/wildrovertours.com\/de\/wp-json\/wp\/v2\/media?parent=6835"}],"curies":[{"name":"wp","href":"https:\/\/api.w.org\/{rel}","templated":true}]}}