{"id":6737,"date":"2022-12-21T09:06:40","date_gmt":"2022-12-21T09:06:40","guid":{"rendered":"https:\/\/wildrovertours.com\/ueber-uns\/"},"modified":"2025-10-15T22:30:05","modified_gmt":"2025-10-15T21:30:05","slug":"ueber-uns","status":"publish","type":"page","link":"https:\/\/wildrovertours.com\/de\/ueber-uns\/","title":{"rendered":"\u00dcber uns"},"content":{"rendered":"\n<p><strong>\u00dcber Wild Rover Tours<\/strong><\/p>\n\n<p>Willkommen bei Wild Rover Tours. Unsere Leidenschaft, Irlands Sch\u00f6nheit und Geschichte zu pr\u00e4sentieren, treibt uns bei allem an, was wir tun. Von unserem Standort in Dublin aus nehmen wir Reisende mit auf unvergessliche Reisen zu den ber\u00fchmtesten Landschaften, pulsierenden St\u00e4dten und versteckten Juwelen des Landes. Egal, ob du Irland zum ersten Mal besuchst oder die Magie des Landes neu entdecken m\u00f6chtest, wir sorgen daf\u00fcr, dass jeder Moment unvergessliche Erinnerungen hinterl\u00e4sst.  <\/p>\n\n<p><strong>Unsere Geschichte<\/strong><br\/>Wild Rover Tours entstand aus einer tiefen Liebe zu Irlands rauen Landschaften und seinem reichen kulturellen Erbe. Unsere Gr\u00fcnder John und Jacqueline Goldrick lie\u00dfen sich von ihren eigenen Reisen und dem Wunsch inspirieren, authentische irische Erlebnisse zu teilen. Sie erkannten die M\u00f6glichkeit, Touren zu entwickeln, die \u00fcber die \u00fcblichen Routen hinausgehen und eine tiefere Verbindung zum Land und seinen Geschichten bieten. <\/p>\n\n<p>Wir wollten dir nicht nur Irland zeigen, sondern dich darin eintauchen lassen. Jede Tour ist sorgf\u00e4ltig zusammengestellt, um atemberaubende Landschaften, historische Einblicke und authentische kulturelle Begegnungen in Einklang zu bringen. <\/p>\n\n<p><strong>Unsere Mission und Kernwerte<br\/>Wir glauben daran, Erlebnisse zu schaffen, die:<\/strong><\/p>\n\n<ul class=\"wp-block-list\">\n<li><strong>Inspirieren und bilden:<\/strong> Jede Tour ist eine Reise durch die Zeit, die Irlands Geschichte, Folklore und Naturwunder zum Leben erweckt.<\/li>\n\n\n\n<li><strong>Exzellenz liefern:<\/strong> Von komfortablen Reisearrangements bis hin zu sachkundigen Reiseleitern UND Fahrern legen wir Wert auf Qualit\u00e4t und Liebe zum Detail.<\/li>\n\n\n\n<li><strong>Nachhaltigkeit f\u00f6rdern:<\/strong> Wir setzen uns f\u00fcr umweltfreundliche Praktiken ein, die Irlands Sch\u00f6nheit f\u00fcr zuk\u00fcnftige Generationen bewahren.<\/li>\n\n\n\n<li><strong>Kundenerlebnis priorisieren:<\/strong> Deine Zufriedenheit hat f\u00fcr uns oberste Priorit\u00e4t \u2013 wir sind bestrebt, deine Erwartungen bei jedem Schritt zu \u00fcbertreffen.<\/li>\n<\/ul>\n\n<p>Unsere Mission ist einfach: Unsere G\u00e4ste durch au\u00dfergew\u00f6hnliche, sinnvolle Reiseerlebnisse mit dem Geist Irlands zu verbinden.<\/p>\n\n<p><strong>TripAdvisor-Auszeichnungen &amp; Anerkennungen<br\/>Wir f\u00fchlen uns geehrt, zahlreiche Auszeichnungen von TripAdvisor erhalten zu haben, die unser Engagement f\u00fcr au\u00dfergew\u00f6hnliche Erlebnisse widerspiegeln:<\/strong><\/p>\n\n<ul class=\"wp-block-list\">\n<li><strong>TripAdvisor Travelers&#8216; Choice Awards:<\/strong> Seit mehreren Jahren in Folge (2013-2024) als f\u00fchrendes Reiseunternehmen in Irland ausgezeichnet<\/li>\n\n\n\n<li>Unter den <strong>Top 20 Aktivit\u00e4ten in Nordeuropa<\/strong> gelistet und weltweit f\u00fcr Exzellenz anerkannt.<\/li>\n<\/ul>\n\n<p><strong>Unsere preisgekr\u00f6nten Touren<br\/>Wir sind stolz darauf, eine Reihe von preisgekr\u00f6nten Tagestouren anzubieten, die jeweils darauf ausgelegt sind, ein reichhaltiges und ansprechendes Erlebnis zu bieten:<\/strong><\/p>\n\n<ul class=\"wp-block-list\">\n<li><strong>Cliffs of Moher, Ennis Town &amp; Bunratty Castle Day Tour:<\/strong> Entdecke Irlands dramatische K\u00fcste, erkunde die charmanten Stra\u00dfen von Ennis und reise zur\u00fcck in die Vergangenheit im Bunratty Castle.<\/li>\n\n\n\n<li><strong>Cliffs of Moher, Atlantic Edge Ocean Walk &amp; Galway City:<\/strong> Erlebe die wilde Sch\u00f6nheit der Atlantikk\u00fcste und die pulsierende Kultur von Galway.<\/li>\n\n\n\n<li><strong>Kilkenny, Wicklow Mountains &amp; Glendalough:<\/strong> Wandere durch mittelalterliche Stra\u00dfen, bestaune die Aussicht auf die Berge und finde Ruhe in der alten Klostersiedlung Glendalough.<\/li>\n\n\n\n<li><strong>Giant\u2019s Causeway &amp; Belfast City:<\/strong> Erkunde die jenseitigen Felsformationen des Giant\u2019s Causeway und tauche ein in die reiche Geschichte von Belfast <\/li>\n\n\n\n<li><strong>Aufregende neue Touren in K\u00fcrze:<\/strong> Wir entwickeln eine brandneue Nordirland-Tour mit einer gef\u00fchrten Wanderung durch Belfast sowie Freizeit, um die pulsierenden Angebote der Stadt auf eigene Faust zu erkunden. Bleib dran f\u00fcr weitere Updates! <\/li>\n<\/ul>\n\n<p><strong>Begleite uns auf deinem irischen Abenteuer<br\/>Entdecke die Magie Irlands mit Wild Rover Tours. Egal, ob du dich von Geschichte, Natur oder einfach nur von der Liebe zum Reisen angezogen f\u00fchlst, wir laden dich ein, mit uns auf eine Reise zu gehen, die \u00fcber das Sightseeing hinausgeht \u2013 und Verbindungen schafft, die ein Leben lang halten.<\/strong> <\/p>\n\n<p><strong>Kontaktiere uns:<\/strong><\/p>\n\n<ul class=\"wp-block-list\">\n<li><strong>E-Mail:<\/strong> info@wildrovertours.com<\/li>\n\n\n\n<li><strong>Telefon:<\/strong><br\/>Irland: +353 1 284 5560 <br\/>USA: +1 845 444 1218<br\/>UK: +44 2038 686 779<\/li>\n<\/ul>\n\n<p>Wir freuen uns darauf, dich an Bord begr\u00fc\u00dfen zu d\u00fcrfen und Irlands Wunder mit dir zu teilen.<\/p>\n\n<hr class=\"wp-block-separator has-css-opacity my-5\"\/>\n\n<div class=\"wp-block-columns is-layout-flex wp-container-core-columns-is-layout-9d6595d7 wp-block-columns-is-layout-flex\"><\/div>\n","protected":false},"excerpt":{"rendered":"<p>\u00dcber Wild Rover Tours Willkommen bei Wild Rover Tours. Unsere Leidenschaft, Irlands Sch\u00f6nheit und Geschichte zu pr\u00e4sentieren, treibt uns bei allem an, was wir tun. Von unserem Standort in Dublin aus nehmen wir Reisende mit auf unvergessliche Reisen zu den ber\u00fchmtesten Landschaften, pulsierenden St\u00e4dten und versteckten Juwelen des Landes. Egal, ob du Irland zum ersten &#8230;<\/p>\n<p><a class=\"btn btn-secondary\" href=\"https:\/\/wildrovertours.com\/de\/ueber-uns\/\">Read More<\/a><\/p>\n","protected":false},"author":4,"featured_media":7430,"parent":0,"menu_order":0,"comment_status":"closed","ping_status":"closed","template":"","meta":{"content-type":"","footnotes":""},"class_list":["post-6737","page","type-page","status-publish","has-post-thumbnail","hentry"],"yoast_head":"<!-- This site is optimized with the Yoast SEO plugin v26.8 - https:\/\/yoast.com\/product\/yoast-seo-wordpress\/ -->\n<title>\u00dcber uns - Wild Rover Tours<\/title>\n<meta name=\"description\" content=\"Unser in Dublin ans\u00e4ssiges Familienunternehmen hat es sich zur Aufgabe gemacht, qualitativ hochwertige Tagestouren durch Irland anzubieten. Erfahre mehr \u00fcber uns.\" \/>\n<meta name=\"robots\" content=\"index, follow, max-snippet:-1, max-image-preview:large, max-video-preview:-1\" \/>\n<link rel=\"canonical\" href=\"\/\" \/>\n<meta property=\"og:locale\" content=\"de_DE\" \/>\n<meta property=\"og:type\" content=\"article\" \/>\n<meta property=\"og:title\" content=\"\u00dcber uns - Wild Rover Tours\" \/>\n<meta property=\"og:description\" content=\"Unser in Dublin ans\u00e4ssiges Familienunternehmen hat es sich zur Aufgabe gemacht, qualitativ hochwertige Tagestouren durch Irland anzubieten. Erfahre mehr \u00fcber uns.\" \/>\n<meta property=\"og:url\" content=\"https:\/\/wildrovertours.com\/de\/ueber-uns\/\" \/>\n<meta property=\"og:site_name\" content=\"Wild Rover Tours\" \/>\n<meta property=\"article:publisher\" content=\"https:\/\/www.facebook.com\/WildRoverDayToursIreland\/\" \/>\n<meta property=\"article:modified_time\" content=\"2025-10-15T21:30:05+00:00\" \/>\n<meta property=\"og:image\" content=\"https:\/\/wildrovertours.com\/wp-content\/uploads\/2018\/04\/WRT-bus-1.jpg\" \/>\n\t<meta property=\"og:image:width\" content=\"1920\" \/>\n\t<meta property=\"og:image:height\" content=\"651\" \/>\n\t<meta property=\"og:image:type\" content=\"image\/jpeg\" \/>\n<meta name=\"twitter:card\" content=\"summary_large_image\" \/>\n<meta name=\"twitter:site\" content=\"@WildRoverTours\" \/>\n<script type=\"application\/ld+json\" class=\"yoast-schema-graph\">{\"@context\":\"https:\/\/schema.org\",\"@graph\":[{\"@type\":\"WebPage\",\"@id\":\"https:\/\/wildrovertours.com\/de\/ueber-uns\/\",\"url\":\"https:\/\/wildrovertours.com\/de\/ueber-uns\/\",\"name\":\"\u00dcber uns - Wild Rover Tours\",\"isPartOf\":{\"@id\":\"https:\/\/wildrovertours.com\/de\/#website\"},\"primaryImageOfPage\":{\"@id\":\"https:\/\/wildrovertours.com\/de\/ueber-uns\/#primaryimage\"},\"image\":{\"@id\":\"https:\/\/wildrovertours.com\/de\/ueber-uns\/#primaryimage\"},\"thumbnailUrl\":\"https:\/\/wildrovertours.com\/wp-content\/uploads\/2025\/12\/Bus-in-mountainshero.jpg\",\"datePublished\":\"2022-12-21T09:06:40+00:00\",\"dateModified\":\"2025-10-15T21:30:05+00:00\",\"description\":\"Unser in Dublin ans\u00e4ssiges Familienunternehmen hat es sich zur Aufgabe gemacht, qualitativ hochwertige Tagestouren durch Irland anzubieten. Erfahre mehr \u00fcber uns.\",\"breadcrumb\":{\"@id\":\"https:\/\/wildrovertours.com\/de\/ueber-uns\/#breadcrumb\"},\"inLanguage\":\"de\",\"potentialAction\":[{\"@type\":\"ReadAction\",\"target\":[\"https:\/\/wildrovertours.com\/de\/ueber-uns\/\"]}]},{\"@type\":\"ImageObject\",\"inLanguage\":\"de\",\"@id\":\"https:\/\/wildrovertours.com\/de\/ueber-uns\/#primaryimage\",\"url\":\"https:\/\/wildrovertours.com\/wp-content\/uploads\/2025\/12\/Bus-in-mountainshero.jpg\",\"contentUrl\":\"https:\/\/wildrovertours.com\/wp-content\/uploads\/2025\/12\/Bus-in-mountainshero.jpg\",\"width\":2000,\"height\":1141},{\"@type\":\"BreadcrumbList\",\"@id\":\"https:\/\/wildrovertours.com\/de\/ueber-uns\/#breadcrumb\",\"itemListElement\":[{\"@type\":\"ListItem\",\"position\":1,\"name\":\"Home\",\"item\":\"https:\/\/wildrovertours.com\/de\/\"},{\"@type\":\"ListItem\",\"position\":2,\"name\":\"\u00dcber uns\"}]},{\"@type\":\"WebSite\",\"@id\":\"https:\/\/wildrovertours.com\/de\/#website\",\"url\":\"https:\/\/wildrovertours.com\/de\/\",\"name\":\"Wild Rover Tours\",\"description\":\"Day trips, activities and multi-day tours in Ireland\",\"publisher\":{\"@id\":\"https:\/\/wildrovertours.com\/de\/#organization\"},\"potentialAction\":[{\"@type\":\"SearchAction\",\"target\":{\"@type\":\"EntryPoint\",\"urlTemplate\":\"https:\/\/wildrovertours.com\/de\/?s={search_term_string}\"},\"query-input\":{\"@type\":\"PropertyValueSpecification\",\"valueRequired\":true,\"valueName\":\"search_term_string\"}}],\"inLanguage\":\"de\"},{\"@type\":\"Organization\",\"@id\":\"https:\/\/wildrovertours.com\/de\/#organization\",\"name\":\"Wild Rover Tours\",\"url\":\"https:\/\/wildrovertours.com\/de\/\",\"logo\":{\"@type\":\"ImageObject\",\"inLanguage\":\"de\",\"@id\":\"https:\/\/wildrovertours.com\/de\/#\/schema\/logo\/image\/\",\"url\":\"https:\/\/wildrovertours.com\/wp-content\/uploads\/2018\/02\/wrt-logo2.jpg\",\"contentUrl\":\"https:\/\/wildrovertours.com\/wp-content\/uploads\/2018\/02\/wrt-logo2.jpg\",\"width\":150,\"height\":150,\"caption\":\"Wild Rover Tours\"},\"image\":{\"@id\":\"https:\/\/wildrovertours.com\/de\/#\/schema\/logo\/image\/\"},\"sameAs\":[\"https:\/\/www.facebook.com\/WildRoverDayToursIreland\/\",\"https:\/\/x.com\/WildRoverTours\",\"https:\/\/www.instagram.com\/wild_rover_tours\/\",\"https:\/\/www.pinterest.ie\/wildrovertours1\/?eq=wildrover&amp;amp;amp;amp;etslf=6690\/\",\"https:\/\/www.youtube.com\/user\/WildRoverDayTours\/?sub_confirmation=1\"]}]}<\/script>\n<!-- \/ Yoast SEO plugin. -->","yoast_head_json":{"title":"\u00dcber uns - Wild Rover Tours","description":"Unser in Dublin ans\u00e4ssiges Familienunternehmen hat es sich zur Aufgabe gemacht, qualitativ hochwertige Tagestouren durch Irland anzubieten. Erfahre mehr \u00fcber uns.","robots":{"index":"index","follow":"follow","max-snippet":"max-snippet:-1","max-image-preview":"max-image-preview:large","max-video-preview":"max-video-preview:-1"},"canonical":"\/","og_locale":"de_DE","og_type":"article","og_title":"\u00dcber uns - Wild Rover Tours","og_description":"Unser in Dublin ans\u00e4ssiges Familienunternehmen hat es sich zur Aufgabe gemacht, qualitativ hochwertige Tagestouren durch Irland anzubieten. Erfahre mehr \u00fcber uns.","og_url":"https:\/\/wildrovertours.com\/de\/ueber-uns\/","og_site_name":"Wild Rover Tours","article_publisher":"https:\/\/www.facebook.com\/WildRoverDayToursIreland\/","article_modified_time":"2025-10-15T21:30:05+00:00","og_image":[{"width":1920,"height":651,"url":"https:\/\/wildrovertours.com\/wp-content\/uploads\/2018\/04\/WRT-bus-1.jpg","type":"image\/jpeg"}],"twitter_card":"summary_large_image","twitter_site":"@WildRoverTours","schema":{"@context":"https:\/\/schema.org","@graph":[{"@type":"WebPage","@id":"https:\/\/wildrovertours.com\/de\/ueber-uns\/","url":"https:\/\/wildrovertours.com\/de\/ueber-uns\/","name":"\u00dcber uns - Wild Rover Tours","isPartOf":{"@id":"https:\/\/wildrovertours.com\/de\/#website"},"primaryImageOfPage":{"@id":"https:\/\/wildrovertours.com\/de\/ueber-uns\/#primaryimage"},"image":{"@id":"https:\/\/wildrovertours.com\/de\/ueber-uns\/#primaryimage"},"thumbnailUrl":"https:\/\/wildrovertours.com\/wp-content\/uploads\/2025\/12\/Bus-in-mountainshero.jpg","datePublished":"2022-12-21T09:06:40+00:00","dateModified":"2025-10-15T21:30:05+00:00","description":"Unser in Dublin ans\u00e4ssiges Familienunternehmen hat es sich zur Aufgabe gemacht, qualitativ hochwertige Tagestouren durch Irland anzubieten. Erfahre mehr \u00fcber uns.","breadcrumb":{"@id":"https:\/\/wildrovertours.com\/de\/ueber-uns\/#breadcrumb"},"inLanguage":"de","potentialAction":[{"@type":"ReadAction","target":["https:\/\/wildrovertours.com\/de\/ueber-uns\/"]}]},{"@type":"ImageObject","inLanguage":"de","@id":"https:\/\/wildrovertours.com\/de\/ueber-uns\/#primaryimage","url":"https:\/\/wildrovertours.com\/wp-content\/uploads\/2025\/12\/Bus-in-mountainshero.jpg","contentUrl":"https:\/\/wildrovertours.com\/wp-content\/uploads\/2025\/12\/Bus-in-mountainshero.jpg","width":2000,"height":1141},{"@type":"BreadcrumbList","@id":"https:\/\/wildrovertours.com\/de\/ueber-uns\/#breadcrumb","itemListElement":[{"@type":"ListItem","position":1,"name":"Home","item":"https:\/\/wildrovertours.com\/de\/"},{"@type":"ListItem","position":2,"name":"\u00dcber uns"}]},{"@type":"WebSite","@id":"https:\/\/wildrovertours.com\/de\/#website","url":"https:\/\/wildrovertours.com\/de\/","name":"Wild Rover Tours","description":"Day trips, activities and multi-day tours in Ireland","publisher":{"@id":"https:\/\/wildrovertours.com\/de\/#organization"},"potentialAction":[{"@type":"SearchAction","target":{"@type":"EntryPoint","urlTemplate":"https:\/\/wildrovertours.com\/de\/?s={search_term_string}"},"query-input":{"@type":"PropertyValueSpecification","valueRequired":true,"valueName":"search_term_string"}}],"inLanguage":"de"},{"@type":"Organization","@id":"https:\/\/wildrovertours.com\/de\/#organization","name":"Wild Rover Tours","url":"https:\/\/wildrovertours.com\/de\/","logo":{"@type":"ImageObject","inLanguage":"de","@id":"https:\/\/wildrovertours.com\/de\/#\/schema\/logo\/image\/","url":"https:\/\/wildrovertours.com\/wp-content\/uploads\/2018\/02\/wrt-logo2.jpg","contentUrl":"https:\/\/wildrovertours.com\/wp-content\/uploads\/2018\/02\/wrt-logo2.jpg","width":150,"height":150,"caption":"Wild Rover Tours"},"image":{"@id":"https:\/\/wildrovertours.com\/de\/#\/schema\/logo\/image\/"},"sameAs":["https:\/\/www.facebook.com\/WildRoverDayToursIreland\/","https:\/\/x.com\/WildRoverTours","https:\/\/www.instagram.com\/wild_rover_tours\/","https:\/\/www.pinterest.ie\/wildrovertours1\/?eq=wildrover&amp;amp;amp;amp;etslf=6690\/","https:\/\/www.youtube.com\/user\/WildRoverDayTours\/?sub_confirmation=1"]}]}},"_links":{"self":[{"href":"https:\/\/wildrovertours.com\/de\/wp-json\/wp\/v2\/pages\/6737","targetHints":{"allow":["GET"]}}],"collection":[{"href":"https:\/\/wildrovertours.com\/de\/wp-json\/wp\/v2\/pages"}],"about":[{"href":"https:\/\/wildrovertours.com\/de\/wp-json\/wp\/v2\/types\/page"}],"author":[{"embeddable":true,"href":"https:\/\/wildrovertours.com\/de\/wp-json\/wp\/v2\/users\/4"}],"replies":[{"embeddable":true,"href":"https:\/\/wildrovertours.com\/de\/wp-json\/wp\/v2\/comments?post=6737"}],"version-history":[{"count":1,"href":"https:\/\/wildrovertours.com\/de\/wp-json\/wp\/v2\/pages\/6737\/revisions"}],"predecessor-version":[{"id":6747,"href":"https:\/\/wildrovertours.com\/de\/wp-json\/wp\/v2\/pages\/6737\/revisions\/6747"}],"wp:featuredmedia":[{"embeddable":true,"href":"https:\/\/wildrovertours.com\/de\/wp-json\/wp\/v2\/media\/7430"}],"wp:attachment":[{"href":"https:\/\/wildrovertours.com\/de\/wp-json\/wp\/v2\/media?parent=6737"}],"curies":[{"name":"wp","href":"https:\/\/api.w.org\/{rel}","templated":true}]}}